{"id":674,"date":"2021-10-31T00:20:56","date_gmt":"2021-10-31T00:20:56","guid":{"rendered":"https:\/\/kkp.uni-ak.ac.at\/?page_id=674"},"modified":"2026-04-01T13:35:17","modified_gmt":"2026-04-01T13:35:17","slug":"kontakt","status":"publish","type":"page","link":"https:\/\/kkp.uni-ak.ac.at\/en\/kontakt\/","title":{"rendered":"Contact"},"content":{"rendered":"<div class=\"wp-block-columns is-layout-flex wp-container-core-columns-is-layout-9d6595d7 wp-block-columns-is-layout-flex\">\n<div class=\"wp-block-column is-layout-flow wp-block-column-is-layout-flow\" style=\"flex-basis:10%\">\n<h2 class=\"wp-block-heading\">B\u00fcro<\/h2>\n<\/div>\n\n\n\n<div class=\"wp-block-column is-layout-flow wp-block-column-is-layout-flow\">\n<p><\/p>\n\n\n\n<h2 class=\"wp-block-heading\">Alexandra Frank<\/h2>\n\n\n\n<p>Art and Communication Practices<br>Universit\u00e4t f\u00fcr angewandte Kunst Wien<br>Vordere Zollamtsstra\u00dfe 7<br>1030 WIEN<\/p>\n\n\n\n<p><a href=\"mailto:kkp@uni-ak.ac.at\">kkp@uni-ak.ac.at<\/a><br>+43 71133-2701<\/p>\n<\/div>\n<\/div>\n\n\n\n<div class=\"wp-block-columns is-layout-flex wp-container-core-columns-is-layout-9d6595d7 wp-block-columns-is-layout-flex\">\n<div class=\"wp-block-column is-layout-flow wp-block-column-is-layout-flow\" style=\"flex-basis:33.33%\">\n<h2 class=\"wp-block-heading\">Sprechstunden<\/h2>\n\n\n\n<div class=\"wp-block-columns is-layout-flex wp-container-core-columns-is-layout-9d6595d7 wp-block-columns-is-layout-flex\">\n<div class=\"wp-block-column is-layout-flow wp-block-column-is-layout-flow\"><\/div>\n\n\n\n<div class=\"wp-block-column is-layout-flow wp-block-column-is-layout-flow\"><\/div>\n<\/div>\n<\/div>\n\n\n\n<div class=\"wp-block-column is-layout-flow wp-block-column-is-layout-flow\" style=\"flex-basis:66.66%\">\n<p><\/p>\n\n\n\n<p><strong>Annette Krauss \/ Sofia Bempeza<\/strong><br>Tuesday, 15 \u2013 16 pm, KKP B\u00fcro 2nd floor<br><br><strong>Studienassistenz Connie + Valentina: <\/strong><br>Nach Vereinbarung:\u00a0<br><a href=\"mailto:ucornelia.feitsinger@uni-ak.ac.at\">cornelia.feitsinger@uni-ak.ac.at<\/a>\u00a0<br><a href=\"mailto:valentina.santner@student.uni-ak.ac.at\">valentina.santner@student.uni-ak.ac.at<\/a>\u00a0<br>und vor Ort am Mittwoch, im 3. Stock Studio Praxistest<\/p>\n<\/div>\n<\/div>\n\n\n\n<p>The Department of Art and Communication Practices is part of the <br><a href=\"https:\/\/www.dieangewandte.at\/institute\/kunstwissenschaften_kunstpaedagogik_und_kunstvermittlung\/institut_fuer_kunstwissenschaften_kunstpaedagogik_und_kunstvermittlung\">Institute of Studies in Art and Art Education<\/a><\/p>\n\n\n\n<hr class=\"wp-block-separator has-css-opacity\"\/>","protected":false},"excerpt":{"rendered":"<p>B\u00fcro Alexandra Frank Kunst und kommunikative PraxisUniversit\u00e4t f\u00fcr angewandte Kunst WienVordere Zollamtsstra\u00dfe 71030 WIEN kkp@uni-ak.ac.at+43 71133-2701 Sprechstunden Annette Krauss \/ Sofia BempezaDienstag, 15 \u2013 16 Uhr, KKP B\u00fcro 2. OG Studienassistenz Connie + Valentina: Nach Vereinbarung:\u00a0cornelia.feitsinger@uni-ak.ac.at\u00a0valentina.santner@student.uni-ak.ac.at\u00a0und vor Ort am Mittwoch, im 3. Stock Studio Praxistest Die Abteilung Kunst und kommunikative Praxis ist Teil des Instituts &hellip; <\/p>\n<p class=\"link-more\"><a href=\"https:\/\/kkp.uni-ak.ac.at\/en\/kontakt\/\" class=\"more-link\">Continue reading<span class=\"screen-reader-text\"> &#8222;Kontakt&#8220;<\/span><\/a><\/p>","protected":false},"author":1,"featured_media":0,"parent":0,"menu_order":0,"comment_status":"closed","ping_status":"closed","template":"","meta":{"inline_featured_image":false,"footnotes":""},"class_list":["post-674","page","type-page","status-publish","hentry"],"_links":{"self":[{"href":"https:\/\/kkp.uni-ak.ac.at\/en\/wp-json\/wp\/v2\/pages\/674","targetHints":{"allow":["GET"]}}],"collection":[{"href":"https:\/\/kkp.uni-ak.ac.at\/en\/wp-json\/wp\/v2\/pages"}],"about":[{"href":"https:\/\/kkp.uni-ak.ac.at\/en\/wp-json\/wp\/v2\/types\/page"}],"author":[{"embeddable":true,"href":"https:\/\/kkp.uni-ak.ac.at\/en\/wp-json\/wp\/v2\/users\/1"}],"replies":[{"embeddable":true,"href":"https:\/\/kkp.uni-ak.ac.at\/en\/wp-json\/wp\/v2\/comments?post=674"}],"version-history":[{"count":39,"href":"https:\/\/kkp.uni-ak.ac.at\/en\/wp-json\/wp\/v2\/pages\/674\/revisions"}],"predecessor-version":[{"id":3739,"href":"https:\/\/kkp.uni-ak.ac.at\/en\/wp-json\/wp\/v2\/pages\/674\/revisions\/3739"}],"wp:attachment":[{"href":"https:\/\/kkp.uni-ak.ac.at\/en\/wp-json\/wp\/v2\/media?parent=674"}],"curies":[{"name":"wp","href":"https:\/\/api.w.org\/{rel}","templated":true}]}}