{"id":664,"date":"2021-10-31T00:17:56","date_gmt":"2021-10-31T00:17:56","guid":{"rendered":"https:\/\/kkp.uni-ak.ac.at\/?page_id=664"},"modified":"2026-04-21T08:11:43","modified_gmt":"2026-04-21T08:11:43","slug":"archiv","status":"publish","type":"page","link":"https:\/\/kkp.uni-ak.ac.at\/en\/archiv\/","title":{"rendered":"Program"},"content":{"rendered":"<h2 class=\"wp-block-heading\"><strong>Art Education<\/strong><\/h2>\n\n\n\n<strong>School Class Art and Design | Bachelor (BA) 8 Semester \/ Master (MA) 4 Semester<\/strong>\n\n\n\n<p><\/p>\n\n\n\n<h2 class=\"wp-block-heading\">The University of Applied Arts Vienna offers two subjects for teaching in secondary schools (levels I and II), tertiary education, and other professional fields. Both subjects (1. Art and Communicative Practice \/ UF Art and Design, 2. Design, Material Culture, and Experimental Practice \/ UF Technology and Design) are based on artistic processes and teaching approaches \u2013 their core consists of artistic, media- and technology-related, creative, and educational practices. These artistic-educational approaches, ways of thinking and acting are interwoven with scientific methods in the course of study \u2013 with the two subjects focusing on different aspects of cultural activity. When the curriculum refers to \u201cart\/artistic practices,\u201d this encompasses the entire spectrum of fine and applied arts (including architecture, design, fashion) as well as the broad field of visual\/digital cultures.<\/h2>\n\n\n\n<h2 class=\"wp-block-heading\"><strong>The study program consits of<\/strong><br>\u2022 artistic practice \u2022 scientific practice \u2022 didactics of Art \u2022 education studies \u2022 school training<\/h2>\n\n\n\n<h2 class=\"wp-block-heading\"><strong>Informations, documents, links<\/strong><\/h2>\n\n\n\n<h3 class=\"wp-block-heading has-text-align-center\"><a href=\"https:\/\/kkp.uni-ak.ac.at\/en\/zulassung\/\" data-type=\"link\" data-id=\"https:\/\/kkp.uni-ak.ac.at\/zulassung\/\" target=\"_blank\" rel=\"noreferrer noopener\">Admission<\/a><\/h3>\n\n\n\n<h2 class=\"wp-block-heading has-text-align-left\">CURRENT SEMESTER<\/h2>\n\n\n\n<h3 class=\"wp-block-heading has-text-align-center\"><a href=\"https:\/\/kkp.uni-ak.ac.at\/en\/termine\/\" data-type=\"link\" data-id=\"https:\/\/kkp.uni-ak.ac.at\/termine\/\" target=\"_blank\" rel=\"noreferrer noopener\">Appointments SOSE 2026<\/a><br><a href=\"https:\/\/base.uni-ak.ac.at\/courses\/?search-string=&amp;select-semester=&amp;select-institute=&amp;select-organizationunit=1195&amp;select-studyplan=\" target=\"_blank\" rel=\"noreferrer noopener\">Classes -  base online directory<\/a><br><a href=\"https:\/\/kkp.uni-ak.ac.at\/wp-content\/uploads\/2026\/02\/SPH-2026S.pdf\" target=\"_blank\" rel=\"noreferrer noopener\">booklet semester program SOSE 2026<\/a><br><a href=\"https:\/\/kkp.uni-ak.ac.at\/en\/fotografie-und-videoverleih-studio\/\" data-type=\"link\" data-id=\"https:\/\/kkp.uni-ak.ac.at\/fotografie-und-videoverleih-studio\/\" target=\"_blank\" rel=\"noreferrer noopener\">Photography - and video rental + studio booking<\/a><br><\/h3>\n\n\n\n<h2 class=\"wp-block-heading has-text-align-left\">INFORMATION &amp; DOCUMENTS FOR STUDENTS<\/h2>\n\n\n\n<h3 class=\"wp-block-heading has-text-align-center\"><a href=\"https:\/\/kkp.uni-ak.ac.at\/wp-content\/uploads\/2024\/10\/067_2016U_BA.pdf\" target=\"_blank\" rel=\"noreferrer noopener\">Curriculum \/ Studienplan<\/a><br><a href=\"https:\/\/kkp.uni-ak.ac.at\/wp-content\/uploads\/2025\/10\/Checkliste_Bachelor_FIN.pdf\" target=\"_blank\" rel=\"noreferrer noopener\">Checkliste Bachelor <\/a>+ <a href=\"https:\/\/kkp.uni-ak.ac.at\/wp-content\/uploads\/2023\/03\/Leitfaden_BA_Lehramt.pdf\" data-type=\"URL\" data-id=\"https:\/\/kkp.uni-ak.ac.at\/wp-content\/uploads\/2023\/03\/Leitfaden_BA_Lehramt.pdf\" target=\"_blank\" rel=\"noreferrer noopener\">Guide bachelor degree<\/a><br><a href=\"https:\/\/kkp.uni-ak.ac.at\/wp-content\/uploads\/2025\/10\/Leitfaden_Masterabschluss_02.pdf\" data-type=\"link\" data-id=\"https:\/\/kkp.uni-ak.ac.at\/wp-content\/uploads\/2025\/10\/Leitfaden_Masterabschluss_02.pdf\" target=\"_blank\" rel=\"noreferrer noopener\">Guide master degree<\/a><br><a href=\"https:\/\/kkp.uni-ak.ac.at\/wp-content\/uploads\/2024\/10\/PORTFOLIO-LEITFADEN_2023.pdf\" data-type=\"URL\" data-id=\"https:\/\/kkp.uni-ak.ac.at\/wp-content\/uploads\/2023\/03\/PORTFOLIO_202101.pdf\" target=\"_blank\" rel=\"noreferrer noopener\">Introduction to portfolio work<\/a><\/h3>\n\n\n\n<h2 class=\"wp-block-heading has-text-align-left\">SEE ALSO<\/h2>\n\n\n\n<h3 class=\"wp-block-heading has-text-align-center\"><a href=\"https:\/\/www.dieangewandte.at\/lehramt\" data-type=\"link\" data-id=\"https:\/\/www.dieangewandte.at\/lehramt\" target=\"_blank\" rel=\"noreferrer noopener\">Angewandte Website Art Education<\/a><br><a href=\"https:\/\/dex-kkp-uni-ak.at\/studium\/\" data-type=\"link\" data-id=\"https:\/\/dex-kkp-uni-ak.at\/studium\/\" target=\"_blank\" rel=\"noreferrer noopener\">Website DEX KKP<\/a><br><a href=\"http:\/\/www.fachdidaktik.or.at\/zentrum\/\" data-type=\"link\" data-id=\"http:\/\/www.fachdidaktik.or.at\/zentrum\/\" target=\"_blank\" rel=\"noreferrer noopener\">Website Center for Didactics of Art and Interdisciplinary Education<\/a><br><a href=\"https:\/\/www.dieangewandte.at\/aktuell\/aktuell_detail?artikel_id=1746672144100\" data-type=\"link\" data-id=\"https:\/\/www.dieangewandte.at\/aktuell\/aktuell_detail?artikel_id=1746672144100\">ALA (Angewandte Lehramt Alumni) Netzwerk<\/a> <br><a href=\"https:\/\/www.dieangewandte.at\/gleichbehandlung\" target=\"_blank\" rel=\"noreferrer noopener\">Equal Opportunities Working Group<\/a><\/h3>\n\n\n\n<h2 class=\"wp-block-heading has-text-align-left\">DIPLOMA PROJECTS<\/h2>\n\n\n\n<h3 class=\"wp-block-heading has-text-align-center\"><a href=\"https:\/\/aaa.dieangewandte.at\/abschlussarbeiten\">https:\/\/aaa.dieangewandte.at\/abschlussarbeiten<\/a><\/h3>\n\n\n\n<h2 class=\"wp-block-heading has-text-align-left\">ARCHIVE - BOOKLET SEMSTER PROGRAM<\/h2>\n\n\n\n<p class=\"has-text-align-center\"><a href=\"https:\/\/kkp.uni-ak.ac.at\/wp-content\/uploads\/2025\/08\/Semesterprogrammheft_W2025.pdf\" target=\"_blank\" rel=\"noreferrer noopener\">Wintersemester 2025\/26<\/a><br><a href=\"https:\/\/kkp.uni-ak.ac.at\/wp-content\/uploads\/2025\/03\/Semesterprogrammheft_SoSe_2025.pdf\" target=\"_blank\" rel=\"noreferrer noopener\">Sommersemester 2025<\/a><br><a href=\"https:\/\/kkp.uni-ak.ac.at\/wp-content\/uploads\/2024\/09\/0_2024W_KKP-Semesterprogrammheft-1.pdf\" target=\"_blank\" rel=\"noreferrer noopener\">Wintersemester 2024\/25<\/a><br><a href=\"https:\/\/kkp.uni-ak.ac.at\/wp-content\/uploads\/2024\/03\/2024S_KKP-1.pdf\" target=\"_blank\" rel=\"noreferrer noopener\">Sommersemester 2024<\/a><br><a href=\"https:\/\/kkp.uni-ak.ac.at\/wp-content\/uploads\/2023\/09\/KKP-Semesterprogrammheft-2023W_final.pdf\" target=\"_blank\" rel=\"noreferrer noopener\">Wintersemester 2023\/24<\/a><br><a href=\"https:\/\/kkp.uni-ak.ac.at\/wp-content\/uploads\/2023\/03\/KKP_SS23.pdf\" target=\"_blank\" rel=\"noreferrer noopener\">Sommersemester 2023<\/a><br><a href=\"https:\/\/kkp.uni-ak.ac.at\/wp-content\/uploads\/2022\/09\/kkp_Heft_WS22.pdf\" target=\"_blank\" rel=\"noreferrer noopener\">Wintersemester 2022\/23<\/a><br><a href=\"https:\/\/kkp.uni-ak.ac.at\/wp-content\/uploads\/2022\/02\/Semesterheft_kkp_SS22.pdf\" target=\"_blank\" rel=\"noreferrer noopener\">Sommersemester 2022<\/a><br><a href=\"https:\/\/kkp.uni-ak.ac.at\/wp-content\/uploads\/2022\/01\/SKM_51_VZA722011208520.pdf\" target=\"_blank\" rel=\"noreferrer noopener\">Wintersemester 2021\/22<\/a><br><a href=\"https:\/\/kkp.uni-ak.ac.at\/wp-content\/uploads\/2022\/01\/kkp_ss21.pdf\" target=\"_blank\" rel=\"noreferrer noopener\">Sommersemester 2021<\/a><br><a href=\"https:\/\/kkp.uni-ak.ac.at\/wp-content\/uploads\/2022\/01\/kkp_20_21-1.pdf\" target=\"_blank\" rel=\"noreferrer noopener\">Wintersemester 2020\/21<\/a><br><\/p>\n\n\n\n<p class=\"has-text-align-center\"><br><\/p>\n\n\n\n<hr class=\"wp-block-separator has-alpha-channel-opacity\"\/>","protected":false},"excerpt":{"rendered":"<p>K\u00fcnstlerisches Lehramt Unterrichtsfach Kunst und Gestaltung | Bachelorstudium (BA) 8 Semester \/ Masterstudium (MA) 4 Semester Die Universit\u00e4t f\u00fcr angewandte Kunst Wien bietet zwei Studienf\u00e4cher f\u00fcr das Lehramt in den Sekundarstufen I und II, f\u00fcr terti\u00e4re Bildungsbereiche und f\u00fcr weitere professionelle Felder an. Beide Studienf\u00e4cher (1. Kunst und kommunikative Praxis \/ UF Kunst und Gestaltung, &hellip; <\/p>\n<p class=\"link-more\"><a href=\"https:\/\/kkp.uni-ak.ac.at\/en\/archiv\/\" class=\"more-link\">Continue reading<span class=\"screen-reader-text\"> &#8222;Studium&#8220;<\/span><\/a><\/p>","protected":false},"author":1,"featured_media":0,"parent":0,"menu_order":0,"comment_status":"closed","ping_status":"closed","template":"","meta":{"inline_featured_image":false,"footnotes":""},"class_list":["post-664","page","type-page","status-publish","hentry"],"_links":{"self":[{"href":"https:\/\/kkp.uni-ak.ac.at\/en\/wp-json\/wp\/v2\/pages\/664","targetHints":{"allow":["GET"]}}],"collection":[{"href":"https:\/\/kkp.uni-ak.ac.at\/en\/wp-json\/wp\/v2\/pages"}],"about":[{"href":"https:\/\/kkp.uni-ak.ac.at\/en\/wp-json\/wp\/v2\/types\/page"}],"author":[{"embeddable":true,"href":"https:\/\/kkp.uni-ak.ac.at\/en\/wp-json\/wp\/v2\/users\/1"}],"replies":[{"embeddable":true,"href":"https:\/\/kkp.uni-ak.ac.at\/en\/wp-json\/wp\/v2\/comments?post=664"}],"version-history":[{"count":221,"href":"https:\/\/kkp.uni-ak.ac.at\/en\/wp-json\/wp\/v2\/pages\/664\/revisions"}],"predecessor-version":[{"id":4343,"href":"https:\/\/kkp.uni-ak.ac.at\/en\/wp-json\/wp\/v2\/pages\/664\/revisions\/4343"}],"wp:attachment":[{"href":"https:\/\/kkp.uni-ak.ac.at\/en\/wp-json\/wp\/v2\/media?parent=664"}],"curies":[{"name":"wp","href":"https:\/\/api.w.org\/{rel}","templated":true}]}}