{"id":4411,"date":"2026-04-27T09:49:28","date_gmt":"2026-04-27T09:49:28","guid":{"rendered":"https:\/\/kkp.uni-ak.ac.at\/?page_id=4411"},"modified":"2026-04-29T10:32:49","modified_gmt":"2026-04-29T10:32:49","slug":"workshop-zweifelhafte-vergnuegungen-vielfalt-und-kritik-in-der-leopoldstadt","status":"publish","type":"page","link":"https:\/\/kkp.uni-ak.ac.at\/en\/workshop-zweifelhafte-vergnuegungen-vielfalt-und-kritik-in-der-leopoldstadt\/","title":{"rendered":"DUBIOUS PLEASURES \u2013 DIVERSITY AND CRITICISM IN LEOPOLDSTADT"},"content":{"rendered":"<h2 class=\"wp-block-heading has-text-align-center\"><em>Workshop mit Iketina Danso, Hint Verein<\/em><\/h2>\n\n\n\n<div class=\"wp-block-columns is-layout-flex wp-container-core-columns-is-layout-9d6595d7 wp-block-columns-is-layout-flex\">\n<div class=\"wp-block-column is-layout-flow wp-block-column-is-layout-flow\">\n<h3 class=\"wp-block-heading\"><strong>Mit\/Wed May 6, <\/strong><strong>14:00-18:00<\/strong><br><strong>Treffpunkt\/ Meeting point<\/strong><br>Universit\u00e4t f\u00fcr angewandte Kunst Wien<br>Rustenschacherallee 2 \u2013 4<br>A-1020 Wien<br><br><strong>Sprache\/ Language:<br><\/strong>Deutsch (wisper translation in Englisch)<br><br>\u00dcber 50 sogenannte \u201eV\u00f6lkerschauen\u201c, heute meist Menschenzoos genannt (Plener, 2012; Schwarz, 2001), haben in Wien stattgefunden. Diese Shows wurden von tausenden Besucher*innen rund um 1900 in Wien gesehen. Die rassistischen Konsequenzen der Darstellungen und Terminologie dieser Shows sind bis heute in der \u00f6sterreichischen Gesellschaft weit verbreitet und eine anti-rassistische Erinnerungskultur fehlt weitgehend. Auch fehlt eine systematische Untersuchung der akademischen Literatur und k\u00fcnstlerischen Auseinandersetzung, die nicht durch rassistische Vorurteile und fragw\u00fcrdige Methoden entstanden sind. Gerade in der vielf\u00e4ltigen Gegenwart Wiens ist eine neue Ausverhandlung von Erinnerungsformen an diese Menschenzoos in der Leopoldstadt dringend n\u00f6tig.<br><br><strong>Das Projekt<\/strong> <em>Zweifelhafte Vergn\u00fcgungen \u2013 Vielfalt und Kritik in der Leopoldstadt<\/em> ist ein akademisches und k\u00fcnstlerisches Programm, das sich mit den Beteiligten und Betroffenen, den Unterst\u00fctzer*innen und Kritiker*innen dieser rassistischen Zurschaustellung besch\u00e4ftigt. Das Projekt wird von dem Verein <em>hint.wien<\/em> durchgef\u00fchrt und durch eine F\u00f6rderung der MA7 erm\u00f6glicht.<br><br><strong>Iketina Danso<\/strong> MA MSc ist Menschenrechts-, Chancengerechtigkeits-, und Diversit\u00e4tsexpertin; sowohl queere intersektionale Poetin. Danso ist auch Leiterin des Diversit\u00e4tsb\u00fcros an der Universit\u00e4t f\u00fcr Angewandte Kunst.<br><br><strong>Mobilit\u00e4t\/ Mobility:<\/strong><br>Der Workshop kann an unterschiedliche Mobilit\u00e4tsanforderungen angepasst werden, bitte bei Registierung kommunzieren. \/ If any participant has mobility issues, please let us know , the programme can be adapted<\/h3>\n\n\n\n<h3 class=\"wp-block-heading\"><strong>Bitte registrieren\/ Please register at:<br><\/strong>dpw@uni-ak.ac.at<strong><\/strong><\/h3>\n<\/div>\n\n\n\n<div class=\"wp-block-column is-layout-flow wp-block-column-is-layout-flow\">\n<figure class=\"wp-block-image size-large\"><img loading=\"lazy\" decoding=\"async\" width=\"960\" height=\"1200\" src=\"https:\/\/kkp.uni-ak.ac.at\/wp-content\/uploads\/2026\/03\/4-960x1200.png\" alt=\"\" class=\"wp-image-3327\" srcset=\"https:\/\/kkp.uni-ak.ac.at\/wp-content\/uploads\/2026\/03\/4-960x1200.png 960w, https:\/\/kkp.uni-ak.ac.at\/wp-content\/uploads\/2026\/03\/4-240x300.png 240w, https:\/\/kkp.uni-ak.ac.at\/wp-content\/uploads\/2026\/03\/4-768x960.png 768w, https:\/\/kkp.uni-ak.ac.at\/wp-content\/uploads\/2026\/03\/4-10x12.png 10w, https:\/\/kkp.uni-ak.ac.at\/wp-content\/uploads\/2026\/03\/4.png 1080w\" sizes=\"auto, (max-width: 706px) 89vw, (max-width: 767px) 82vw, 740px\" \/><\/figure>\n\n\n\n<figure class=\"wp-block-image size-full\"><img loading=\"lazy\" decoding=\"async\" width=\"994\" height=\"542\" src=\"https:\/\/kkp.uni-ak.ac.at\/wp-content\/uploads\/2026\/04\/Belinda-Kazeem-Kaminski.png\" alt=\"\" class=\"wp-image-4412\" srcset=\"https:\/\/kkp.uni-ak.ac.at\/wp-content\/uploads\/2026\/04\/Belinda-Kazeem-Kaminski.png 994w, https:\/\/kkp.uni-ak.ac.at\/wp-content\/uploads\/2026\/04\/Belinda-Kazeem-Kaminski-300x164.png 300w, https:\/\/kkp.uni-ak.ac.at\/wp-content\/uploads\/2026\/04\/Belinda-Kazeem-Kaminski-768x419.png 768w, https:\/\/kkp.uni-ak.ac.at\/wp-content\/uploads\/2026\/04\/Belinda-Kazeem-Kaminski-18x10.png 18w\" sizes=\"auto, (max-width: 706px) 89vw, (max-width: 767px) 82vw, 740px\" \/><\/figure>\n<\/div>\n<\/div>","protected":false},"excerpt":{"rendered":"<p>Workshop mit Iketina Danso, Hint Verein Mit\/Wed May 6, 14:00-18:00Treffpunkt\/ Meeting pointUniversit\u00e4t f\u00fcr angewandte Kunst WienRustenschacherallee 2 \u2013 4A-1020 Wien Sprache\/ Language:Deutsch (wisper translation in Englisch) \u00dcber 50 sogenannte \u201eV\u00f6lkerschauen\u201c, heute meist Menschenzoos genannt (Plener, 2012; Schwarz, 2001), haben in Wien stattgefunden. Diese Shows wurden von tausenden Besucher*innen rund um 1900 in Wien gesehen. Die &hellip; <\/p>\n<p class=\"link-more\"><a href=\"https:\/\/kkp.uni-ak.ac.at\/en\/workshop-zweifelhafte-vergnuegungen-vielfalt-und-kritik-in-der-leopoldstadt\/\" class=\"more-link\">Continue reading<span class=\"screen-reader-text\"> &#8222;ZWEIFELHAFTE VERGN\u00dcGUNGEN \u2013 VIELFALT UND KRITIK IN DER LEOPOLDSTADT&#8220;<\/span><\/a><\/p>","protected":false},"author":35,"featured_media":0,"parent":0,"menu_order":0,"comment_status":"closed","ping_status":"closed","template":"","meta":{"inline_featured_image":false,"footnotes":""},"class_list":["post-4411","page","type-page","status-publish","hentry"],"_links":{"self":[{"href":"https:\/\/kkp.uni-ak.ac.at\/en\/wp-json\/wp\/v2\/pages\/4411","targetHints":{"allow":["GET"]}}],"collection":[{"href":"https:\/\/kkp.uni-ak.ac.at\/en\/wp-json\/wp\/v2\/pages"}],"about":[{"href":"https:\/\/kkp.uni-ak.ac.at\/en\/wp-json\/wp\/v2\/types\/page"}],"author":[{"embeddable":true,"href":"https:\/\/kkp.uni-ak.ac.at\/en\/wp-json\/wp\/v2\/users\/35"}],"replies":[{"embeddable":true,"href":"https:\/\/kkp.uni-ak.ac.at\/en\/wp-json\/wp\/v2\/comments?post=4411"}],"version-history":[{"count":23,"href":"https:\/\/kkp.uni-ak.ac.at\/en\/wp-json\/wp\/v2\/pages\/4411\/revisions"}],"predecessor-version":[{"id":4608,"href":"https:\/\/kkp.uni-ak.ac.at\/en\/wp-json\/wp\/v2\/pages\/4411\/revisions\/4608"}],"wp:attachment":[{"href":"https:\/\/kkp.uni-ak.ac.at\/en\/wp-json\/wp\/v2\/media?parent=4411"}],"curies":[{"name":"wp","href":"https:\/\/api.w.org\/{rel}","templated":true}]}}