{"id":4136,"date":"2026-04-09T09:35:31","date_gmt":"2026-04-09T09:35:31","guid":{"rendered":"https:\/\/kkp.uni-ak.ac.at\/?page_id=4136"},"modified":"2026-04-20T07:53:33","modified_gmt":"2026-04-20T07:53:33","slug":"filmscreening","status":"publish","type":"page","link":"https:\/\/kkp.uni-ak.ac.at\/en\/filmscreening\/","title":{"rendered":"FILMSCREENING &amp; DISCUSSION"},"content":{"rendered":"\n<h2 class=\"wp-block-heading\">Germaine Acogny &#8211; Die Essenz des Tanzes<\/h2>\n\n\n\n<h3 class=\"wp-block-heading\"><strong>by Greta-Marie Becker (present for conversation after screening)&nbsp;<br>hosted by Jo Schmeiser<\/strong><\/h3>\n\n\n\n<p>20. April 2026, 11:00 &#8211; 14:30<br>Universit\u00e4t f\u00fcr angewandte Kunst Wien\u00a0<br>Vordere Zollamtsstra\u00dfe 7<br>1030 Wien<br>Auditorium\u00a0<\/p>\n\n\n\n<p>Dokumentarfilm<br>Deutschland\/Senegal\/Frankreich<br>89 min \/ 2025<br>Franz\u00f6sisch, Englisch, Wolof, Fon<br><\/p>\n\n\n\n<p>Seit \u00fcber f\u00fcnf Jahrzehnten pr\u00e4gt Germaine Acogny die internationale&nbsp;<br>Tanzwelt. In Benin geboren, im Senegal aufgewachsen und in Paris&nbsp;<br>ausgebildet, entwickelte sie mit der \u201eAcogny-Technique\u201c die&nbsp;<br>einflussreichste afrikanische Tanzmethode. Inspiriert von den&nbsp;<br>kraftvollen Rhythmen der westafrikanischen Musik hat sie als&nbsp;<br>Choreographin Tanzgeschichte geschrieben. Gemeinsam mit ihrem Ehemann&nbsp;<br>Helmut Vogt gr\u00fcndete Germaine Acogny Mitte der 1990er-Jahre in Senegal&nbsp;<br>die \u00c9cole des Sables, die sich zu einem der bedeutendsten Zentren f\u00fcr&nbsp;<br>zeitgen\u00f6ssischen Tanz entfaltet hat. Durch die Zusammenarbeit mit&nbsp;<br>Institutionen wie der Pina Bausch Foundation, dem Sadler\u2019s Wells Theatre&nbsp;<br>London oder der Amsterdamer Universit\u00e4t der K\u00fcnste, erkunden junge&nbsp;<br>T\u00e4nzer:innen aus Afrika, Europa und Amerika neue Formen der Tanzkunst.<br><br>Der Film begleitet Germaine Acogny auf die B\u00fchnen, die sie mit \u00fcber 80&nbsp;<br>Jahren noch immer leidenschaftlich und energievoll bespielt. Er zeigt&nbsp;<br>sie auf Reisen in ihr Heimatland Benin, nach Venedig, wo sie mit dem&nbsp;<br>Goldenen L\u00f6wen f\u00fcr ihr Lebenswerk geehrt wird und nach Paris, wo ihr der&nbsp;<br>Grand Prix de l\u2019Acad\u00e9mie des Beaux Art verliehen wird. Ihre bewegte&nbsp;<br>Gegenwart und lebendige Vergangenheit werden durch dokumentarische&nbsp;<br>Szenen, sorgf\u00e4ltig ausgew\u00e4hltes Archivmaterial sowie eigens f\u00fcr den Film&nbsp;<br>inszenierte Tanzszenen vereint. \u201eGermaine Acogny \u2013 Die Essenz des&nbsp;<br>Tanzes\u201c portraitiert eine der bedeutendsten K\u00fcnstlerinnen des&nbsp;<br>afrikanischen Kontinents.<\/p>\n\n\n\n<p><strong>Germaine Acogny<\/strong> gilt nicht nur als \u201eMother of African Contemporary Dance\u201c, sondern auch als eine der wichtigsten k\u00fcnstlerischen Stimmen Afrikas. Verwurzelt in traditionellen westafrikanischen T\u00e4nzen und im Dialog mit europ\u00e4ischen Tanzformen, entwickelte sie die \u201eAcogny-Technik\u201c. Mehr als 50 Jahre auf internationalen B\u00fchnen sowie das Unterrichten junger T\u00e4nzer:innen im Senegal und weltweit haben die \u00fcber 80-j\u00e4hrige K\u00fcnstlerin zur Tanzikone eines ganzen Kontinents gemacht. Mit ihrem Ehemann Helmut Vogt gr\u00fcndete Germaine Acogny Mitte der 1990er-Jahre in Senegal die \u201e\u00c9cole des Sables\u201c, die sich zu einem der bedeutendsten Zentren f\u00fcr zeitgen\u00f6ssischen Tanz entfaltet hat. 2021 wurde die au\u00dfergew\u00f6hnliche T\u00e4nzerin, Choreografin und Mentorin mit dem Goldenen L\u00f6wen der Tanzbiennale f\u00fcr ihr Lebenswerk ausgezeichnet.<\/p>\n\n\n\n<p><strong>Greta-Marie Becker<\/strong> wuchs in Deutschland und Ecuador auf. Studium der Theater-, Film- und Medienwissenschaft, Internationalen Entwicklung und Gender Studies an der Universit\u00e4t Wien. Ihre Master- arbeit erhielt den Herta Pammer-Preis. W\u00e4hrend des Regiestudiums f\u00fcr Mediale K\u00fcnste an der Kunsthochschule f\u00fcr Medien K\u00f6ln realisierte Greta-Marie Becker mehrere Kurzfilme. Ihr erster abendf\u00fcllender Dokumentarfilm \u201eThe Whisper of the Marimba\u201c (79 min) feierte seine Premiere bei den Internationalen Hofer Filmtagen 2020 und wurde weltweit auf \u00fcber 40 Festivals gezeigt. F\u00fcr die deutsch-franz\u00f6sisch- senegalesische Ko-Produktion \u201eGermaine Acogny \u2013 Die Essenz des Tanzes\u201c (89 Min.) wurde die Regisseurin beim Millennium Film Festival in Br\u00fcssel mit dem Young Vision Award ausgezeichnet.<\/p>\n\n\n\n<p><strong>Autorin und Regisseurin &#8211; <\/strong>Greta-Marie Becker<br><strong>Eine Produktion von &#8211; <\/strong>CALA Film Berlin, Produzentin: Martina Haubrich<br><strong>in Koproduktion mit <\/strong>Les Films d&#8217;Ici, Paris, Produzentin: Charlotte Uzu und Goree Island Cinema, Dakar, Produzent: Yanis Gaye<br><strong>Kamera &#8211; <\/strong>Sophie Maintigneux<br><strong>Schnitt und Dramaturgie &#8211; <\/strong>Katja Dringenberg<br><strong>Musik Komponist &#8211; <\/strong>Fabrice Bouillon La Forest<br><strong>Entwicklung gef\u00f6rdert durch &#8211; <\/strong>Film- und Medienstiftung NRW<br><strong>Produktion gef\u00f6rdert durch &#8211; <\/strong>BKM, Film- und Medienstiftung NRW, Mini-Trait\u00e9 der FFA und CNC, Kuratorium Junger Deutscher Film, DFFF<br><strong>Eine Koproduktion mit &#8211; <\/strong>BR in Zusammenarbeit mit ARTE<br><\/p>\n\n\n\n<p><a href=\"http:\/\/farbfilm-verleih.de\/filme\/germaine-acogny-die-essenz-des-tanzes\/?context=cinema\">http:\/\/farbfilm-verleih.de\/filme\/germaine-acogny-die-essenz-des-tanzes\/?context=cinema<\/a><br><\/p>\n\n\n\n<figure class=\"wp-block-embed is-type-video is-provider-youtube wp-block-embed-youtube wp-embed-aspect-16-9 wp-has-aspect-ratio\"><div class=\"wp-block-embed__wrapper\">\n<iframe loading=\"lazy\" title=\"Germaine Acogny - Die Essenz des Tanzes I Trailer [HD]\" width=\"525\" height=\"295\" src=\"https:\/\/www.youtube.com\/embed\/cjn1MK3SLH4?feature=oembed\" frameborder=\"0\" allow=\"accelerometer; autoplay; clipboard-write; encrypted-media; gyroscope; picture-in-picture; web-share\" referrerpolicy=\"strict-origin-when-cross-origin\" allowfullscreen><\/iframe>\n<\/div><\/figure>\n\n\n\n<figure class=\"wp-block-image size-large\"><img loading=\"lazy\" decoding=\"async\" width=\"1600\" height=\"865\" src=\"https:\/\/kkp.uni-ak.ac.at\/wp-content\/uploads\/2026\/04\/GERMAINE_STILLS.1.348.1_1.348.1-copy-1600x865.jpg\" alt=\"\" class=\"wp-image-4147\" srcset=\"https:\/\/kkp.uni-ak.ac.at\/wp-content\/uploads\/2026\/04\/GERMAINE_STILLS.1.348.1_1.348.1-copy-1600x865.jpg 1600w, https:\/\/kkp.uni-ak.ac.at\/wp-content\/uploads\/2026\/04\/GERMAINE_STILLS.1.348.1_1.348.1-copy-300x162.jpg 300w, https:\/\/kkp.uni-ak.ac.at\/wp-content\/uploads\/2026\/04\/GERMAINE_STILLS.1.348.1_1.348.1-copy-768x415.jpg 768w, https:\/\/kkp.uni-ak.ac.at\/wp-content\/uploads\/2026\/04\/GERMAINE_STILLS.1.348.1_1.348.1-copy-1536x830.jpg 1536w, https:\/\/kkp.uni-ak.ac.at\/wp-content\/uploads\/2026\/04\/GERMAINE_STILLS.1.348.1_1.348.1-copy-2048x1107.jpg 2048w, https:\/\/kkp.uni-ak.ac.at\/wp-content\/uploads\/2026\/04\/GERMAINE_STILLS.1.348.1_1.348.1-copy-18x10.jpg 18w\" sizes=\"auto, (max-width: 706px) 89vw, (max-width: 767px) 82vw, 740px\" \/><\/figure>\n","protected":false},"excerpt":{"rendered":"<p>Germaine Acogny &#8211; Die Essenz des Tanzes by Greta-Marie Becker (present for conversation after screening)&nbsp;hosted by Jo Schmeiser 20. April 2026, 11:00 &#8211; 14:30Universit\u00e4t f\u00fcr angewandte Kunst Wien\u00a0Vordere Zollamtsstra\u00dfe 71030 WienAuditorium\u00a0 DokumentarfilmDeutschland\/Senegal\/Frankreich89 min \/ 2025Franz\u00f6sisch, Englisch, Wolof, Fon Seit \u00fcber f\u00fcnf Jahrzehnten pr\u00e4gt Germaine Acogny die internationale&nbsp;Tanzwelt. In Benin geboren, im Senegal aufgewachsen und in &hellip; <\/p>\n<p class=\"link-more\"><a href=\"https:\/\/kkp.uni-ak.ac.at\/en\/filmscreening\/\" class=\"more-link\">Continue reading<span class=\"screen-reader-text\"> &#8222;FILMSCREENING &amp; DISCUSSION&#8220;<\/span><\/a><\/p>","protected":false},"author":35,"featured_media":0,"parent":0,"menu_order":0,"comment_status":"closed","ping_status":"closed","template":"","meta":{"inline_featured_image":false,"footnotes":""},"class_list":["post-4136","page","type-page","status-publish","hentry"],"_links":{"self":[{"href":"https:\/\/kkp.uni-ak.ac.at\/en\/wp-json\/wp\/v2\/pages\/4136","targetHints":{"allow":["GET"]}}],"collection":[{"href":"https:\/\/kkp.uni-ak.ac.at\/en\/wp-json\/wp\/v2\/pages"}],"about":[{"href":"https:\/\/kkp.uni-ak.ac.at\/en\/wp-json\/wp\/v2\/types\/page"}],"author":[{"embeddable":true,"href":"https:\/\/kkp.uni-ak.ac.at\/en\/wp-json\/wp\/v2\/users\/35"}],"replies":[{"embeddable":true,"href":"https:\/\/kkp.uni-ak.ac.at\/en\/wp-json\/wp\/v2\/comments?post=4136"}],"version-history":[{"count":12,"href":"https:\/\/kkp.uni-ak.ac.at\/en\/wp-json\/wp\/v2\/pages\/4136\/revisions"}],"predecessor-version":[{"id":4338,"href":"https:\/\/kkp.uni-ak.ac.at\/en\/wp-json\/wp\/v2\/pages\/4136\/revisions\/4338"}],"wp:attachment":[{"href":"https:\/\/kkp.uni-ak.ac.at\/en\/wp-json\/wp\/v2\/media?parent=4136"}],"curies":[{"name":"wp","href":"https:\/\/api.w.org\/{rel}","templated":true}]}}