{"id":4101,"date":"2026-04-09T08:58:48","date_gmt":"2026-04-09T08:58:48","guid":{"rendered":"https:\/\/kkp.uni-ak.ac.at\/?page_id=4101"},"modified":"2026-04-09T09:18:54","modified_gmt":"2026-04-09T09:18:54","slug":"angewandte-festival-2021","status":"publish","type":"page","link":"https:\/\/kkp.uni-ak.ac.at\/en\/angewandte-festival-2021\/","title":{"rendered":"Angewandte Festival 2021"},"content":{"rendered":"<h2 class=\"wp-block-heading\">Ausstellung<br>ACHTZEHN UND DREI<\/h2>\n\n\n\n<p>Die Ausstellung zeigt 18 k\u00fcnstlerische Projekte, mit denen Studierende 2020\/21 im <br>k\u00fcnstlerischen Lehramt abgeschlossen haben. Das breite thematische wie mediale <br>Spektrum der Arbeiten korrespondiert mit dem weitgespannten Curriculum und macht <br>gleichzeitig sichtbar, wie sich Studierende mit ihren pers\u00f6nlichen Interessen darin verorten.<br> Die Abteilungen kkp, dae und tex bieten sowohl in Hinblick auf k\u00fcnstlerische Medien wie <br>Praxen vielf\u00e4ltige Grundlagen an, auf welchen Studierende mit individuellen <br>Schwerpunktsetzungen aufbauen. Das kontinuierliche Einbeziehen kunst- und <br>kulturwissenschaftlicher Perspektiven und Diskurse unterst\u00fctzt und sch\u00e4rft das <br>Reflexionsverm\u00f6gen bez\u00fcglich k\u00fcnstlerischer Entscheidungen.<br><\/p>\n\n\n\n<p><strong>ABSOLVENTINNEN UND PROJEKTE <\/strong><br><em>\u2022 Pascale Ballieul<\/em>: Making Kin With My Fictional Queer Ancestors: Being It Being They <br>Being The Thing Being Frankenstein Being The Monster, or \u201eOh, Jesus Christ, Lucifer is a <br>Faggot!\u201c \u2022 Jakob Brandst\u00e4tter: K\u00e4mpfende Kinder \u2022 Paul Buschnegg: Imagine a Concert <br>about Lost Gardens in a Wood Based Future \u2022 Selina Doller: B.L.O.B. &#8211; Digitale Reduktion im <br>realen Raum \u2022 Nora Eckhart: next to normal \u2022 Helene Eisl<em>: ES IST SO <\/em> <em>\u2022 Verena Miedl-Faisst: <\/em><br><em>Rapsak r\u00fcf Ytrapretsnom <\/em> <em>\u2022 Natascha Gerold: What Does an Elbow Feel like? <\/em> <em>\u2022 Nargol <\/em><br><em>Gharahshir<\/em>: Zwischen zwei Alben \u2022 Lara Girotto: Grenze und Entgrenzung \u2022 Ana Grilc: Jez-i-<br>kati &#8211; absurder Raum Koro\u0161ka\/K\u00e4rnten \u2022 Lisa Maria Gruber: Vorw\u00e4rts LEBEN. NEBEL <br>str\u00e4wkc\u00fcr \u2022 Ida Johanna Hausner: Performance Kalender. Eine Komposition aus Fluxus und <br>Bildnerischer Erziehung \u2022 David Heinzl<em>: K\u00f6rper <\/em> <em>\u2022 Julia Herzog: To overdraw. Weiter ohne Text <\/em><br> <em>\u2022 Milena Rosa Heussler: Box Quartett <\/em> <em>\u2022 Lisa Marie Pieper: Stellungswechsel <\/em> <em>\u2022 Anna <\/em><br><em>Sanglhuber<\/em>: Touching on projection. Searching for a moving image \u2022 Maja Schrattenthaler: <br>Re-Vulvation \u2013 Das Dirndl als Leinwand \u2022 Lydia Simon: :innen \u2022 Astrid Sodomka: Intarsie<br><\/p>\n\n\n\n<figure class=\"wp-block-image size-large\"><img loading=\"lazy\" decoding=\"async\" width=\"581\" height=\"1200\" src=\"https:\/\/kkp.uni-ak.ac.at\/wp-content\/uploads\/2021\/11\/Artboard-h-581x1200.png\" alt=\"\" class=\"wp-image-1290\" srcset=\"https:\/\/kkp.uni-ak.ac.at\/wp-content\/uploads\/2021\/11\/Artboard-h-581x1200.png 581w, https:\/\/kkp.uni-ak.ac.at\/wp-content\/uploads\/2021\/11\/Artboard-h-145x300.png 145w, https:\/\/kkp.uni-ak.ac.at\/wp-content\/uploads\/2021\/11\/Artboard-h-768x1587.png 768w, https:\/\/kkp.uni-ak.ac.at\/wp-content\/uploads\/2021\/11\/Artboard-h-743x1536.png 743w, https:\/\/kkp.uni-ak.ac.at\/wp-content\/uploads\/2021\/11\/Artboard-h-991x2048.png 991w, https:\/\/kkp.uni-ak.ac.at\/wp-content\/uploads\/2021\/11\/Artboard-h.png 1000w\" sizes=\"auto, (max-width: 581px) 100vw, 581px\" \/><\/figure>\n\n\n\n<figure class=\"wp-block-image size-large\"><img loading=\"lazy\" decoding=\"async\" width=\"591\" height=\"1200\" src=\"https:\/\/kkp.uni-ak.ac.at\/wp-content\/uploads\/2021\/11\/Artboard-a-591x1200.png\" alt=\"\" class=\"wp-image-1281\" srcset=\"https:\/\/kkp.uni-ak.ac.at\/wp-content\/uploads\/2021\/11\/Artboard-a-591x1200.png 591w, https:\/\/kkp.uni-ak.ac.at\/wp-content\/uploads\/2021\/11\/Artboard-a-148x300.png 148w, https:\/\/kkp.uni-ak.ac.at\/wp-content\/uploads\/2021\/11\/Artboard-a-768x1561.png 768w, https:\/\/kkp.uni-ak.ac.at\/wp-content\/uploads\/2021\/11\/Artboard-a-756x1536.png 756w, https:\/\/kkp.uni-ak.ac.at\/wp-content\/uploads\/2021\/11\/Artboard-a.png 1000w\" sizes=\"auto, (max-width: 591px) 100vw, 591px\" \/><\/figure>\n\n\n\n<figure class=\"wp-block-image size-large\"><img loading=\"lazy\" decoding=\"async\" width=\"579\" height=\"1200\" src=\"https:\/\/kkp.uni-ak.ac.at\/wp-content\/uploads\/2021\/11\/Artboard-j-579x1200.png\" alt=\"\" class=\"wp-image-1292\" srcset=\"https:\/\/kkp.uni-ak.ac.at\/wp-content\/uploads\/2021\/11\/Artboard-j-579x1200.png 579w, https:\/\/kkp.uni-ak.ac.at\/wp-content\/uploads\/2021\/11\/Artboard-j-145x300.png 145w, https:\/\/kkp.uni-ak.ac.at\/wp-content\/uploads\/2021\/11\/Artboard-j-768x1591.png 768w, https:\/\/kkp.uni-ak.ac.at\/wp-content\/uploads\/2021\/11\/Artboard-j-741x1536.png 741w, https:\/\/kkp.uni-ak.ac.at\/wp-content\/uploads\/2021\/11\/Artboard-j-988x2048.png 988w, https:\/\/kkp.uni-ak.ac.at\/wp-content\/uploads\/2021\/11\/Artboard-j.png 1000w\" sizes=\"auto, (max-width: 579px) 100vw, 579px\" \/><\/figure>\n\n\n\n<figure class=\"wp-block-image size-large\"><img loading=\"lazy\" decoding=\"async\" width=\"584\" height=\"1200\" src=\"https:\/\/kkp.uni-ak.ac.at\/wp-content\/uploads\/2021\/11\/Artboard-i-584x1200.png\" alt=\"\" class=\"wp-image-1291\" srcset=\"https:\/\/kkp.uni-ak.ac.at\/wp-content\/uploads\/2021\/11\/Artboard-i-584x1200.png 584w, https:\/\/kkp.uni-ak.ac.at\/wp-content\/uploads\/2021\/11\/Artboard-i-146x300.png 146w, https:\/\/kkp.uni-ak.ac.at\/wp-content\/uploads\/2021\/11\/Artboard-i-768x1577.png 768w, https:\/\/kkp.uni-ak.ac.at\/wp-content\/uploads\/2021\/11\/Artboard-i-748x1536.png 748w, https:\/\/kkp.uni-ak.ac.at\/wp-content\/uploads\/2021\/11\/Artboard-i-997x2048.png 997w, https:\/\/kkp.uni-ak.ac.at\/wp-content\/uploads\/2021\/11\/Artboard-i.png 1000w\" sizes=\"auto, (max-width: 584px) 100vw, 584px\" \/><\/figure>\n\n\n\n<figure class=\"wp-block-image size-large\"><img loading=\"lazy\" decoding=\"async\" width=\"593\" height=\"1200\" src=\"https:\/\/kkp.uni-ak.ac.at\/wp-content\/uploads\/2021\/11\/Artboard-f-593x1200.png\" alt=\"\" class=\"wp-image-1288\" srcset=\"https:\/\/kkp.uni-ak.ac.at\/wp-content\/uploads\/2021\/11\/Artboard-f-593x1200.png 593w, https:\/\/kkp.uni-ak.ac.at\/wp-content\/uploads\/2021\/11\/Artboard-f-148x300.png 148w, https:\/\/kkp.uni-ak.ac.at\/wp-content\/uploads\/2021\/11\/Artboard-f-768x1554.png 768w, https:\/\/kkp.uni-ak.ac.at\/wp-content\/uploads\/2021\/11\/Artboard-f-759x1536.png 759w, https:\/\/kkp.uni-ak.ac.at\/wp-content\/uploads\/2021\/11\/Artboard-f.png 1000w\" sizes=\"auto, (max-width: 593px) 100vw, 593px\" \/><\/figure>\n\n\n\n<figure class=\"wp-block-image size-large\"><img loading=\"lazy\" decoding=\"async\" width=\"581\" height=\"1200\" src=\"https:\/\/kkp.uni-ak.ac.at\/wp-content\/uploads\/2021\/11\/Artboard-e-581x1200.png\" alt=\"\" class=\"wp-image-1287\" srcset=\"https:\/\/kkp.uni-ak.ac.at\/wp-content\/uploads\/2021\/11\/Artboard-e-581x1200.png 581w, https:\/\/kkp.uni-ak.ac.at\/wp-content\/uploads\/2021\/11\/Artboard-e-145x300.png 145w, https:\/\/kkp.uni-ak.ac.at\/wp-content\/uploads\/2021\/11\/Artboard-e-768x1587.png 768w, https:\/\/kkp.uni-ak.ac.at\/wp-content\/uploads\/2021\/11\/Artboard-e-743x1536.png 743w, https:\/\/kkp.uni-ak.ac.at\/wp-content\/uploads\/2021\/11\/Artboard-e-991x2048.png 991w, https:\/\/kkp.uni-ak.ac.at\/wp-content\/uploads\/2021\/11\/Artboard-e.png 1000w\" sizes=\"auto, (max-width: 581px) 100vw, 581px\" \/><\/figure>\n\n\n\n<figure class=\"wp-block-image size-large\"><img loading=\"lazy\" decoding=\"async\" width=\"583\" height=\"1200\" src=\"https:\/\/kkp.uni-ak.ac.at\/wp-content\/uploads\/2021\/11\/Artboard-d-1-583x1200.png\" alt=\"\" class=\"wp-image-1286\" srcset=\"https:\/\/kkp.uni-ak.ac.at\/wp-content\/uploads\/2021\/11\/Artboard-d-1-583x1200.png 583w, https:\/\/kkp.uni-ak.ac.at\/wp-content\/uploads\/2021\/11\/Artboard-d-1-146x300.png 146w, https:\/\/kkp.uni-ak.ac.at\/wp-content\/uploads\/2021\/11\/Artboard-d-1-768x1581.png 768w, https:\/\/kkp.uni-ak.ac.at\/wp-content\/uploads\/2021\/11\/Artboard-d-1-746x1536.png 746w, https:\/\/kkp.uni-ak.ac.at\/wp-content\/uploads\/2021\/11\/Artboard-d-1-995x2048.png 995w, https:\/\/kkp.uni-ak.ac.at\/wp-content\/uploads\/2021\/11\/Artboard-d-1.png 1000w\" sizes=\"auto, (max-width: 583px) 100vw, 583px\" \/><\/figure>\n\n\n\n<figure class=\"wp-block-image size-large\"><img loading=\"lazy\" decoding=\"async\" width=\"593\" height=\"1200\" src=\"https:\/\/kkp.uni-ak.ac.at\/wp-content\/uploads\/2021\/11\/Artboard-g-593x1200.png\" alt=\"\" class=\"wp-image-1289\" srcset=\"https:\/\/kkp.uni-ak.ac.at\/wp-content\/uploads\/2021\/11\/Artboard-g-593x1200.png 593w, https:\/\/kkp.uni-ak.ac.at\/wp-content\/uploads\/2021\/11\/Artboard-g-148x300.png 148w, https:\/\/kkp.uni-ak.ac.at\/wp-content\/uploads\/2021\/11\/Artboard-g-768x1554.png 768w, https:\/\/kkp.uni-ak.ac.at\/wp-content\/uploads\/2021\/11\/Artboard-g-759x1536.png 759w, https:\/\/kkp.uni-ak.ac.at\/wp-content\/uploads\/2021\/11\/Artboard-g.png 1000w\" sizes=\"auto, (max-width: 593px) 100vw, 593px\" \/><\/figure>\n\n\n\n<figure class=\"wp-block-image size-large\"><img loading=\"lazy\" decoding=\"async\" width=\"584\" height=\"1200\" src=\"https:\/\/kkp.uni-ak.ac.at\/wp-content\/uploads\/2021\/11\/Artboard-b-1-584x1200.png\" alt=\"\" class=\"wp-image-1283\" srcset=\"https:\/\/kkp.uni-ak.ac.at\/wp-content\/uploads\/2021\/11\/Artboard-b-1-584x1200.png 584w, https:\/\/kkp.uni-ak.ac.at\/wp-content\/uploads\/2021\/11\/Artboard-b-1-146x300.png 146w, https:\/\/kkp.uni-ak.ac.at\/wp-content\/uploads\/2021\/11\/Artboard-b-1-768x1578.png 768w, https:\/\/kkp.uni-ak.ac.at\/wp-content\/uploads\/2021\/11\/Artboard-b-1-747x1536.png 747w, https:\/\/kkp.uni-ak.ac.at\/wp-content\/uploads\/2021\/11\/Artboard-b-1-997x2048.png 997w, https:\/\/kkp.uni-ak.ac.at\/wp-content\/uploads\/2021\/11\/Artboard-b-1.png 1000w\" sizes=\"auto, (max-width: 584px) 100vw, 584px\" \/><\/figure>\n\n\n\n<figure class=\"wp-block-image size-large\"><img loading=\"lazy\" decoding=\"async\" width=\"583\" height=\"1200\" src=\"https:\/\/kkp.uni-ak.ac.at\/wp-content\/uploads\/2021\/11\/Artboard-k-583x1200.png\" alt=\"\" class=\"wp-image-1293\" srcset=\"https:\/\/kkp.uni-ak.ac.at\/wp-content\/uploads\/2021\/11\/Artboard-k-583x1200.png 583w, https:\/\/kkp.uni-ak.ac.at\/wp-content\/uploads\/2021\/11\/Artboard-k-146x300.png 146w, https:\/\/kkp.uni-ak.ac.at\/wp-content\/uploads\/2021\/11\/Artboard-k-768x1580.png 768w, https:\/\/kkp.uni-ak.ac.at\/wp-content\/uploads\/2021\/11\/Artboard-k-747x1536.png 747w, https:\/\/kkp.uni-ak.ac.at\/wp-content\/uploads\/2021\/11\/Artboard-k-996x2048.png 996w, https:\/\/kkp.uni-ak.ac.at\/wp-content\/uploads\/2021\/11\/Artboard-k.png 1000w\" sizes=\"auto, (max-width: 583px) 100vw, 583px\" \/><\/figure>\n\n\n\n<figure class=\"wp-block-image size-large\"><img loading=\"lazy\" decoding=\"async\" width=\"579\" height=\"1200\" src=\"https:\/\/kkp.uni-ak.ac.at\/wp-content\/uploads\/2021\/11\/Artboard-c-579x1200.png\" alt=\"\" class=\"wp-image-1284\" srcset=\"https:\/\/kkp.uni-ak.ac.at\/wp-content\/uploads\/2021\/11\/Artboard-c-579x1200.png 579w, https:\/\/kkp.uni-ak.ac.at\/wp-content\/uploads\/2021\/11\/Artboard-c-145x300.png 145w, https:\/\/kkp.uni-ak.ac.at\/wp-content\/uploads\/2021\/11\/Artboard-c-768x1591.png 768w, https:\/\/kkp.uni-ak.ac.at\/wp-content\/uploads\/2021\/11\/Artboard-c-741x1536.png 741w, https:\/\/kkp.uni-ak.ac.at\/wp-content\/uploads\/2021\/11\/Artboard-c-988x2048.png 988w, https:\/\/kkp.uni-ak.ac.at\/wp-content\/uploads\/2021\/11\/Artboard-c.png 1000w\" sizes=\"auto, (max-width: 579px) 100vw, 579px\" \/><\/figure>\n\n\n\n<figure class=\"wp-block-image\"><img decoding=\"async\" src=\"https:\/\/kkp.uni-ak.ac.at\/wp-content\/uploads\/2021\/11\/Artboard-1-1-595x1200.png\" alt=\"Dieses Bild hat ein leeres Alt-Attribut. Der Dateiname ist Artboard-1-1-595x1200.png\"\/><\/figure>","protected":false},"excerpt":{"rendered":"<p>AusstellungACHTZEHN UND DREI Die Ausstellung zeigt 18 k\u00fcnstlerische Projekte, mit denen Studierende 2020\/21 im k\u00fcnstlerischen Lehramt abgeschlossen haben. Das breite thematische wie mediale Spektrum der Arbeiten korrespondiert mit dem weitgespannten Curriculum und macht gleichzeitig sichtbar, wie sich Studierende mit ihren pers\u00f6nlichen Interessen darin verorten. Die Abteilungen kkp, dae und tex bieten sowohl in Hinblick auf &hellip; <\/p>\n<p class=\"link-more\"><a href=\"https:\/\/kkp.uni-ak.ac.at\/en\/angewandte-festival-2021\/\" class=\"more-link\">Continue reading<span class=\"screen-reader-text\"> &#8222;Angewandte Festival 2021&#8220;<\/span><\/a><\/p>","protected":false},"author":35,"featured_media":0,"parent":0,"menu_order":0,"comment_status":"closed","ping_status":"closed","template":"","meta":{"inline_featured_image":false,"footnotes":""},"class_list":["post-4101","page","type-page","status-publish","hentry"],"_links":{"self":[{"href":"https:\/\/kkp.uni-ak.ac.at\/en\/wp-json\/wp\/v2\/pages\/4101","targetHints":{"allow":["GET"]}}],"collection":[{"href":"https:\/\/kkp.uni-ak.ac.at\/en\/wp-json\/wp\/v2\/pages"}],"about":[{"href":"https:\/\/kkp.uni-ak.ac.at\/en\/wp-json\/wp\/v2\/types\/page"}],"author":[{"embeddable":true,"href":"https:\/\/kkp.uni-ak.ac.at\/en\/wp-json\/wp\/v2\/users\/35"}],"replies":[{"embeddable":true,"href":"https:\/\/kkp.uni-ak.ac.at\/en\/wp-json\/wp\/v2\/comments?post=4101"}],"version-history":[{"count":10,"href":"https:\/\/kkp.uni-ak.ac.at\/en\/wp-json\/wp\/v2\/pages\/4101\/revisions"}],"predecessor-version":[{"id":4129,"href":"https:\/\/kkp.uni-ak.ac.at\/en\/wp-json\/wp\/v2\/pages\/4101\/revisions\/4129"}],"wp:attachment":[{"href":"https:\/\/kkp.uni-ak.ac.at\/en\/wp-json\/wp\/v2\/media?parent=4101"}],"curies":[{"name":"wp","href":"https:\/\/api.w.org\/{rel}","templated":true}]}}