{"id":4081,"date":"2026-04-09T08:20:00","date_gmt":"2026-04-09T08:20:00","guid":{"rendered":"https:\/\/kkp.uni-ak.ac.at\/?page_id=4081"},"modified":"2026-04-09T08:20:01","modified_gmt":"2026-04-09T08:20:01","slug":"gem-gem-2","status":"publish","type":"page","link":"https:\/\/kkp.uni-ak.ac.at\/en\/gem-gem-2\/","title":{"rendered":"GEM GEM"},"content":{"rendered":"<h2 class=\"wp-block-heading\">Beitrag des k\u00fcnstlerischen Lehramts (KKP, DAE, TEX) zum Angewandte Festival 2024<\/h2>\n\n\n\n<p>GEM ist ein wertvoller Stein, ein Teil von Gemeinschaft, ein St\u00fcck vom Gemeinsamen.<\/p>\n\n\n\n<p><strong>GEM GEM<\/strong>&nbsp;steht f\u00fcr Polyphonie \u2013 es wird als Gemeinsame Ephemere Magie erzeugt, es funktioniert als&nbsp;Giftiges Edukatives Megafon oder f\u00fchrt uns gar durch unsere Gemeinn\u00fctzig-Eigensinnigen Mikrokosmen. Gemeinschaft wird zum Refugium, Sehnsuchtsort oder Gegenprogramm und oft von der komplexen Realit\u00e4t des Einanderaushaltens eingeholt.&nbsp;<strong>GEM GEM<\/strong>&nbsp;entsteht aus einer Kooperation der k\u00fcnstlerischen Studienf\u00e4cher KKP (Kunst und Kommunikative Praxis) und DEX (Design, materielle Kultur und experimentelle Praxis). Darin werden k\u00fcnstlerisch-edukative Praktiken mit allt\u00e4glichen Denk- und Handlungsformen und wissenschaftlichen Methoden verwoben. Auf dieser Weise werden kritische Reflexionen zu kulturellen und \u00f6konomischen Bedingungen, Diversit\u00e4t, Inklusion, Gender und \u00d6kologie materialisiert.&nbsp;<strong>GEM GEM<\/strong>&nbsp;gibt Einblicke, was die Kunstp\u00e4dagogik an der Angewandten bewegt. Es legt die Aufmerksamkeit auf Formate der Zusammenarbeit: es wird gemeinsam gestaltet, zusammen gedacht, kollektiv organisiert und gelebt \u2013 gefeiert wird sowieso am liebsten gemeinsam.<\/p>\n\n\n\n<figure class=\"wp-block-image size-full\"><img loading=\"lazy\" decoding=\"async\" width=\"1600\" height=\"922\" src=\"https:\/\/kkp.uni-ak.ac.at\/wp-content\/uploads\/2024\/10\/wandbild-2.png\" alt=\"\" class=\"wp-image-2336\" srcset=\"https:\/\/kkp.uni-ak.ac.at\/wp-content\/uploads\/2024\/10\/wandbild-2.png 1600w, https:\/\/kkp.uni-ak.ac.at\/wp-content\/uploads\/2024\/10\/wandbild-2-300x173.png 300w, https:\/\/kkp.uni-ak.ac.at\/wp-content\/uploads\/2024\/10\/wandbild-2-768x443.png 768w, https:\/\/kkp.uni-ak.ac.at\/wp-content\/uploads\/2024\/10\/wandbild-2-1536x885.png 1536w\" sizes=\"auto, (max-width: 706px) 89vw, (max-width: 767px) 82vw, 740px\" \/><\/figure>\n\n\n\n<figure class=\"wp-block-gallery has-nested-images columns-default is-cropped wp-block-gallery-1 is-layout-flex wp-block-gallery-is-layout-flex\">\n<figure class=\"wp-block-image size-large\"><img loading=\"lazy\" decoding=\"async\" width=\"857\" height=\"1200\" data-id=\"2341\" src=\"https:\/\/kkp.uni-ak.ac.at\/wp-content\/uploads\/2024\/10\/Angewandte_Festival_2024_3.Stock_Ausstelllungsansichten_\u00a9Lea_Sonderegger-5991-857x1200.jpg\" alt=\"\" class=\"wp-image-2341\" srcset=\"https:\/\/kkp.uni-ak.ac.at\/wp-content\/uploads\/2024\/10\/Angewandte_Festival_2024_3.Stock_Ausstelllungsansichten_\u00a9Lea_Sonderegger-5991-857x1200.jpg 857w, https:\/\/kkp.uni-ak.ac.at\/wp-content\/uploads\/2024\/10\/Angewandte_Festival_2024_3.Stock_Ausstelllungsansichten_\u00a9Lea_Sonderegger-5991-214x300.jpg 214w, https:\/\/kkp.uni-ak.ac.at\/wp-content\/uploads\/2024\/10\/Angewandte_Festival_2024_3.Stock_Ausstelllungsansichten_\u00a9Lea_Sonderegger-5991-768x1075.jpg 768w, https:\/\/kkp.uni-ak.ac.at\/wp-content\/uploads\/2024\/10\/Angewandte_Festival_2024_3.Stock_Ausstelllungsansichten_\u00a9Lea_Sonderegger-5991-1097x1536.jpg 1097w, https:\/\/kkp.uni-ak.ac.at\/wp-content\/uploads\/2024\/10\/Angewandte_Festival_2024_3.Stock_Ausstelllungsansichten_\u00a9Lea_Sonderegger-5991-1463x2048.jpg 1463w, https:\/\/kkp.uni-ak.ac.at\/wp-content\/uploads\/2024\/10\/Angewandte_Festival_2024_3.Stock_Ausstelllungsansichten_\u00a9Lea_Sonderegger-5991-scaled.jpg 1828w\" sizes=\"auto, (max-width: 706px) 89vw, (max-width: 767px) 82vw, 740px\" \/><\/figure>\n\n\n\n<figure class=\"wp-block-image size-large\"><img loading=\"lazy\" decoding=\"async\" width=\"857\" height=\"1200\" data-id=\"2343\" src=\"https:\/\/kkp.uni-ak.ac.at\/wp-content\/uploads\/2024\/10\/Angewandte_Festival_2024_MUSMIG_\u00a9Lea_Sonderegger-5654-857x1200.jpg\" alt=\"\" class=\"wp-image-2343\" srcset=\"https:\/\/kkp.uni-ak.ac.at\/wp-content\/uploads\/2024\/10\/Angewandte_Festival_2024_MUSMIG_\u00a9Lea_Sonderegger-5654-857x1200.jpg 857w, https:\/\/kkp.uni-ak.ac.at\/wp-content\/uploads\/2024\/10\/Angewandte_Festival_2024_MUSMIG_\u00a9Lea_Sonderegger-5654-214x300.jpg 214w, https:\/\/kkp.uni-ak.ac.at\/wp-content\/uploads\/2024\/10\/Angewandte_Festival_2024_MUSMIG_\u00a9Lea_Sonderegger-5654-768x1075.jpg 768w, https:\/\/kkp.uni-ak.ac.at\/wp-content\/uploads\/2024\/10\/Angewandte_Festival_2024_MUSMIG_\u00a9Lea_Sonderegger-5654-1097x1536.jpg 1097w, https:\/\/kkp.uni-ak.ac.at\/wp-content\/uploads\/2024\/10\/Angewandte_Festival_2024_MUSMIG_\u00a9Lea_Sonderegger-5654-1463x2048.jpg 1463w, https:\/\/kkp.uni-ak.ac.at\/wp-content\/uploads\/2024\/10\/Angewandte_Festival_2024_MUSMIG_\u00a9Lea_Sonderegger-5654-scaled.jpg 1828w\" sizes=\"auto, (max-width: 706px) 89vw, (max-width: 767px) 82vw, 740px\" \/><\/figure>\n\n\n\n<figure class=\"wp-block-image size-large\"><img loading=\"lazy\" decoding=\"async\" width=\"1600\" height=\"1143\" data-id=\"2347\" src=\"https:\/\/kkp.uni-ak.ac.at\/wp-content\/uploads\/2024\/10\/Angewandte_Festival_2024_3.Stock_Ausstelllungsansichten_\u00a9Lea_Sonderegger-5046-1600x1143.jpg\" alt=\"\" class=\"wp-image-2347\" srcset=\"https:\/\/kkp.uni-ak.ac.at\/wp-content\/uploads\/2024\/10\/Angewandte_Festival_2024_3.Stock_Ausstelllungsansichten_\u00a9Lea_Sonderegger-5046-1600x1143.jpg 1600w, https:\/\/kkp.uni-ak.ac.at\/wp-content\/uploads\/2024\/10\/Angewandte_Festival_2024_3.Stock_Ausstelllungsansichten_\u00a9Lea_Sonderegger-5046-300x214.jpg 300w, https:\/\/kkp.uni-ak.ac.at\/wp-content\/uploads\/2024\/10\/Angewandte_Festival_2024_3.Stock_Ausstelllungsansichten_\u00a9Lea_Sonderegger-5046-768x548.jpg 768w, https:\/\/kkp.uni-ak.ac.at\/wp-content\/uploads\/2024\/10\/Angewandte_Festival_2024_3.Stock_Ausstelllungsansichten_\u00a9Lea_Sonderegger-5046-1536x1097.jpg 1536w, https:\/\/kkp.uni-ak.ac.at\/wp-content\/uploads\/2024\/10\/Angewandte_Festival_2024_3.Stock_Ausstelllungsansichten_\u00a9Lea_Sonderegger-5046-2048x1463.jpg 2048w\" sizes=\"auto, (max-width: 706px) 89vw, (max-width: 767px) 82vw, 740px\" \/><\/figure>\n\n\n\n<figure class=\"wp-block-image size-large\"><img loading=\"lazy\" decoding=\"async\" width=\"857\" height=\"1200\" data-id=\"2345\" src=\"https:\/\/kkp.uni-ak.ac.at\/wp-content\/uploads\/2024\/10\/Angewandte_Festival_2024_3.Stock_Ausstelllungsansichten_\u00a9Lea_Sonderegger-5068-857x1200.jpg\" alt=\"\" class=\"wp-image-2345\" srcset=\"https:\/\/kkp.uni-ak.ac.at\/wp-content\/uploads\/2024\/10\/Angewandte_Festival_2024_3.Stock_Ausstelllungsansichten_\u00a9Lea_Sonderegger-5068-857x1200.jpg 857w, https:\/\/kkp.uni-ak.ac.at\/wp-content\/uploads\/2024\/10\/Angewandte_Festival_2024_3.Stock_Ausstelllungsansichten_\u00a9Lea_Sonderegger-5068-214x300.jpg 214w, https:\/\/kkp.uni-ak.ac.at\/wp-content\/uploads\/2024\/10\/Angewandte_Festival_2024_3.Stock_Ausstelllungsansichten_\u00a9Lea_Sonderegger-5068-768x1075.jpg 768w, https:\/\/kkp.uni-ak.ac.at\/wp-content\/uploads\/2024\/10\/Angewandte_Festival_2024_3.Stock_Ausstelllungsansichten_\u00a9Lea_Sonderegger-5068-1097x1536.jpg 1097w, https:\/\/kkp.uni-ak.ac.at\/wp-content\/uploads\/2024\/10\/Angewandte_Festival_2024_3.Stock_Ausstelllungsansichten_\u00a9Lea_Sonderegger-5068-1463x2048.jpg 1463w, https:\/\/kkp.uni-ak.ac.at\/wp-content\/uploads\/2024\/10\/Angewandte_Festival_2024_3.Stock_Ausstelllungsansichten_\u00a9Lea_Sonderegger-5068-scaled.jpg 1828w\" sizes=\"auto, (max-width: 706px) 89vw, (max-width: 767px) 82vw, 740px\" \/><\/figure>\n\n\n\n<figure class=\"wp-block-image size-large\"><img loading=\"lazy\" decoding=\"async\" width=\"1600\" height=\"1143\" data-id=\"2344\" src=\"https:\/\/kkp.uni-ak.ac.at\/wp-content\/uploads\/2024\/10\/Angewandte_Festival_2024_3.Stock_Ausstelllungsansichten_\u00a9Lea_Sonderegger-5065-1600x1143.jpg\" alt=\"\" class=\"wp-image-2344\" srcset=\"https:\/\/kkp.uni-ak.ac.at\/wp-content\/uploads\/2024\/10\/Angewandte_Festival_2024_3.Stock_Ausstelllungsansichten_\u00a9Lea_Sonderegger-5065-1600x1143.jpg 1600w, https:\/\/kkp.uni-ak.ac.at\/wp-content\/uploads\/2024\/10\/Angewandte_Festival_2024_3.Stock_Ausstelllungsansichten_\u00a9Lea_Sonderegger-5065-300x214.jpg 300w, https:\/\/kkp.uni-ak.ac.at\/wp-content\/uploads\/2024\/10\/Angewandte_Festival_2024_3.Stock_Ausstelllungsansichten_\u00a9Lea_Sonderegger-5065-768x548.jpg 768w, https:\/\/kkp.uni-ak.ac.at\/wp-content\/uploads\/2024\/10\/Angewandte_Festival_2024_3.Stock_Ausstelllungsansichten_\u00a9Lea_Sonderegger-5065-1536x1097.jpg 1536w, https:\/\/kkp.uni-ak.ac.at\/wp-content\/uploads\/2024\/10\/Angewandte_Festival_2024_3.Stock_Ausstelllungsansichten_\u00a9Lea_Sonderegger-5065-2048x1463.jpg 2048w\" sizes=\"auto, (max-width: 706px) 89vw, (max-width: 767px) 82vw, 740px\" \/><\/figure>\n\n\n\n<figure class=\"wp-block-image size-large\"><img loading=\"lazy\" decoding=\"async\" width=\"1600\" height=\"1067\" data-id=\"2352\" src=\"https:\/\/kkp.uni-ak.ac.at\/wp-content\/uploads\/2024\/10\/DSC04134-1600x1067.jpg\" alt=\"\" class=\"wp-image-2352\" srcset=\"https:\/\/kkp.uni-ak.ac.at\/wp-content\/uploads\/2024\/10\/DSC04134-1600x1067.jpg 1600w, https:\/\/kkp.uni-ak.ac.at\/wp-content\/uploads\/2024\/10\/DSC04134-300x200.jpg 300w, https:\/\/kkp.uni-ak.ac.at\/wp-content\/uploads\/2024\/10\/DSC04134-768x512.jpg 768w, https:\/\/kkp.uni-ak.ac.at\/wp-content\/uploads\/2024\/10\/DSC04134-1536x1024.jpg 1536w, https:\/\/kkp.uni-ak.ac.at\/wp-content\/uploads\/2024\/10\/DSC04134-2048x1365.jpg 2048w\" sizes=\"auto, (max-width: 706px) 89vw, (max-width: 767px) 82vw, 740px\" \/><\/figure>\n\n\n\n<figure class=\"wp-block-image size-large\"><img loading=\"lazy\" decoding=\"async\" width=\"1600\" height=\"1067\" data-id=\"2356\" src=\"https:\/\/kkp.uni-ak.ac.at\/wp-content\/uploads\/2024\/10\/IMG_7731-1600x1067.jpg\" alt=\"\" class=\"wp-image-2356\" srcset=\"https:\/\/kkp.uni-ak.ac.at\/wp-content\/uploads\/2024\/10\/IMG_7731-1600x1067.jpg 1600w, https:\/\/kkp.uni-ak.ac.at\/wp-content\/uploads\/2024\/10\/IMG_7731-300x200.jpg 300w, https:\/\/kkp.uni-ak.ac.at\/wp-content\/uploads\/2024\/10\/IMG_7731-768x512.jpg 768w, https:\/\/kkp.uni-ak.ac.at\/wp-content\/uploads\/2024\/10\/IMG_7731-1536x1024.jpg 1536w, https:\/\/kkp.uni-ak.ac.at\/wp-content\/uploads\/2024\/10\/IMG_7731-2048x1365.jpg 2048w\" sizes=\"auto, (max-width: 706px) 89vw, (max-width: 767px) 82vw, 740px\" \/><\/figure>\n\n\n\n<figure class=\"wp-block-image size-large\"><img loading=\"lazy\" decoding=\"async\" width=\"1600\" height=\"1067\" data-id=\"2353\" src=\"https:\/\/kkp.uni-ak.ac.at\/wp-content\/uploads\/2024\/10\/DSC04137-1600x1067.jpg\" alt=\"\" class=\"wp-image-2353\" srcset=\"https:\/\/kkp.uni-ak.ac.at\/wp-content\/uploads\/2024\/10\/DSC04137-1600x1067.jpg 1600w, https:\/\/kkp.uni-ak.ac.at\/wp-content\/uploads\/2024\/10\/DSC04137-300x200.jpg 300w, https:\/\/kkp.uni-ak.ac.at\/wp-content\/uploads\/2024\/10\/DSC04137-768x512.jpg 768w, https:\/\/kkp.uni-ak.ac.at\/wp-content\/uploads\/2024\/10\/DSC04137-1536x1024.jpg 1536w, https:\/\/kkp.uni-ak.ac.at\/wp-content\/uploads\/2024\/10\/DSC04137-2048x1365.jpg 2048w\" sizes=\"auto, (max-width: 706px) 89vw, (max-width: 767px) 82vw, 740px\" \/><\/figure>\n\n\n\n<figure class=\"wp-block-image size-large\"><img loading=\"lazy\" decoding=\"async\" width=\"800\" height=\"1200\" data-id=\"2350\" src=\"https:\/\/kkp.uni-ak.ac.at\/wp-content\/uploads\/2024\/10\/DSC04114-800x1200.jpg\" alt=\"\" class=\"wp-image-2350\" srcset=\"https:\/\/kkp.uni-ak.ac.at\/wp-content\/uploads\/2024\/10\/DSC04114-800x1200.jpg 800w, https:\/\/kkp.uni-ak.ac.at\/wp-content\/uploads\/2024\/10\/DSC04114-200x300.jpg 200w, https:\/\/kkp.uni-ak.ac.at\/wp-content\/uploads\/2024\/10\/DSC04114-768x1152.jpg 768w, https:\/\/kkp.uni-ak.ac.at\/wp-content\/uploads\/2024\/10\/DSC04114-1024x1536.jpg 1024w, https:\/\/kkp.uni-ak.ac.at\/wp-content\/uploads\/2024\/10\/DSC04114-1365x2048.jpg 1365w, https:\/\/kkp.uni-ak.ac.at\/wp-content\/uploads\/2024\/10\/DSC04114-scaled.jpg 1707w\" sizes=\"auto, (max-width: 706px) 89vw, (max-width: 767px) 82vw, 740px\" \/><\/figure>\n\n\n\n<figure class=\"wp-block-image size-large\"><img loading=\"lazy\" decoding=\"async\" width=\"1600\" height=\"1067\" data-id=\"2360\" src=\"https:\/\/kkp.uni-ak.ac.at\/wp-content\/uploads\/2024\/10\/IMG_7678-1600x1067.jpg\" alt=\"\" class=\"wp-image-2360\" srcset=\"https:\/\/kkp.uni-ak.ac.at\/wp-content\/uploads\/2024\/10\/IMG_7678-1600x1067.jpg 1600w, https:\/\/kkp.uni-ak.ac.at\/wp-content\/uploads\/2024\/10\/IMG_7678-300x200.jpg 300w, https:\/\/kkp.uni-ak.ac.at\/wp-content\/uploads\/2024\/10\/IMG_7678-768x512.jpg 768w, https:\/\/kkp.uni-ak.ac.at\/wp-content\/uploads\/2024\/10\/IMG_7678-1536x1024.jpg 1536w, https:\/\/kkp.uni-ak.ac.at\/wp-content\/uploads\/2024\/10\/IMG_7678-2048x1365.jpg 2048w\" sizes=\"auto, (max-width: 706px) 89vw, (max-width: 767px) 82vw, 740px\" \/><\/figure>\n\n\n\n<figure class=\"wp-block-image size-large\"><img loading=\"lazy\" decoding=\"async\" width=\"1600\" height=\"1067\" data-id=\"2358\" src=\"https:\/\/kkp.uni-ak.ac.at\/wp-content\/uploads\/2024\/10\/IMG_7748-1600x1067.jpg\" alt=\"\" class=\"wp-image-2358\" srcset=\"https:\/\/kkp.uni-ak.ac.at\/wp-content\/uploads\/2024\/10\/IMG_7748-1600x1067.jpg 1600w, https:\/\/kkp.uni-ak.ac.at\/wp-content\/uploads\/2024\/10\/IMG_7748-300x200.jpg 300w, https:\/\/kkp.uni-ak.ac.at\/wp-content\/uploads\/2024\/10\/IMG_7748-768x512.jpg 768w, https:\/\/kkp.uni-ak.ac.at\/wp-content\/uploads\/2024\/10\/IMG_7748-1536x1024.jpg 1536w, https:\/\/kkp.uni-ak.ac.at\/wp-content\/uploads\/2024\/10\/IMG_7748-2048x1365.jpg 2048w\" sizes=\"auto, (max-width: 706px) 89vw, (max-width: 767px) 82vw, 740px\" \/><\/figure>\n\n\n\n<figure class=\"wp-block-image size-large\"><img loading=\"lazy\" decoding=\"async\" width=\"1600\" height=\"1067\" data-id=\"2361\" src=\"https:\/\/kkp.uni-ak.ac.at\/wp-content\/uploads\/2024\/10\/DSC04161-1600x1067.jpg\" alt=\"\" class=\"wp-image-2361\" srcset=\"https:\/\/kkp.uni-ak.ac.at\/wp-content\/uploads\/2024\/10\/DSC04161-1600x1067.jpg 1600w, https:\/\/kkp.uni-ak.ac.at\/wp-content\/uploads\/2024\/10\/DSC04161-300x200.jpg 300w, https:\/\/kkp.uni-ak.ac.at\/wp-content\/uploads\/2024\/10\/DSC04161-768x512.jpg 768w, https:\/\/kkp.uni-ak.ac.at\/wp-content\/uploads\/2024\/10\/DSC04161-1536x1024.jpg 1536w, https:\/\/kkp.uni-ak.ac.at\/wp-content\/uploads\/2024\/10\/DSC04161-2048x1365.jpg 2048w\" sizes=\"auto, (max-width: 706px) 89vw, (max-width: 767px) 82vw, 740px\" \/><\/figure>\n\n\n\n<figure class=\"wp-block-image size-large\"><img loading=\"lazy\" decoding=\"async\" width=\"1600\" height=\"1067\" data-id=\"2348\" src=\"https:\/\/kkp.uni-ak.ac.at\/wp-content\/uploads\/2024\/10\/DSC04102-1600x1067.jpg\" alt=\"\" class=\"wp-image-2348\" srcset=\"https:\/\/kkp.uni-ak.ac.at\/wp-content\/uploads\/2024\/10\/DSC04102-1600x1067.jpg 1600w, https:\/\/kkp.uni-ak.ac.at\/wp-content\/uploads\/2024\/10\/DSC04102-300x200.jpg 300w, https:\/\/kkp.uni-ak.ac.at\/wp-content\/uploads\/2024\/10\/DSC04102-768x512.jpg 768w, https:\/\/kkp.uni-ak.ac.at\/wp-content\/uploads\/2024\/10\/DSC04102-1536x1024.jpg 1536w, https:\/\/kkp.uni-ak.ac.at\/wp-content\/uploads\/2024\/10\/DSC04102-2048x1365.jpg 2048w\" sizes=\"auto, (max-width: 706px) 89vw, (max-width: 767px) 82vw, 740px\" \/><\/figure>\n\n\n\n<figure class=\"wp-block-image size-large\"><img loading=\"lazy\" decoding=\"async\" width=\"1600\" height=\"1067\" data-id=\"2370\" src=\"https:\/\/kkp.uni-ak.ac.at\/wp-content\/uploads\/2024\/10\/DSC04130-1600x1067.jpg\" alt=\"\" class=\"wp-image-2370\" srcset=\"https:\/\/kkp.uni-ak.ac.at\/wp-content\/uploads\/2024\/10\/DSC04130-1600x1067.jpg 1600w, https:\/\/kkp.uni-ak.ac.at\/wp-content\/uploads\/2024\/10\/DSC04130-300x200.jpg 300w, https:\/\/kkp.uni-ak.ac.at\/wp-content\/uploads\/2024\/10\/DSC04130-768x512.jpg 768w, https:\/\/kkp.uni-ak.ac.at\/wp-content\/uploads\/2024\/10\/DSC04130-1536x1024.jpg 1536w, https:\/\/kkp.uni-ak.ac.at\/wp-content\/uploads\/2024\/10\/DSC04130-2048x1365.jpg 2048w\" sizes=\"auto, (max-width: 706px) 89vw, (max-width: 767px) 82vw, 740px\" \/><\/figure>\n\n\n\n<figure class=\"wp-block-image size-large\"><img loading=\"lazy\" decoding=\"async\" width=\"1600\" height=\"1067\" data-id=\"2367\" src=\"https:\/\/kkp.uni-ak.ac.at\/wp-content\/uploads\/2024\/10\/DSC04142-1600x1067.jpg\" alt=\"\" class=\"wp-image-2367\" srcset=\"https:\/\/kkp.uni-ak.ac.at\/wp-content\/uploads\/2024\/10\/DSC04142-1600x1067.jpg 1600w, https:\/\/kkp.uni-ak.ac.at\/wp-content\/uploads\/2024\/10\/DSC04142-300x200.jpg 300w, https:\/\/kkp.uni-ak.ac.at\/wp-content\/uploads\/2024\/10\/DSC04142-768x512.jpg 768w, https:\/\/kkp.uni-ak.ac.at\/wp-content\/uploads\/2024\/10\/DSC04142-1536x1024.jpg 1536w, https:\/\/kkp.uni-ak.ac.at\/wp-content\/uploads\/2024\/10\/DSC04142-2048x1365.jpg 2048w\" sizes=\"auto, (max-width: 706px) 89vw, (max-width: 767px) 82vw, 740px\" \/><\/figure>\n\n\n\n<figure class=\"wp-block-image size-large\"><img loading=\"lazy\" decoding=\"async\" width=\"800\" height=\"1200\" data-id=\"2377\" src=\"https:\/\/kkp.uni-ak.ac.at\/wp-content\/uploads\/2024\/10\/DSC04200-800x1200.jpg\" alt=\"\" class=\"wp-image-2377\" srcset=\"https:\/\/kkp.uni-ak.ac.at\/wp-content\/uploads\/2024\/10\/DSC04200-800x1200.jpg 800w, https:\/\/kkp.uni-ak.ac.at\/wp-content\/uploads\/2024\/10\/DSC04200-200x300.jpg 200w, https:\/\/kkp.uni-ak.ac.at\/wp-content\/uploads\/2024\/10\/DSC04200-768x1152.jpg 768w, https:\/\/kkp.uni-ak.ac.at\/wp-content\/uploads\/2024\/10\/DSC04200-1024x1536.jpg 1024w, https:\/\/kkp.uni-ak.ac.at\/wp-content\/uploads\/2024\/10\/DSC04200-1365x2048.jpg 1365w, https:\/\/kkp.uni-ak.ac.at\/wp-content\/uploads\/2024\/10\/DSC04200-scaled.jpg 1707w\" sizes=\"auto, (max-width: 706px) 89vw, (max-width: 767px) 82vw, 740px\" \/><\/figure>\n\n\n\n<figure class=\"wp-block-image size-large\"><img loading=\"lazy\" decoding=\"async\" width=\"800\" height=\"1200\" data-id=\"2374\" src=\"https:\/\/kkp.uni-ak.ac.at\/wp-content\/uploads\/2024\/10\/DSC04195-800x1200.jpg\" alt=\"\" class=\"wp-image-2374\" srcset=\"https:\/\/kkp.uni-ak.ac.at\/wp-content\/uploads\/2024\/10\/DSC04195-800x1200.jpg 800w, https:\/\/kkp.uni-ak.ac.at\/wp-content\/uploads\/2024\/10\/DSC04195-200x300.jpg 200w, https:\/\/kkp.uni-ak.ac.at\/wp-content\/uploads\/2024\/10\/DSC04195-768x1152.jpg 768w, https:\/\/kkp.uni-ak.ac.at\/wp-content\/uploads\/2024\/10\/DSC04195-1024x1536.jpg 1024w, https:\/\/kkp.uni-ak.ac.at\/wp-content\/uploads\/2024\/10\/DSC04195-1365x2048.jpg 1365w, https:\/\/kkp.uni-ak.ac.at\/wp-content\/uploads\/2024\/10\/DSC04195-scaled.jpg 1707w\" sizes=\"auto, (max-width: 706px) 89vw, (max-width: 767px) 82vw, 740px\" \/><\/figure>\n\n\n\n<figure class=\"wp-block-image size-large\"><img loading=\"lazy\" decoding=\"async\" width=\"800\" height=\"1200\" data-id=\"2365\" src=\"https:\/\/kkp.uni-ak.ac.at\/wp-content\/uploads\/2024\/10\/DSC04155-800x1200.jpg\" alt=\"\" class=\"wp-image-2365\" srcset=\"https:\/\/kkp.uni-ak.ac.at\/wp-content\/uploads\/2024\/10\/DSC04155-800x1200.jpg 800w, https:\/\/kkp.uni-ak.ac.at\/wp-content\/uploads\/2024\/10\/DSC04155-200x300.jpg 200w, https:\/\/kkp.uni-ak.ac.at\/wp-content\/uploads\/2024\/10\/DSC04155-768x1152.jpg 768w, https:\/\/kkp.uni-ak.ac.at\/wp-content\/uploads\/2024\/10\/DSC04155-1024x1536.jpg 1024w, https:\/\/kkp.uni-ak.ac.at\/wp-content\/uploads\/2024\/10\/DSC04155-1365x2048.jpg 1365w, https:\/\/kkp.uni-ak.ac.at\/wp-content\/uploads\/2024\/10\/DSC04155-scaled.jpg 1707w\" sizes=\"auto, (max-width: 706px) 89vw, (max-width: 767px) 82vw, 740px\" \/><\/figure>\n<\/figure>","protected":false},"excerpt":{"rendered":"<p>Beitrag des k\u00fcnstlerischen Lehramts (KKP, DAE, TEX) zum Angewandte Festival 2024 GEM ist ein wertvoller Stein, ein Teil von Gemeinschaft, ein St\u00fcck vom Gemeinsamen. GEM GEM&nbsp;steht f\u00fcr Polyphonie \u2013 es wird als Gemeinsame Ephemere Magie erzeugt, es funktioniert als&nbsp;Giftiges Edukatives Megafon oder f\u00fchrt uns gar durch unsere Gemeinn\u00fctzig-Eigensinnigen Mikrokosmen. Gemeinschaft wird zum Refugium, Sehnsuchtsort oder &hellip; <\/p>\n<p class=\"link-more\"><a href=\"https:\/\/kkp.uni-ak.ac.at\/en\/gem-gem-2\/\" class=\"more-link\">Continue reading<span class=\"screen-reader-text\"> &#8222;GEM GEM&#8220;<\/span><\/a><\/p>","protected":false},"author":35,"featured_media":0,"parent":0,"menu_order":0,"comment_status":"closed","ping_status":"closed","template":"","meta":{"inline_featured_image":false,"footnotes":""},"class_list":["post-4081","page","type-page","status-publish","hentry"],"_links":{"self":[{"href":"https:\/\/kkp.uni-ak.ac.at\/en\/wp-json\/wp\/v2\/pages\/4081","targetHints":{"allow":["GET"]}}],"collection":[{"href":"https:\/\/kkp.uni-ak.ac.at\/en\/wp-json\/wp\/v2\/pages"}],"about":[{"href":"https:\/\/kkp.uni-ak.ac.at\/en\/wp-json\/wp\/v2\/types\/page"}],"author":[{"embeddable":true,"href":"https:\/\/kkp.uni-ak.ac.at\/en\/wp-json\/wp\/v2\/users\/35"}],"replies":[{"embeddable":true,"href":"https:\/\/kkp.uni-ak.ac.at\/en\/wp-json\/wp\/v2\/comments?post=4081"}],"version-history":[{"count":1,"href":"https:\/\/kkp.uni-ak.ac.at\/en\/wp-json\/wp\/v2\/pages\/4081\/revisions"}],"predecessor-version":[{"id":4082,"href":"https:\/\/kkp.uni-ak.ac.at\/en\/wp-json\/wp\/v2\/pages\/4081\/revisions\/4082"}],"wp:attachment":[{"href":"https:\/\/kkp.uni-ak.ac.at\/en\/wp-json\/wp\/v2\/media?parent=4081"}],"curies":[{"name":"wp","href":"https:\/\/api.w.org\/{rel}","templated":true}]}}