{"id":3939,"date":"2026-04-08T12:28:21","date_gmt":"2026-04-08T12:28:21","guid":{"rendered":"https:\/\/kkp.uni-ak.ac.at\/?page_id=3939"},"modified":"2026-04-09T08:22:17","modified_gmt":"2026-04-09T08:22:17","slug":"gem-gem","status":"publish","type":"page","link":"https:\/\/kkp.uni-ak.ac.at\/en\/gem-gem\/","title":{"rendered":"GEM GEM"},"content":{"rendered":"<h2 class=\"wp-block-heading\">Beitrag des k\u00fcnstlerischen Lehramts (KKP, DAE, TEX) zum Angewandte Festival 2025<\/h2>\n\n\n\n<p><em>MI, 25.6. 2025  bis SA, 28.6.2025, 11 \u2013 21 Uhr<\/em><br><em>VZA7, 3. Stock, verschiedene Lehramts-R\u00e4ume<\/em><\/p>\n\n\n\n<p><strong>mit<\/strong><br>Design, Architektur und Environment f\u00fcr Kunstp\u00e4dagogik<br>\u2028Kunst- und Kommunikative Praxis\u2028<br>Textil \u2013 Freie, angewandte und experimentelle k\u00fcnstlerische Gestaltung\u2028<\/p>\n\n\n\n<p>Mit GEM GEM stellen die Abteilungen des k\u00fcnstlerischen Lehramts, KKP, DAE und TEX Geschichten des gemeinsamen Gestaltens, Lernens und Lehrens in den Mittelpunkt. Inspiriert von Ursula K. Le Guins <em>The Carrier Bag Theory of Fiction<\/em> versammelt die Ausstellung Arbeiten, die in kollaborativen Prozessen entstanden sind. Von gewebten Akten der Solidarit\u00e4t \u00fcber poetische Verunreinigungen bis hin zu imagin\u00e4ren Medien spiegeln die Beitr\u00e4ge vielf\u00e4ltige Zug\u00e4nge zu kollektiver Praxis, Technologie und Vermittlung wider. <\/p>\n\n\n\n<p>Mit einem Fokus auf partizipative und prozessorientierte Formate l\u00e4dt GEM GEM zum Austausch ein: Zelebriere die Sch\u00f6nheit allt\u00e4glicher Dinge und schnitze einen kreativen L\u00f6ffel, verweile bei provokanten Neuinterpretationen ikonischer M\u00f6bel oder kn\u00fcpfe deine eigene GEM GEM-Tragetasche. Entdecke verborgene Botschaften zu Themen wie Selbstwert und internalisierter Misogynie in einer textilen Installation. Reflektiere deine W\u00fcnsche mit Hilfe eines interaktiven Kartenspiels, tauche ein in von Studierenden gestaltete Magazine \u2013 und entdecke noch vieles mehr.<\/p>\n\n\n\n<p><strong>Beteiligte Kollektive:<\/strong> Raum f\u00fcr Nachhaltigkeit, b!ba \u2013 Bis Bald Magazin, Krach am Kanal, Spoonclub, Mz* Baltazar\u2019s Lab, Erika Farina und Melina Brass, Javaneh Involvierte<br><br><strong>Lectures<\/strong>: Zeichnung &amp; Skulptur, Poetry as Imagination, Studienreise Georgien, Imaginary Media u.a.<br><strong><br>Organisiert von den Lehrveranstaltungen:<\/strong> The Carrier-Bag Theory of Exhibition-Making von Ebba Frans\u00e9n Waldh\u00f6r und Vermittlung Vermitteln von B\u00e9la Meiers<\/p>\n\n\n\n<p><a href=\"https:\/\/dex-kkp-uni-ak.at\/\">PROGRAM GUIDE ZUM ANGEWANDTE FESTIVAL <\/a><\/p>\n\n\n\n<h2 class=\"wp-block-heading\">Wof\u00fcr steht GEM GEM?<\/h2>\n\n\n\n<p><strong>GEM GEM<\/strong>&nbsp;steht f\u00fcr Polyphonie \u2013 es wird als Gemeinsame Ephemere Magie erzeugt, es funktioniert als&nbsp;Giftiges Edukatives Megafon oder f\u00fchrt uns gar durch unsere Gemeinn\u00fctzig-Eigensinnigen Mikrokosmen. Gemeinschaft wird zum Refugium, Sehnsuchtsort oder Gegenprogramm und oft von der komplexen Realit\u00e4t des Einanderaushaltens eingeholt.&nbsp;<strong>GEM GEM<\/strong>&nbsp;entsteht aus einer Kooperation der k\u00fcnstlerischen Studienf\u00e4cher KKP (Kunst und Kommunikative Praxis) und DEX (Design, materielle Kultur und experimentelle Praxis). Darin werden k\u00fcnstlerisch-edukative Praktiken mit allt\u00e4glichen Denk- und Handlungsformen und wissenschaftlichen Methoden verwoben. Auf dieser Weise werden kritische Reflexionen zu kulturellen und \u00f6konomischen Bedingungen, Diversit\u00e4t, Inklusion, Gender und \u00d6kologie materialisiert.&nbsp;<strong>GEM GEM<\/strong>&nbsp;gibt Einblicke, was die Kunstp\u00e4dagogik an der Angewandten bewegt. Es legt die Aufmerksamkeit auf Formate der Zusammenarbeit: es wird gemeinsam gestaltet, zusammen gedacht, kollektiv organisiert und gelebt \u2013 gefeiert wird sowieso am liebsten gemeinsam.<\/p>\n\n\n\n<p><strong>GEM<\/strong> ist ein wertvoller Stein, ein Teil von Gemeinschaft, ein St\u00fcck vom Gemeinsamen.<\/p>\n\n\n\n<figure class=\"wp-block-gallery has-nested-images columns-default is-cropped wp-block-gallery-1 is-layout-flex wp-block-gallery-is-layout-flex\">\n<figure class=\"wp-block-image size-large\"><img loading=\"lazy\" decoding=\"async\" width=\"1000\" height=\"667\" data-id=\"3103\" src=\"https:\/\/kkp.uni-ak.ac.at\/wp-content\/uploads\/2026\/02\/DSC04874.jpg\" alt=\"\" class=\"wp-image-3103\" srcset=\"https:\/\/kkp.uni-ak.ac.at\/wp-content\/uploads\/2026\/02\/DSC04874.jpg 1000w, https:\/\/kkp.uni-ak.ac.at\/wp-content\/uploads\/2026\/02\/DSC04874-300x200.jpg 300w, https:\/\/kkp.uni-ak.ac.at\/wp-content\/uploads\/2026\/02\/DSC04874-768x512.jpg 768w, https:\/\/kkp.uni-ak.ac.at\/wp-content\/uploads\/2026\/02\/DSC04874-18x12.jpg 18w\" sizes=\"auto, (max-width: 706px) 89vw, (max-width: 767px) 82vw, 740px\" \/><\/figure>\n\n\n\n<figure class=\"wp-block-image size-large\"><img loading=\"lazy\" decoding=\"async\" width=\"1000\" height=\"667\" data-id=\"3102\" src=\"https:\/\/kkp.uni-ak.ac.at\/wp-content\/uploads\/2026\/02\/DSC04806.jpg\" alt=\"\" class=\"wp-image-3102\" srcset=\"https:\/\/kkp.uni-ak.ac.at\/wp-content\/uploads\/2026\/02\/DSC04806.jpg 1000w, https:\/\/kkp.uni-ak.ac.at\/wp-content\/uploads\/2026\/02\/DSC04806-300x200.jpg 300w, https:\/\/kkp.uni-ak.ac.at\/wp-content\/uploads\/2026\/02\/DSC04806-768x512.jpg 768w, https:\/\/kkp.uni-ak.ac.at\/wp-content\/uploads\/2026\/02\/DSC04806-18x12.jpg 18w\" sizes=\"auto, (max-width: 706px) 89vw, (max-width: 767px) 82vw, 740px\" \/><\/figure>\n\n\n\n<figure class=\"wp-block-image size-large\"><img loading=\"lazy\" decoding=\"async\" width=\"1000\" height=\"527\" data-id=\"3105\" src=\"https:\/\/kkp.uni-ak.ac.at\/wp-content\/uploads\/2026\/02\/MQ-APL-Francesca-2025-07-27-2105.jpg\" alt=\"\" class=\"wp-image-3105\" srcset=\"https:\/\/kkp.uni-ak.ac.at\/wp-content\/uploads\/2026\/02\/MQ-APL-Francesca-2025-07-27-2105.jpg 1000w, https:\/\/kkp.uni-ak.ac.at\/wp-content\/uploads\/2026\/02\/MQ-APL-Francesca-2025-07-27-2105-300x158.jpg 300w, https:\/\/kkp.uni-ak.ac.at\/wp-content\/uploads\/2026\/02\/MQ-APL-Francesca-2025-07-27-2105-768x405.jpg 768w, https:\/\/kkp.uni-ak.ac.at\/wp-content\/uploads\/2026\/02\/MQ-APL-Francesca-2025-07-27-2105-18x9.jpg 18w\" sizes=\"auto, (max-width: 706px) 89vw, (max-width: 767px) 82vw, 740px\" \/><\/figure>\n\n\n\n<figure class=\"wp-block-image size-large\"><img loading=\"lazy\" decoding=\"async\" width=\"1000\" height=\"667\" data-id=\"3104\" src=\"https:\/\/kkp.uni-ak.ac.at\/wp-content\/uploads\/2026\/02\/DSC08615.jpg\" alt=\"\" class=\"wp-image-3104\" srcset=\"https:\/\/kkp.uni-ak.ac.at\/wp-content\/uploads\/2026\/02\/DSC08615.jpg 1000w, https:\/\/kkp.uni-ak.ac.at\/wp-content\/uploads\/2026\/02\/DSC08615-300x200.jpg 300w, https:\/\/kkp.uni-ak.ac.at\/wp-content\/uploads\/2026\/02\/DSC08615-768x512.jpg 768w, https:\/\/kkp.uni-ak.ac.at\/wp-content\/uploads\/2026\/02\/DSC08615-18x12.jpg 18w\" sizes=\"auto, (max-width: 706px) 89vw, (max-width: 767px) 82vw, 740px\" \/><\/figure>\n\n\n\n<figure class=\"wp-block-image size-large\"><img loading=\"lazy\" decoding=\"async\" width=\"1000\" height=\"563\" data-id=\"3097\" src=\"https:\/\/kkp.uni-ak.ac.at\/wp-content\/uploads\/2026\/02\/20250626_205446.jpg\" alt=\"\" class=\"wp-image-3097\" srcset=\"https:\/\/kkp.uni-ak.ac.at\/wp-content\/uploads\/2026\/02\/20250626_205446.jpg 1000w, https:\/\/kkp.uni-ak.ac.at\/wp-content\/uploads\/2026\/02\/20250626_205446-300x169.jpg 300w, https:\/\/kkp.uni-ak.ac.at\/wp-content\/uploads\/2026\/02\/20250626_205446-768x432.jpg 768w, https:\/\/kkp.uni-ak.ac.at\/wp-content\/uploads\/2026\/02\/20250626_205446-18x10.jpg 18w\" sizes=\"auto, (max-width: 706px) 89vw, (max-width: 767px) 82vw, 740px\" \/><\/figure>\n\n\n\n<figure class=\"wp-block-image size-large\"><img loading=\"lazy\" decoding=\"async\" width=\"1000\" height=\"527\" data-id=\"3107\" src=\"https:\/\/kkp.uni-ak.ac.at\/wp-content\/uploads\/2026\/02\/MQ-APL-Francesca-2025-07-27-2105_1.jpg\" alt=\"\" class=\"wp-image-3107\" srcset=\"https:\/\/kkp.uni-ak.ac.at\/wp-content\/uploads\/2026\/02\/MQ-APL-Francesca-2025-07-27-2105_1.jpg 1000w, https:\/\/kkp.uni-ak.ac.at\/wp-content\/uploads\/2026\/02\/MQ-APL-Francesca-2025-07-27-2105_1-300x158.jpg 300w, https:\/\/kkp.uni-ak.ac.at\/wp-content\/uploads\/2026\/02\/MQ-APL-Francesca-2025-07-27-2105_1-768x405.jpg 768w, https:\/\/kkp.uni-ak.ac.at\/wp-content\/uploads\/2026\/02\/MQ-APL-Francesca-2025-07-27-2105_1-18x9.jpg 18w\" sizes=\"auto, (max-width: 706px) 89vw, (max-width: 767px) 82vw, 740px\" \/><\/figure>\n\n\n\n<figure class=\"wp-block-image size-large\"><img loading=\"lazy\" decoding=\"async\" width=\"1000\" height=\"667\" data-id=\"3096\" src=\"https:\/\/kkp.uni-ak.ac.at\/wp-content\/uploads\/2026\/02\/A9A9790.jpg\" alt=\"\" class=\"wp-image-3096\" srcset=\"https:\/\/kkp.uni-ak.ac.at\/wp-content\/uploads\/2026\/02\/A9A9790.jpg 1000w, https:\/\/kkp.uni-ak.ac.at\/wp-content\/uploads\/2026\/02\/A9A9790-300x200.jpg 300w, https:\/\/kkp.uni-ak.ac.at\/wp-content\/uploads\/2026\/02\/A9A9790-768x512.jpg 768w, https:\/\/kkp.uni-ak.ac.at\/wp-content\/uploads\/2026\/02\/A9A9790-18x12.jpg 18w\" sizes=\"auto, (max-width: 706px) 89vw, (max-width: 767px) 82vw, 740px\" \/><\/figure>\n\n\n\n<figure class=\"wp-block-image size-large\"><img loading=\"lazy\" decoding=\"async\" width=\"1000\" height=\"667\" data-id=\"3095\" src=\"https:\/\/kkp.uni-ak.ac.at\/wp-content\/uploads\/2026\/02\/A9A9770.jpg\" alt=\"\" class=\"wp-image-3095\" srcset=\"https:\/\/kkp.uni-ak.ac.at\/wp-content\/uploads\/2026\/02\/A9A9770.jpg 1000w, https:\/\/kkp.uni-ak.ac.at\/wp-content\/uploads\/2026\/02\/A9A9770-300x200.jpg 300w, https:\/\/kkp.uni-ak.ac.at\/wp-content\/uploads\/2026\/02\/A9A9770-768x512.jpg 768w, https:\/\/kkp.uni-ak.ac.at\/wp-content\/uploads\/2026\/02\/A9A9770-18x12.jpg 18w\" sizes=\"auto, (max-width: 706px) 89vw, (max-width: 767px) 82vw, 740px\" \/><\/figure>\n\n\n\n<figure class=\"wp-block-image size-large\"><img loading=\"lazy\" decoding=\"async\" width=\"1000\" height=\"667\" data-id=\"3094\" src=\"https:\/\/kkp.uni-ak.ac.at\/wp-content\/uploads\/2026\/02\/A9A9740.jpg\" alt=\"\" class=\"wp-image-3094\" srcset=\"https:\/\/kkp.uni-ak.ac.at\/wp-content\/uploads\/2026\/02\/A9A9740.jpg 1000w, https:\/\/kkp.uni-ak.ac.at\/wp-content\/uploads\/2026\/02\/A9A9740-300x200.jpg 300w, https:\/\/kkp.uni-ak.ac.at\/wp-content\/uploads\/2026\/02\/A9A9740-768x512.jpg 768w, https:\/\/kkp.uni-ak.ac.at\/wp-content\/uploads\/2026\/02\/A9A9740-18x12.jpg 18w\" sizes=\"auto, (max-width: 706px) 89vw, (max-width: 767px) 82vw, 740px\" \/><\/figure>\n\n\n\n<figure class=\"wp-block-image size-large\"><img loading=\"lazy\" decoding=\"async\" width=\"1000\" height=\"734\" data-id=\"3093\" src=\"https:\/\/kkp.uni-ak.ac.at\/wp-content\/uploads\/2026\/02\/A9A9699.jpg\" alt=\"\" class=\"wp-image-3093\" srcset=\"https:\/\/kkp.uni-ak.ac.at\/wp-content\/uploads\/2026\/02\/A9A9699.jpg 1000w, https:\/\/kkp.uni-ak.ac.at\/wp-content\/uploads\/2026\/02\/A9A9699-300x220.jpg 300w, https:\/\/kkp.uni-ak.ac.at\/wp-content\/uploads\/2026\/02\/A9A9699-768x564.jpg 768w, https:\/\/kkp.uni-ak.ac.at\/wp-content\/uploads\/2026\/02\/A9A9699-16x12.jpg 16w\" sizes=\"auto, (max-width: 706px) 89vw, (max-width: 767px) 82vw, 740px\" \/><\/figure>\n\n\n\n<figure class=\"wp-block-image size-large\"><img loading=\"lazy\" decoding=\"async\" width=\"1000\" height=\"714\" data-id=\"3101\" src=\"https:\/\/kkp.uni-ak.ac.at\/wp-content\/uploads\/2026\/02\/Angewandte_Festival_2025_\u00a9Lea_So1.jpg\" alt=\"\" class=\"wp-image-3101\" srcset=\"https:\/\/kkp.uni-ak.ac.at\/wp-content\/uploads\/2026\/02\/Angewandte_Festival_2025_\u00a9Lea_So1.jpg 1000w, https:\/\/kkp.uni-ak.ac.at\/wp-content\/uploads\/2026\/02\/Angewandte_Festival_2025_\u00a9Lea_So1-300x214.jpg 300w, https:\/\/kkp.uni-ak.ac.at\/wp-content\/uploads\/2026\/02\/Angewandte_Festival_2025_\u00a9Lea_So1-768x548.jpg 768w, https:\/\/kkp.uni-ak.ac.at\/wp-content\/uploads\/2026\/02\/Angewandte_Festival_2025_\u00a9Lea_So1-18x12.jpg 18w\" sizes=\"auto, (max-width: 706px) 89vw, (max-width: 767px) 82vw, 740px\" \/><\/figure>\n\n\n\n<figure class=\"wp-block-image size-large\"><img loading=\"lazy\" decoding=\"async\" width=\"714\" height=\"1000\" data-id=\"3100\" src=\"https:\/\/kkp.uni-ak.ac.at\/wp-content\/uploads\/2026\/02\/Angewandte_Festival_2025_\u00a9Lea_So1-Kopie.jpg\" alt=\"\" class=\"wp-image-3100\" srcset=\"https:\/\/kkp.uni-ak.ac.at\/wp-content\/uploads\/2026\/02\/Angewandte_Festival_2025_\u00a9Lea_So1-Kopie.jpg 714w, https:\/\/kkp.uni-ak.ac.at\/wp-content\/uploads\/2026\/02\/Angewandte_Festival_2025_\u00a9Lea_So1-Kopie-214x300.jpg 214w, https:\/\/kkp.uni-ak.ac.at\/wp-content\/uploads\/2026\/02\/Angewandte_Festival_2025_\u00a9Lea_So1-Kopie-9x12.jpg 9w\" sizes=\"auto, (max-width: 714px) 100vw, 714px\" \/><\/figure>\n<\/figure>\n\n\n\n<figure class=\"wp-block-image size-full is-resized\"><img loading=\"lazy\" decoding=\"async\" width=\"848\" height=\"1200\" src=\"https:\/\/kkp.uni-ak.ac.at\/wp-content\/uploads\/2024\/10\/GEM-GEM-teaser-screen-OK-848x1200-1.png\" alt=\"\" class=\"wp-image-2337\" style=\"aspect-ratio:0.7066717955566927;width:374px;height:auto\" srcset=\"https:\/\/kkp.uni-ak.ac.at\/wp-content\/uploads\/2024\/10\/GEM-GEM-teaser-screen-OK-848x1200-1.png 848w, https:\/\/kkp.uni-ak.ac.at\/wp-content\/uploads\/2024\/10\/GEM-GEM-teaser-screen-OK-848x1200-1-212x300.png 212w, https:\/\/kkp.uni-ak.ac.at\/wp-content\/uploads\/2024\/10\/GEM-GEM-teaser-screen-OK-848x1200-1-768x1087.png 768w\" sizes=\"auto, (max-width: 706px) 89vw, (max-width: 767px) 82vw, 740px\" \/><\/figure>\n\n\n\n<p><\/p>","protected":false},"excerpt":{"rendered":"<p>Beitrag des k\u00fcnstlerischen Lehramts (KKP, DAE, TEX) zum Angewandte Festival 2025 MI, 25.6. 2025 bis SA, 28.6.2025, 11 \u2013 21 UhrVZA7, 3. Stock, verschiedene Lehramts-R\u00e4ume mitDesign, Architektur und Environment f\u00fcr Kunstp\u00e4dagogik\u2028Kunst- und Kommunikative Praxis\u2028Textil \u2013 Freie, angewandte und experimentelle k\u00fcnstlerische Gestaltung\u2028 Mit GEM GEM stellen die Abteilungen des k\u00fcnstlerischen Lehramts, KKP, DAE und TEX Geschichten &hellip; <\/p>\n<p class=\"link-more\"><a href=\"https:\/\/kkp.uni-ak.ac.at\/en\/gem-gem\/\" class=\"more-link\">Continue reading<span class=\"screen-reader-text\"> &#8222;GEM GEM&#8220;<\/span><\/a><\/p>","protected":false},"author":35,"featured_media":0,"parent":0,"menu_order":0,"comment_status":"closed","ping_status":"closed","template":"","meta":{"inline_featured_image":false,"footnotes":""},"class_list":["post-3939","page","type-page","status-publish","hentry"],"_links":{"self":[{"href":"https:\/\/kkp.uni-ak.ac.at\/en\/wp-json\/wp\/v2\/pages\/3939","targetHints":{"allow":["GET"]}}],"collection":[{"href":"https:\/\/kkp.uni-ak.ac.at\/en\/wp-json\/wp\/v2\/pages"}],"about":[{"href":"https:\/\/kkp.uni-ak.ac.at\/en\/wp-json\/wp\/v2\/types\/page"}],"author":[{"embeddable":true,"href":"https:\/\/kkp.uni-ak.ac.at\/en\/wp-json\/wp\/v2\/users\/35"}],"replies":[{"embeddable":true,"href":"https:\/\/kkp.uni-ak.ac.at\/en\/wp-json\/wp\/v2\/comments?post=3939"}],"version-history":[{"count":6,"href":"https:\/\/kkp.uni-ak.ac.at\/en\/wp-json\/wp\/v2\/pages\/3939\/revisions"}],"predecessor-version":[{"id":4083,"href":"https:\/\/kkp.uni-ak.ac.at\/en\/wp-json\/wp\/v2\/pages\/3939\/revisions\/4083"}],"wp:attachment":[{"href":"https:\/\/kkp.uni-ak.ac.at\/en\/wp-json\/wp\/v2\/media?parent=3939"}],"curies":[{"name":"wp","href":"https:\/\/api.w.org\/{rel}","templated":true}]}}