{"id":3876,"date":"2026-04-08T07:35:05","date_gmt":"2026-04-08T07:35:05","guid":{"rendered":"https:\/\/kkp.uni-ak.ac.at\/?page_id=3876"},"modified":"2026-04-08T08:00:37","modified_gmt":"2026-04-08T08:00:37","slug":"film-documentary-as-a-form-of-storytelling-dokumentarfilm-als-storytellingformat","status":"publish","type":"page","link":"https:\/\/kkp.uni-ak.ac.at\/en\/film-documentary-as-a-form-of-storytelling-dokumentarfilm-als-storytellingformat\/","title":{"rendered":"Film documentary as a form of storytelling | Dokumentarfilm als Storytellingformat"},"content":{"rendered":"<p><em>lecture by Mwita MATARO<\/em><br>organised in cooperation with The STIR lecture series by the Diversity Office <strong><strong><br><br><\/strong>LECTURE &amp; DISCUSSION<\/strong><br>Monday 10 March 18:00 <br>Lecture\u00a0EN\u00a0| Q&amp;A DE-EN | OKP HS1 + Zoom<\/p>\n\n\n\n<p><\/p>\n\n\n\n<p>MATARO&nbsp;was born in Salzburg and lives in Vienna. He is known as the charismatic lead singer of Indie-Rock band At Pavillon; he is also co-founder of the association ADOE which builds safer spaces for BIPOC people and the cultural association&nbsp;one earth \u2013 one daham. MATARO will present AUSTROSCHWARZ, a documentary film due for release in 2025, which he co-directed with Helmut KARNER. As protagonist in AUSTROSCHWARZ MATARO explores questions of identity and experiences of being Black in Austria.<\/p>\n\n\n\n<p>This STIR lecture is organised by the&nbsp;Diversity Office and Dirty Pink Waters of Collectivity, KKP.<\/p>\n\n\n\n<p>STIR is an initiative of the Diversity Office of the Angewandte and explores intersectional and interdisciplinary insights on Diversity, Equal Opportunities and Inclusion;&nbsp;to foster&nbsp;structural and substantive change.<\/p>\n\n\n\n<p>Lecture in English, followed by discussion in English and German. Moderated by Iketina Danso of the Diversity Office.<br>Free and open to all.<\/p>\n\n\n\n<p>HS1 Oskar Kokoschkaplatz. 2. Accessibility&nbsp;info: <a href=\"http:\/\/www.dieangewandte.at\/barrierfrei\" target=\"_blank\" rel=\"noreferrer noopener\">www.dieangewandte.at\/barrierfrei<\/a><\/p>\n\n\n\n<p><\/p>\n\n\n\n<p>&#8211;DE&#8211;<\/p>\n\n\n\n<p>Der n\u00e4chste STIR-Vortrag wird von Mwita MATARO gehalten: \u201cDokumentarfilm als Storytellingformat.\u201d<\/p>\n\n\n\n<p>MATARO, geboren in Salzburg und in Wien lebend, ist Kunst- und Kulturschaffender. S\u00e4nger der Indie-Rockband At Pavillon. Auch Mitbegr\u00fcnder des Vereins ADOE und des Kulturvereins one earth \u2013 one daham. 2025 erscheint seine Kinodokumentation AUSTROSCHWARZ, bei der er als Co &#8211; Regisseur und Protagonist t\u00e4tig ist. Ein Dokumentarfilmdeb\u00fct. Da setzt sich Mataro mit der Frage auseinander, was Schwarz-sein in \u00d6sterreich f\u00fcr ihn bedeutet.<\/p>\n\n\n\n<p>Diesen STIR-Vortrag wird von dem Diversit\u00e4tsb\u00fcro, zusammen mit Dirty Pink Waters of Collectivity, KKP, organisiert.<br>Gratis und offen f\u00fcr alle.<\/p>\n\n\n\n<p>HS1 Oskar Kokoschkaplatz. 2. Accessibility\u00a0info: <a href=\"http:\/\/www.dieangewandte.at\/barrierfrei\" target=\"_blank\" rel=\"noreferrer noopener\">www.dieangewandte.at\/barrierfrei<\/a><br><\/p>\n\n\n\n<figure class=\"wp-block-image size-full\"><img loading=\"lazy\" decoding=\"async\" width=\"818\" height=\"1024\" src=\"https:\/\/kkp.uni-ak.ac.at\/wp-content\/uploads\/2025\/03\/Dokumetarfilm-als-Sotrytellingformat_STIR.jpeg\" alt=\"\" class=\"wp-image-2684\" srcset=\"https:\/\/kkp.uni-ak.ac.at\/wp-content\/uploads\/2025\/03\/Dokumetarfilm-als-Sotrytellingformat_STIR.jpeg 818w, https:\/\/kkp.uni-ak.ac.at\/wp-content\/uploads\/2025\/03\/Dokumetarfilm-als-Sotrytellingformat_STIR-240x300.jpeg 240w, https:\/\/kkp.uni-ak.ac.at\/wp-content\/uploads\/2025\/03\/Dokumetarfilm-als-Sotrytellingformat_STIR-768x961.jpeg 768w\" sizes=\"auto, (max-width: 706px) 89vw, (max-width: 767px) 82vw, 740px\" \/><figcaption class=\"wp-element-caption\">Photo \u00a9Johanna Lea Lassnig @johannalealassnig<br>Design Claudia Holzinger @claudia_holzinger<\/figcaption><\/figure>","protected":false},"excerpt":{"rendered":"<p>lecture by Mwita MATAROorganised in cooperation with The STIR lecture series by the Diversity Office LECTURE &amp; DISCUSSIONMonday 10 March 18:00 Lecture\u00a0EN\u00a0| Q&amp;A DE-EN | OKP HS1 + Zoom MATARO&nbsp;was born in Salzburg and lives in Vienna. He is known as the charismatic lead singer of Indie-Rock band At Pavillon; he is also co-founder of &hellip; <\/p>\n<p class=\"link-more\"><a href=\"https:\/\/kkp.uni-ak.ac.at\/en\/film-documentary-as-a-form-of-storytelling-dokumentarfilm-als-storytellingformat\/\" class=\"more-link\">Continue reading<span class=\"screen-reader-text\"> &#8222;Film documentary as a form of storytelling | Dokumentarfilm als Storytellingformat&#8220;<\/span><\/a><\/p>","protected":false},"author":35,"featured_media":0,"parent":0,"menu_order":0,"comment_status":"closed","ping_status":"closed","template":"","meta":{"inline_featured_image":false,"footnotes":""},"class_list":["post-3876","page","type-page","status-publish","hentry"],"_links":{"self":[{"href":"https:\/\/kkp.uni-ak.ac.at\/en\/wp-json\/wp\/v2\/pages\/3876","targetHints":{"allow":["GET"]}}],"collection":[{"href":"https:\/\/kkp.uni-ak.ac.at\/en\/wp-json\/wp\/v2\/pages"}],"about":[{"href":"https:\/\/kkp.uni-ak.ac.at\/en\/wp-json\/wp\/v2\/types\/page"}],"author":[{"embeddable":true,"href":"https:\/\/kkp.uni-ak.ac.at\/en\/wp-json\/wp\/v2\/users\/35"}],"replies":[{"embeddable":true,"href":"https:\/\/kkp.uni-ak.ac.at\/en\/wp-json\/wp\/v2\/comments?post=3876"}],"version-history":[{"count":1,"href":"https:\/\/kkp.uni-ak.ac.at\/en\/wp-json\/wp\/v2\/pages\/3876\/revisions"}],"predecessor-version":[{"id":3877,"href":"https:\/\/kkp.uni-ak.ac.at\/en\/wp-json\/wp\/v2\/pages\/3876\/revisions\/3877"}],"wp:attachment":[{"href":"https:\/\/kkp.uni-ak.ac.at\/en\/wp-json\/wp\/v2\/media?parent=3876"}],"curies":[{"name":"wp","href":"https:\/\/api.w.org\/{rel}","templated":true}]}}