{"id":3700,"date":"2026-04-01T11:57:00","date_gmt":"2026-04-01T11:57:00","guid":{"rendered":"https:\/\/kkp.uni-ak.ac.at\/?page_id=3700"},"modified":"2026-04-08T10:41:02","modified_gmt":"2026-04-08T10:41:02","slug":"event-museum-der-migration-_-ewige-anfaenge-_-stories-repeating","status":"publish","type":"page","link":"https:\/\/kkp.uni-ak.ac.at\/en\/event-museum-der-migration-_-ewige-anfaenge-_-stories-repeating\/","title":{"rendered":"COLLECTIVE EXPERIMENT: Nourishing our Multiple Selves"},"content":{"rendered":"<p><em>In the framework of the seminar Museum der Migration _ Ewige Anf\u00e4nge _ Stories Repeating at the Angewandte (Art and Communicative Practices) held by the MUSMIG collective and Sofia Bempeza. We spent the past months finding expressions for silence and processes of silencing, writing manifestos, and asking poetic inquiries.\u00a0<\/em><\/p>\n\n\n\n<p><em>in collaboration wiht STIR* (Lecture series on Diversity, Equal Opportunities and Inclusion, coordinated by Iketina Danso, Angewandte<\/em><\/p>\n\n\n\n<h2 class=\"wp-block-heading\">Nourishing our multiple selves <br>MUSMIG, 9. Jan. at Volkskunde Museum<\/h2>\n\n\n\n<p><strong>Nourishing yourself doesn&#8217;t just mean eating to satisfy hunger or drinking to not feel thirsty. Body, mind and soul, can and should be nourished in various ways. They can be nourished by being together, producing together, being creative and being able to live out the self in a safe environment. What if we can&#8217;t nurture ourselves because we are uprooted, don&#8217;t feel safe, or because we can&#8217;t be our true selves?<\/strong><\/p>\n\n\n\n<p><strong>We invite you on January 9th to think about possibilities of taking roots with us, and participate in our collective experiment on nourishing our multiple selves. <\/strong><em><br><\/em><\/p>\n\n\n\n<p><strong>Join us at <\/strong><br>the Volkskunde Museum, <br>Pavillion 1 <br>at the Otto-Wagner-Areal <\/p>\n\n\n\n<p><em>Nourishing our multiple selves, <\/em>through&nbsp;<\/p>\n\n\n\n<p>grounding and growing<\/p>\n\n\n\n<p>writing and binding<\/p>\n\n\n\n<p>cooking and eating<\/p>\n\n\n\n<p>*****&nbsp;&nbsp;<\/p>\n\n\n\n<p>The MUSMIG collective is an attempt at (post-)migrant self-historicisation; it demands a museum of migration in Austria. Since autumn 2024, MUSMIG has found a temporary shelter at the Otto-Wagner-Areal, following an invitation from Volkskundemuseum Vienna.<\/p>\n\n\n\n<p>The event is part of the DIRTY PINK WATERS OF COLLECTIVITY &#8211; the KKP TALKS and WORKSHOPS series on intersectional art pedagogies, organized in coolaboration with the MUSMIG collective hosted by the Volkundesmuseum Vienna at Otto Wagner Areal.<\/p>\n\n\n\n<h2 class=\"wp-block-heading\">Program<\/h2>\n\n\n\n<p><strong>Collective planting<\/strong> &#8211; <strong>5:00 pm\u00a0<\/strong><\/p>\n\n\n\n<p>Through our plants we ask: How do you feel here? Can you thrive at this place or are you dreaming of a different air, sun, earth? With whose blood is the ground of a place soaked? Have you ever asked and have you yearned being asked these questions?<\/p>\n\n\n\n<p>Plants and humans are similar: we take root, we need light, water and nutrients, we live with the seasons, we constantly renew ourselves, we grow. We also share things like (forced) migration, being uprooted and having to take new roots.&nbsp;<\/p>\n\n\n\n<p><strong>Writing workshop<\/strong> &#8211; <strong>5:30 pm &#8211; 7 pm<\/strong><\/p>\n\n\n\n<p>Let us find words together. The planting aims to create a generative soil to share stories of ourselves, of collectivity, and the unspeakable, What nourishes you?&nbsp;<\/p>\n\n\n\n<p>You can bring your favourite recipe or think about it in advance &#8211; but keep in mind that nourishment doesn&#8217;t only mean food! After the workshop, written text(s), poem(s) or recipes can be offered to be included in a zine created for MUSMIG by the students group\/workshop participants.&nbsp;<\/p>\n\n\n\n<p>The workshop will be held in English and German. You are however welcome to write in any other languages you feel comfortable with.&nbsp;<\/p>\n\n\n\n<p><strong>Cooking Recipes of Nourishment and Collectivity<\/strong> &#8211; <strong>5:30 pm-7:00 pm<\/strong><\/p>\n\n\n\n<p><strong>Joint Dinner (vegeterian meal)<\/strong> &#8211; <strong>From 7:00 pm<\/strong><\/p>\n\n\n\n<p>Food and recipes of nourishment are our (self)caring strategies , for us and each other. Lets share food and thoughts, eat what we cooked from recipes of nourishment, recipes of collectivity, of travelling, of being on the way, of arriving, of taking roots.&nbsp;&nbsp;<\/p>\n\n\n\n<p>Participants: Nicole Dania F\u00f6l\u00df, Vir\u00e1g Garamv\u00f6lgyi, Iris Gamarra, Teresa Keller, Radostina Kostadinova, Shahrzad Nazarpour, Veronika Nikiforova, Aliza Peisker, Bastian Rieker, Annalena Stocker&nbsp;<\/p>\n\n\n\n<p>About MUSMIG: Since 2019, historians, social and cultural scientists, artists, and activists have been working together in a growing collective. MUSMIG is represented by Ljubomir Brati\u0107, Gabriela Urrutia Reyes, Elena Messner, Mehmet Emir, Araba Evelyn Johnston-Arthur, Mariama Nzinga Diallo, Lia Kastiyo-Spin\u00f3sa, Anna Seidel, Savo Risti\u0107, Yvonne \u017divkovi\u0107, Natalie Deewan, Magdalena Winkler, Katharina Kulesza, Hanna Salentinig, Joel Souza Cabrera, Goran Lazi\u010di\u0107 and many others.<\/p>\n\n\n\n<h2 class=\"wp-block-heading\">DEUTSCHE VERSION<br><em>Nourishing our multiple selves\u00a0<\/em><br><\/h2>\n\n\n\n<p>Sich selbst zu n\u00e4hren bedeutet nicht nur, zu essen, um den Hunger zu stillen, oder zu trinken, um keinen Durst zu versp\u00fcren. K\u00f6rper und Geist k\u00f6nnen und sollten auf verschiedene Weise gen\u00e4hrt werden. Sie k\u00f6nnen gen\u00e4hrt werden, indem sie zueinander finden, zusammen kreieren und ihr Selbst in einer sicheren Umgebung entfalten k\u00f6nnen. Was also, wenn wir uns nicht n\u00e4hren k\u00f6nnen, weil wir entwurzelt sind, uns nicht sicher f\u00fchlen oder nicht unser wahres Selbst sein k\u00f6nnen?<\/p>\n\n\n\n<p>Wir laden Sie am 9. Januar ein, mit uns \u00fcber M\u00f6glichkeiten der Verwurzelung nachzudenken und an unserem kollektiven Experiment teilzunehmen, unser vielf\u00e4ltiges Selbst zu n\u00e4hren. Im Rahmen des Seminars &#8222;Museum der Migration _ Ewige Anf\u00e4nge _ Stories Repeating&#8220; an der Angewandten (Kunst und kommunikative Praktiken) gemeinsam mit dem Verein MUSMIG und Sofia Bempeza haben wir die letzten Monate damit verbracht, Ausdr\u00fccke f\u00fcr das Schweigen und Prozesse des Verstummens zu finden, Manifeste zu schreiben und poetische Fragen zu stellen.<\/p>\n\n\n\n<p>Besuchen Sie uns im Volkskunde Museum, Pavillon 1 auf dem Otto-Wagner-Areal in&nbsp;<\/p>\n\n\n\n<p>Unser vielf\u00e4ltiges Selbst n\u00e4hren, durch&nbsp;<\/p>\n\n\n\n<p>das Erden und Wachsen,<\/p>\n\n\n\n<p>Schreiben und Buchbinden,<\/p>\n\n\n\n<p>Kochen und Essen.<\/p>\n\n\n\n<p>****<\/p>\n\n\n\n<p>Das Kollektiv MUSMIG ist ein Versuch der (post-)migrantischen Selbsthistorisierung und fordert ein Museum der Migration in \u00d6sterreich. Seit Herbst 2024 hat MUSMIG auf Einladung des Volkskundemuseums Wien eine tempor\u00e4re Bleibe auf dem Otto-Wagner-Areal gefunden.<\/p>\n\n\n\n<p>Die Veranstaltung ist Teil der DIRTY PINK WATERS OF COLLECTIVITY &#8211; der KKP TALKS and WORKSHOPS Reihe zu intersektionalen Kunstp\u00e4dagogiken, die in Zusammenarbeit mit dem MUSMIG-Kollektiv vom Volkskundemuseum Wien auf dem Otto-Wagner-Areal veranstaltet wird.<\/p>\n\n\n\n<h2 class=\"wp-block-heading\">Programm<\/h2>\n\n\n\n<p><strong>Kollektives Bepflanzen<\/strong><\/p>\n\n\n\n<p>17:00 Uhr<\/p>\n\n\n\n<p>Durch unsere Pflanzen fragen wir: Wie f\u00fchlst du dich hier? Kannst du an diesem Ort gedeihen oder tr\u00e4umst du von einer anderen Luft, Sonne, Erde? Mit wessen Blut ist der Boden dieses Ortes getr\u00e4nkt? Haben Sie sich diese Fragen schon einmal gestellt und haben Sie sich danach gesehnt?<\/p>\n\n\n\n<p>Pflanzen und Menschen sind sich \u00e4hnlich: Wir schlagen Wurzeln, wir brauchen Licht, Wasser und N\u00e4hrstoffe, wir leben mit den Jahreszeiten, wir erneuern uns st\u00e4ndig, wir wachsen. Wir haben auch Dinge gemeinsam wie (erzwungene) Migration, Entwurzelung und die Notwendigkeit, neue Wurzeln zu schlagen.&nbsp;<\/p>\n\n\n\n<p><strong>Schreibwerkstatt<\/strong><\/p>\n\n\n\n<p>17:30 &#8211; 19:00<\/p>\n\n\n\n<p>Lasst uns gemeinsam Worte finden. Das Pflanzen-Setzen zielt darauf ab, einen generativen Boden zu schaffen, um Geschichten von uns selbst, von der Gemeinschaft und dem Unaussprechlichen zu teilen: Was n\u00e4hrt dich?&nbsp;<\/p>\n\n\n\n<p>Sie k\u00f6nnen Ihr Lieblingsrezept mitbringen oder im Voraus dar\u00fcber nachdenken &#8211; aber denken Sie daran, dass Nahrung nicht nur Essen bedeutet! Nach dem Workshop k\u00f6nnen Texte, Gedichte oder Rezepte angeboten werden, um in ein kollaboratives Heft aufgenommen zu werden, das von der Studierendengruppe\/den Workshopteilnehmern f\u00fcr MUSMIG erstellt wird.&nbsp;<\/p>\n\n\n\n<p>Der Workshop wird auf Englisch und Deutsch abgehalten. Sie sind jedoch herzlich eingeladen, in jeder anderen Sprache zu schreiben, in der Sie sich wohl f\u00fchlen.&nbsp;&nbsp;<\/p>\n\n\n\n<p><strong>Kochen von Rezepten zum N\u00e4heren und Gemeinschaftsbildung<\/strong><\/p>\n\n\n\n<p>17:30-19:00<\/p>\n\n\n\n<p>Gemeinsames Abendessen (vegetarisches Essen)<\/p>\n\n\n\n<p>Ab 19:00<\/p>\n\n\n\n<p>Essen und Rezepte der Ern\u00e4hrung sind unsere (Selbst-)F\u00fcrsorgestrategien, f\u00fcr uns und f\u00fcr einander. Lasst uns Essen und Gedanken austauschen, essen, was wir nach Rezepten der Ern\u00e4hrung, der Gemeinschaft, des Reisens, des Unterwegsseins, des Ankommens, des Wurzelnschlagens gekocht haben.&nbsp;<\/p>\n\n\n\n<h2 class=\"wp-block-heading\">Partizipierende<\/h2>\n\n\n\n<p>Nicole Dania F\u00f6l\u00df, Vir\u00e1g Garamv\u00f6lgyi, Iris Gamarra, Teresa Keller, Radostina Kostadinova, Shahrzad Nazarpour, Veronika Nikiforova, Aliza Peisker, Bastian Rieker, Annalena Stocker&nbsp;<\/p>\n\n\n\n<p>\u00dcber MUSMIG: Seit 2019 arbeiten Historiker, Sozial- und Kulturwissenschaftler, K\u00fcnstler und Aktivisten in einem wachsenden Kollektiv zusammen. MUSMIG ist vertreten durch Ljubomir Brati\u0107, Gabriela Urrutia Reyes, Elena Messner, Mehmet Emir, Araba Evelyn Johnston-Arthur, Mariama Nzinga Diallo, Lia Kastiyo-Spin\u00f3sa, Anna Seidel, Savo Risti\u0107, Yvonne \u017divkovi\u0107, Natalie Deewan, Magdalena Winkler, Katharina Kulesza, Hanna Salentinig, Joel Souza Cabrera, Goran Lazi\u010di\u0107 und viele andere.<\/p>\n\n\n\n<p>Das Kollektiv MUSMIG ist ein Versuch (post-)migrantischer Selbsthistorisierung; es fordert ein Museum der Migration in \u00d6sterreich. MUSMIG hat seit Herbst 2024 auf Einladung des Volkskundemuseums Wien im Otto-Wagner-Areal ihre Zelte aufgeschlagen.<\/p>\n\n\n\n<p><\/p>\n\n\n\n<p><\/p>\n\n\n\n<figure class=\"wp-block-image size-large is-resized\"><img loading=\"lazy\" decoding=\"async\" width=\"848\" height=\"1200\" src=\"https:\/\/kkp.uni-ak.ac.at\/wp-content\/uploads\/2025\/01\/MUSMIG-JAN-25-848x1200.jpg\" alt=\"\" class=\"wp-image-2587\" style=\"aspect-ratio:0.7066717955566927;width:464px;height:auto\" srcset=\"https:\/\/kkp.uni-ak.ac.at\/wp-content\/uploads\/2025\/01\/MUSMIG-JAN-25-848x1200.jpg 848w, https:\/\/kkp.uni-ak.ac.at\/wp-content\/uploads\/2025\/01\/MUSMIG-JAN-25-212x300.jpg 212w, https:\/\/kkp.uni-ak.ac.at\/wp-content\/uploads\/2025\/01\/MUSMIG-JAN-25-768x1086.jpg 768w, https:\/\/kkp.uni-ak.ac.at\/wp-content\/uploads\/2025\/01\/MUSMIG-JAN-25-1086x1536.jpg 1086w, https:\/\/kkp.uni-ak.ac.at\/wp-content\/uploads\/2025\/01\/MUSMIG-JAN-25-1448x2048.jpg 1448w, https:\/\/kkp.uni-ak.ac.at\/wp-content\/uploads\/2025\/01\/MUSMIG-JAN-25.jpg 1587w\" sizes=\"auto, (max-width: 706px) 89vw, (max-width: 767px) 82vw, 740px\" \/><\/figure>","protected":false},"excerpt":{"rendered":"<p>In the framework of the seminar Museum der Migration _ Ewige Anf\u00e4nge _ Stories Repeating at the Angewandte (Art and Communicative Practices) held by the MUSMIG collective and Sofia Bempeza. We spent the past months finding expressions for silence and processes of silencing, writing manifestos, and asking poetic inquiries.\u00a0 in collaboration wiht STIR* (Lecture series &hellip; <\/p>\n<p class=\"link-more\"><a href=\"https:\/\/kkp.uni-ak.ac.at\/en\/event-museum-der-migration-_-ewige-anfaenge-_-stories-repeating\/\" class=\"more-link\">Continue reading<span class=\"screen-reader-text\"> &#8222;COLLECTIVE EXPERIMENT: Nourishing our Multiple Selves&#8220;<\/span><\/a><\/p>","protected":false},"author":35,"featured_media":0,"parent":0,"menu_order":0,"comment_status":"closed","ping_status":"closed","template":"","meta":{"inline_featured_image":false,"footnotes":""},"class_list":["post-3700","page","type-page","status-publish","hentry"],"_links":{"self":[{"href":"https:\/\/kkp.uni-ak.ac.at\/en\/wp-json\/wp\/v2\/pages\/3700","targetHints":{"allow":["GET"]}}],"collection":[{"href":"https:\/\/kkp.uni-ak.ac.at\/en\/wp-json\/wp\/v2\/pages"}],"about":[{"href":"https:\/\/kkp.uni-ak.ac.at\/en\/wp-json\/wp\/v2\/types\/page"}],"author":[{"embeddable":true,"href":"https:\/\/kkp.uni-ak.ac.at\/en\/wp-json\/wp\/v2\/users\/35"}],"replies":[{"embeddable":true,"href":"https:\/\/kkp.uni-ak.ac.at\/en\/wp-json\/wp\/v2\/comments?post=3700"}],"version-history":[{"count":7,"href":"https:\/\/kkp.uni-ak.ac.at\/en\/wp-json\/wp\/v2\/pages\/3700\/revisions"}],"predecessor-version":[{"id":3915,"href":"https:\/\/kkp.uni-ak.ac.at\/en\/wp-json\/wp\/v2\/pages\/3700\/revisions\/3915"}],"wp:attachment":[{"href":"https:\/\/kkp.uni-ak.ac.at\/en\/wp-json\/wp\/v2\/media?parent=3700"}],"curies":[{"name":"wp","href":"https:\/\/api.w.org\/{rel}","templated":true}]}}