{"id":3563,"date":"2026-03-31T14:13:41","date_gmt":"2026-03-31T14:13:41","guid":{"rendered":"https:\/\/kkp.uni-ak.ac.at\/?page_id=3563"},"modified":"2026-04-17T14:36:28","modified_gmt":"2026-04-17T14:36:28","slug":"fotografische-archive-kollektivitaet-und-solidaritaetfotografische-archive-mit-yasmine-eid-sabbagh-2","status":"publish","type":"page","link":"https:\/\/kkp.uni-ak.ac.at\/en\/fotografische-archive-kollektivitaet-und-solidaritaetfotografische-archive-mit-yasmine-eid-sabbagh-2\/","title":{"rendered":"CONFERENCE &#8211; WHAT IS INFRASTRUCTURAL CRITIQUE?"},"content":{"rendered":"<h2 class=\"wp-block-heading\">A celebration of the life and work of Marina Vishmidt<\/h2>\n\n\n\n<h3 class=\"wp-block-heading\"><strong>WED\u2013FRI<\/strong>, <strong>October 29\u201331, 2025<\/strong><br><strong>Universit\u00e4t f\u00fcr angewandte Kunst<\/strong><br><strong>Vordere Zollamtstra\u00dfe 7, 1030 Wien<\/strong><br><strong>Auditorium, EG \/ Ground Floor<\/strong><\/h3>\n\n\n\n<h3 class=\"wp-block-heading\">The conference <em>What is Infrastructural Critique? <\/em>featured artists, critical theorists and collaborators with Marina Vishmidt, who came together to think through Vishmidt\u2019s concept of infrastructural critique, a materialist approach to the infrastructures of contemporary art oriented towards aesthetics and political struggle in all of its interconnected modes and scales. Themes of discussion did include: infrastructural critique and ecology, infrastructural critique vs. institutional critique, art and political economy, art and logistics, the politics of abolition in contemporary art, infrastructural critique and music and the relationship of infrastructure to race.<\/h3>\n\n\n\n<h3 class=\"wp-block-heading\">Marina Vishmidt was Professor of Art Theory at the Angewandte between October 2023 and April 2024.\u00a0<br><br><\/h3>\n\n\n\n<h3 class=\"wp-block-heading\"><strong>The conference is curated by<\/strong> <br>Danny Hayward and Rose-Anne Gush, and organized by Sofia Bempeza, Rose-Anne Gush, Danny Hayward, Annette Krauss.<br><strong>With talks and presentations by<\/strong> <br>Marwa Arsanios, Hannah Black, Maria Bussmann, Helmut Draxler, Rose-Anne Gush, Danny Hayward, Angela Melitopoulos + Kerstin Schroedinger, Taylor Le Melle\u00a0 Mattin, Andreas Petrossiants, Natascha Sadr Haghighian, Robert Schlicht + Romana Schmalisch, Kerstin Stakemeier, Alberto Toscano<br><strong>Moderations by<\/strong><br>Alexi Kukuljevic, Amanda Holmes, Annette Krauss, Danny Hayward, Nanna Heidenreich, Sofia Bempeza<br><strong>Hosted by<\/strong> <br>the department Art and Communication Practices, Institute of Studies in Art and Art Education, University of Applied Arts Vienna\/ part of Dirty Pink Waters of Collectivity<\/h3>\n\n\n\n<h3 class=\"wp-block-heading\">FORTHCOMING PUBLICTION<br>Infrastructural Critique: Contemporary Art Between Reproduction and Abolition, forthcoming with Verso in 2026.<\/h3>\n\n\n\n<p><\/p>\n\n\n\n<h3 class=\"wp-block-heading\"><strong>Thank you for your generous support<\/strong><br><br><strong>Student assistants<\/strong><br>Meret Caderas, James Elsey, Claudia Florentina Marija Jan\u010di\u0107, Valentina Santner, Anna Schoissengeyer, Ronja Wolf<br><strong>Technicians and videographers<\/strong><br>Fine Freiberg, Tatia Skhirtladze, Thomas Mitterb\u00f6ck, Maximiliam Maitz<br><strong>Administration, Facility, and Event Management<\/strong><br>All contributing colleagues, and especially Martina Dragschitz, Alexandra Frank, Shirley Thurner, and the colleagues at the departments of the Institute of Studies in Art and Art Education.<\/h3>\n\n\n\n<p><\/p>\n\n\n\n<h2 class=\"wp-block-heading\">PROGRAM<\/h2>\n\n\n\n<p><strong>WED 29.10: 18-20.00<br>THU 30.10: 10.30-18.30<br>FRI 31.10 10.30-18.30<\/strong><\/p>\n\n\n\n<h3 class=\"wp-block-heading\"><strong>Wednesday 29th<\/strong><\/h3>\n\n\n\n<p>18-20.00<br>Welcome: Sofia Bempeza and Annette Krauss (dep. Art and Communication Practices)<br>Opening of the conference: Vice Rector Brigitte Felderer<br>Keynote: Danny Hayward \u2018We are here and we are in it\u2019,<br>moderated by Annette Krauss<\/p>\n\n\n\n<h3 class=\"wp-block-heading\"><strong>Thursday 30th<\/strong><\/h3>\n\n\n\n<p>10.30.-13.30<br>Welcome: Annette Krauss<br>Natascha Sadr Haghighian \u2018flames to dust\u2019<br>Rose-Anne Gush \u2018Figures of Entropy as Anchors of Value\u2019<br>Helmut Draxler \u2018Institution, Infrastructure, or Critique? Reconstructing the lines of conflict\u2019<br>Moderated by Sofia Bempeza<\/p>\n\n\n\n<p>14.30-16.00<br>Taylor Le Melle<br>Marwa Arsanios \u2018Reading Marina Vishmidt in Beirut: A conversation that did not happen yet had happened long ago\u2019<br>Moderated by Nanna Heidenreich<\/p>\n\n\n\n<p>16.30-18.00<br>Maria Bussmann \u2018take a virtual tour: thoughts and images for Marina\u2019<br>Angela Melitopoulos und Kerstin Schroedinger \u2018Being Moved: Infrastructures of Denial\u2019<br>Moderated by Rose-Anne Gush<\/p>\n\n\n\n<h3 class=\"wp-block-heading\"><strong>Friday 31st<\/strong><\/h3>\n\n\n\n<p>10.30-13.30<br>Welcome: Sofia Bempeza<br>Robert Schlicht und Romana Schmalisch \u2018Talking the enemy\u2019s language\u2019<br>Hannah Black<br>Andreas Petrossiants<br>Moderated by Amanda Holmes<\/p>\n\n\n\n<p>14.30-16.00<br>Kerstin Stakemeier \u2018The Popular Front of Disalienation. On Infrastructural Sense\/s\u2019<br>Mattin \u2018Noise in the Gaps\u2019<br>Moderated by Alexi Kukuljevic<\/p>\n\n\n\n<p>16.30-17.15<br>Alberto Toscano (online) \u2018This World We Must End\u2019<br>Moderated by Danny Hayward<\/p>\n\n\n\n<p>17.15- 19.00<br>Summary discussion<br>Moderated by Annette Krauss and Sofia Bempeza<\/p>\n\n\n\n<p><\/p>\n\n\n\n<h3 class=\"wp-block-heading\"><br><strong>Registration<\/strong><\/h3>\n\n\n\n<p>Register by 20 October:&nbsp;<a href=\"mailto:infrastructural_critique@uni-ak.ac.at\" target=\"_blank\" rel=\"noreferrer noopener\">infrastructural_critique@uni-ak.ac.at<\/a><\/p>\n\n\n\n<p>The auditorium is barrier-free and has an inductive hearing system. Further information:<a href=\"https:\/\/email.e-flux-systems.com\/campaigns\/wv2726am335b2\/track-url\/jh135hqw34e4c\/5faad78d7b101aa4f246f311dde18be8b54b1579\" target=\"_blank\" rel=\"noreferrer noopener\"><strong>here<\/strong><\/a>.<br>Lectures and presentations will be available online after the event.<\/p>\n\n\n\n<p><\/p>\n\n\n\n<figure class=\"wp-block-gallery has-nested-images columns-default is-cropped wp-block-gallery-1 is-layout-flex wp-block-gallery-is-layout-flex\">\n<figure class=\"wp-block-image size-large\"><img loading=\"lazy\" decoding=\"async\" width=\"1600\" height=\"1067\" data-id=\"3136\" src=\"https:\/\/kkp.uni-ak.ac.at\/wp-content\/uploads\/2026\/02\/HB2A0141-1600x1067.jpg\" alt=\"\" class=\"wp-image-3136\" srcset=\"https:\/\/kkp.uni-ak.ac.at\/wp-content\/uploads\/2026\/02\/HB2A0141-1600x1067.jpg 1600w, https:\/\/kkp.uni-ak.ac.at\/wp-content\/uploads\/2026\/02\/HB2A0141-300x200.jpg 300w, https:\/\/kkp.uni-ak.ac.at\/wp-content\/uploads\/2026\/02\/HB2A0141-768x512.jpg 768w, https:\/\/kkp.uni-ak.ac.at\/wp-content\/uploads\/2026\/02\/HB2A0141-1536x1024.jpg 1536w, https:\/\/kkp.uni-ak.ac.at\/wp-content\/uploads\/2026\/02\/HB2A0141-2048x1365.jpg 2048w, https:\/\/kkp.uni-ak.ac.at\/wp-content\/uploads\/2026\/02\/HB2A0141-18x12.jpg 18w\" sizes=\"auto, (max-width: 706px) 89vw, (max-width: 767px) 82vw, 740px\" \/><\/figure>\n\n\n\n<figure class=\"wp-block-image size-large is-resized\"><img loading=\"lazy\" decoding=\"async\" width=\"667\" height=\"1000\" data-id=\"3131\" src=\"https:\/\/kkp.uni-ak.ac.at\/wp-content\/uploads\/2026\/02\/HB2A0292.jpg\" alt=\"\" class=\"wp-image-3131\" style=\"width:333px;height:auto\" srcset=\"https:\/\/kkp.uni-ak.ac.at\/wp-content\/uploads\/2026\/02\/HB2A0292.jpg 667w, https:\/\/kkp.uni-ak.ac.at\/wp-content\/uploads\/2026\/02\/HB2A0292-200x300.jpg 200w, https:\/\/kkp.uni-ak.ac.at\/wp-content\/uploads\/2026\/02\/HB2A0292-8x12.jpg 8w\" sizes=\"auto, (max-width: 667px) 100vw, 667px\" \/><\/figure>\n\n\n\n<figure class=\"wp-block-image size-large\"><img loading=\"lazy\" decoding=\"async\" width=\"667\" height=\"1000\" data-id=\"3125\" src=\"https:\/\/kkp.uni-ak.ac.at\/wp-content\/uploads\/2026\/02\/HB2A0028.jpg\" alt=\"\" class=\"wp-image-3125\" srcset=\"https:\/\/kkp.uni-ak.ac.at\/wp-content\/uploads\/2026\/02\/HB2A0028.jpg 667w, https:\/\/kkp.uni-ak.ac.at\/wp-content\/uploads\/2026\/02\/HB2A0028-200x300.jpg 200w, https:\/\/kkp.uni-ak.ac.at\/wp-content\/uploads\/2026\/02\/HB2A0028-8x12.jpg 8w\" sizes=\"auto, (max-width: 667px) 100vw, 667px\" \/><\/figure>\n<\/figure>\n\n\n\n<figure class=\"wp-block-gallery has-nested-images columns-default is-cropped wp-block-gallery-2 is-layout-flex wp-block-gallery-is-layout-flex\">\n<figure class=\"wp-block-image size-large\"><img loading=\"lazy\" decoding=\"async\" width=\"1000\" height=\"667\" data-id=\"3124\" src=\"https:\/\/kkp.uni-ak.ac.at\/wp-content\/uploads\/2026\/02\/1_HB2A9722.jpg\" alt=\"\" class=\"wp-image-3124\" srcset=\"https:\/\/kkp.uni-ak.ac.at\/wp-content\/uploads\/2026\/02\/1_HB2A9722.jpg 1000w, https:\/\/kkp.uni-ak.ac.at\/wp-content\/uploads\/2026\/02\/1_HB2A9722-300x200.jpg 300w, https:\/\/kkp.uni-ak.ac.at\/wp-content\/uploads\/2026\/02\/1_HB2A9722-768x512.jpg 768w, https:\/\/kkp.uni-ak.ac.at\/wp-content\/uploads\/2026\/02\/1_HB2A9722-18x12.jpg 18w\" sizes=\"auto, (max-width: 706px) 89vw, (max-width: 767px) 82vw, 740px\" \/><\/figure>\n\n\n\n<figure class=\"wp-block-image size-large\"><img loading=\"lazy\" decoding=\"async\" width=\"800\" height=\"1200\" data-id=\"3137\" src=\"https:\/\/kkp.uni-ak.ac.at\/wp-content\/uploads\/2026\/02\/HB2A0116-800x1200.jpg\" alt=\"\" class=\"wp-image-3137\" srcset=\"https:\/\/kkp.uni-ak.ac.at\/wp-content\/uploads\/2026\/02\/HB2A0116-800x1200.jpg 800w, https:\/\/kkp.uni-ak.ac.at\/wp-content\/uploads\/2026\/02\/HB2A0116-200x300.jpg 200w, https:\/\/kkp.uni-ak.ac.at\/wp-content\/uploads\/2026\/02\/HB2A0116-768x1152.jpg 768w, https:\/\/kkp.uni-ak.ac.at\/wp-content\/uploads\/2026\/02\/HB2A0116-1024x1536.jpg 1024w, https:\/\/kkp.uni-ak.ac.at\/wp-content\/uploads\/2026\/02\/HB2A0116-1365x2048.jpg 1365w, https:\/\/kkp.uni-ak.ac.at\/wp-content\/uploads\/2026\/02\/HB2A0116-8x12.jpg 8w, https:\/\/kkp.uni-ak.ac.at\/wp-content\/uploads\/2026\/02\/HB2A0116-scaled.jpg 1707w\" sizes=\"auto, (max-width: 706px) 89vw, (max-width: 767px) 82vw, 740px\" \/><\/figure>\n\n\n\n<figure class=\"wp-block-image size-large\"><img loading=\"lazy\" decoding=\"async\" width=\"667\" height=\"1000\" data-id=\"3141\" src=\"https:\/\/kkp.uni-ak.ac.at\/wp-content\/uploads\/2026\/02\/HB2A0351.jpg\" alt=\"\" class=\"wp-image-3141\" srcset=\"https:\/\/kkp.uni-ak.ac.at\/wp-content\/uploads\/2026\/02\/HB2A0351.jpg 667w, https:\/\/kkp.uni-ak.ac.at\/wp-content\/uploads\/2026\/02\/HB2A0351-200x300.jpg 200w, https:\/\/kkp.uni-ak.ac.at\/wp-content\/uploads\/2026\/02\/HB2A0351-8x12.jpg 8w\" sizes=\"auto, (max-width: 667px) 100vw, 667px\" \/><\/figure>\n<\/figure>\n\n\n\n<figure class=\"wp-block-gallery has-nested-images columns-default is-cropped wp-block-gallery-3 is-layout-flex wp-block-gallery-is-layout-flex\">\n<figure class=\"wp-block-image size-large is-resized\"><img loading=\"lazy\" decoding=\"async\" width=\"667\" height=\"1000\" data-id=\"3127\" src=\"https:\/\/kkp.uni-ak.ac.at\/wp-content\/uploads\/2026\/02\/HB2A0113.jpg\" alt=\"\" class=\"wp-image-3127\" style=\"width:372px;height:auto\" srcset=\"https:\/\/kkp.uni-ak.ac.at\/wp-content\/uploads\/2026\/02\/HB2A0113.jpg 667w, https:\/\/kkp.uni-ak.ac.at\/wp-content\/uploads\/2026\/02\/HB2A0113-200x300.jpg 200w, https:\/\/kkp.uni-ak.ac.at\/wp-content\/uploads\/2026\/02\/HB2A0113-8x12.jpg 8w\" sizes=\"auto, (max-width: 667px) 100vw, 667px\" \/><\/figure>\n\n\n\n<figure class=\"wp-block-image size-large is-resized\"><img loading=\"lazy\" decoding=\"async\" width=\"1600\" height=\"1067\" data-id=\"3134\" src=\"https:\/\/kkp.uni-ak.ac.at\/wp-content\/uploads\/2026\/02\/HB2A0037-1600x1067.jpg\" alt=\"\" class=\"wp-image-3134\" style=\"width:469px;height:auto\" srcset=\"https:\/\/kkp.uni-ak.ac.at\/wp-content\/uploads\/2026\/02\/HB2A0037-1600x1067.jpg 1600w, https:\/\/kkp.uni-ak.ac.at\/wp-content\/uploads\/2026\/02\/HB2A0037-300x200.jpg 300w, https:\/\/kkp.uni-ak.ac.at\/wp-content\/uploads\/2026\/02\/HB2A0037-768x512.jpg 768w, https:\/\/kkp.uni-ak.ac.at\/wp-content\/uploads\/2026\/02\/HB2A0037-1536x1024.jpg 1536w, https:\/\/kkp.uni-ak.ac.at\/wp-content\/uploads\/2026\/02\/HB2A0037-2048x1365.jpg 2048w, https:\/\/kkp.uni-ak.ac.at\/wp-content\/uploads\/2026\/02\/HB2A0037-18x12.jpg 18w\" sizes=\"auto, (max-width: 706px) 89vw, (max-width: 767px) 82vw, 740px\" \/><\/figure>\n<\/figure>\n\n\n\n<figure class=\"wp-block-gallery has-nested-images columns-default is-cropped wp-block-gallery-4 is-layout-flex wp-block-gallery-is-layout-flex\">\n<figure class=\"wp-block-image size-large\"><img loading=\"lazy\" decoding=\"async\" width=\"667\" height=\"1000\" data-id=\"3132\" src=\"https:\/\/kkp.uni-ak.ac.at\/wp-content\/uploads\/2026\/02\/HB2A0322.jpg\" alt=\"\" class=\"wp-image-3132\" srcset=\"https:\/\/kkp.uni-ak.ac.at\/wp-content\/uploads\/2026\/02\/HB2A0322.jpg 667w, https:\/\/kkp.uni-ak.ac.at\/wp-content\/uploads\/2026\/02\/HB2A0322-200x300.jpg 200w, https:\/\/kkp.uni-ak.ac.at\/wp-content\/uploads\/2026\/02\/HB2A0322-8x12.jpg 8w\" sizes=\"auto, (max-width: 667px) 100vw, 667px\" \/><\/figure>\n\n\n\n<figure class=\"wp-block-image size-large\"><img loading=\"lazy\" decoding=\"async\" width=\"667\" height=\"1000\" data-id=\"3128\" src=\"https:\/\/kkp.uni-ak.ac.at\/wp-content\/uploads\/2026\/02\/HB2A9811.jpg\" alt=\"\" class=\"wp-image-3128\" srcset=\"https:\/\/kkp.uni-ak.ac.at\/wp-content\/uploads\/2026\/02\/HB2A9811.jpg 667w, https:\/\/kkp.uni-ak.ac.at\/wp-content\/uploads\/2026\/02\/HB2A9811-200x300.jpg 200w, https:\/\/kkp.uni-ak.ac.at\/wp-content\/uploads\/2026\/02\/HB2A9811-8x12.jpg 8w\" sizes=\"auto, (max-width: 667px) 100vw, 667px\" \/><\/figure>\n\n\n\n<figure class=\"wp-block-image size-large\"><img loading=\"lazy\" decoding=\"async\" width=\"667\" height=\"1000\" data-id=\"3133\" src=\"https:\/\/kkp.uni-ak.ac.at\/wp-content\/uploads\/2026\/02\/HB2A9997.jpg\" alt=\"\" class=\"wp-image-3133\" srcset=\"https:\/\/kkp.uni-ak.ac.at\/wp-content\/uploads\/2026\/02\/HB2A9997.jpg 667w, https:\/\/kkp.uni-ak.ac.at\/wp-content\/uploads\/2026\/02\/HB2A9997-200x300.jpg 200w, https:\/\/kkp.uni-ak.ac.at\/wp-content\/uploads\/2026\/02\/HB2A9997-8x12.jpg 8w\" sizes=\"auto, (max-width: 667px) 100vw, 667px\" \/><\/figure>\n\n\n\n<figure class=\"wp-block-image size-large\"><img loading=\"lazy\" decoding=\"async\" width=\"1000\" height=\"667\" data-id=\"3130\" src=\"https:\/\/kkp.uni-ak.ac.at\/wp-content\/uploads\/2026\/02\/HB2A9905.jpg\" alt=\"\" class=\"wp-image-3130\" srcset=\"https:\/\/kkp.uni-ak.ac.at\/wp-content\/uploads\/2026\/02\/HB2A9905.jpg 1000w, https:\/\/kkp.uni-ak.ac.at\/wp-content\/uploads\/2026\/02\/HB2A9905-300x200.jpg 300w, https:\/\/kkp.uni-ak.ac.at\/wp-content\/uploads\/2026\/02\/HB2A9905-768x512.jpg 768w, https:\/\/kkp.uni-ak.ac.at\/wp-content\/uploads\/2026\/02\/HB2A9905-18x12.jpg 18w\" sizes=\"auto, (max-width: 706px) 89vw, (max-width: 767px) 82vw, 740px\" \/><\/figure>\n\n\n\n<figure class=\"wp-block-image size-large\"><img loading=\"lazy\" decoding=\"async\" width=\"1000\" height=\"667\" data-id=\"3129\" src=\"https:\/\/kkp.uni-ak.ac.at\/wp-content\/uploads\/2026\/02\/HB2A9909.jpg\" alt=\"\" class=\"wp-image-3129\" srcset=\"https:\/\/kkp.uni-ak.ac.at\/wp-content\/uploads\/2026\/02\/HB2A9909.jpg 1000w, https:\/\/kkp.uni-ak.ac.at\/wp-content\/uploads\/2026\/02\/HB2A9909-300x200.jpg 300w, https:\/\/kkp.uni-ak.ac.at\/wp-content\/uploads\/2026\/02\/HB2A9909-768x512.jpg 768w, https:\/\/kkp.uni-ak.ac.at\/wp-content\/uploads\/2026\/02\/HB2A9909-18x12.jpg 18w\" sizes=\"auto, (max-width: 706px) 89vw, (max-width: 767px) 82vw, 740px\" \/><\/figure>\n\n\n\n<figure class=\"wp-block-image size-large\"><img loading=\"lazy\" decoding=\"async\" width=\"667\" height=\"1000\" data-id=\"3126\" src=\"https:\/\/kkp.uni-ak.ac.at\/wp-content\/uploads\/2026\/02\/HB2A9914.jpg\" alt=\"\" class=\"wp-image-3126\" srcset=\"https:\/\/kkp.uni-ak.ac.at\/wp-content\/uploads\/2026\/02\/HB2A9914.jpg 667w, https:\/\/kkp.uni-ak.ac.at\/wp-content\/uploads\/2026\/02\/HB2A9914-200x300.jpg 200w, https:\/\/kkp.uni-ak.ac.at\/wp-content\/uploads\/2026\/02\/HB2A9914-8x12.jpg 8w\" sizes=\"auto, (max-width: 667px) 100vw, 667px\" \/><\/figure>\n<\/figure>\n\n\n\n<p>Fotos <em>\u00a9<\/em> Marija Jan\u010di\u0107<\/p>\n\n\n\n<p><\/p>","protected":false},"excerpt":{"rendered":"<p>A celebration of the life and work of Marina Vishmidt WED\u2013FRI, October 29\u201331, 2025Universit\u00e4t f\u00fcr angewandte KunstVordere Zollamtstra\u00dfe 7, 1030 WienAuditorium, EG \/ Ground Floor The conference What is Infrastructural Critique? featured artists, critical theorists and collaborators with Marina Vishmidt, who came together to think through Vishmidt\u2019s concept of infrastructural critique, a materialist approach to &hellip; <\/p>\n<p class=\"link-more\"><a href=\"https:\/\/kkp.uni-ak.ac.at\/en\/fotografische-archive-kollektivitaet-und-solidaritaetfotografische-archive-mit-yasmine-eid-sabbagh-2\/\" class=\"more-link\">Continue reading<span class=\"screen-reader-text\"> &#8222;CONFERENCE &#8211; WHAT IS INFRASTRUCTURAL CRITIQUE?&#8220;<\/span><\/a><\/p>","protected":false},"author":35,"featured_media":0,"parent":0,"menu_order":0,"comment_status":"closed","ping_status":"closed","template":"","meta":{"inline_featured_image":false,"footnotes":""},"class_list":["post-3563","page","type-page","status-publish","hentry"],"_links":{"self":[{"href":"https:\/\/kkp.uni-ak.ac.at\/en\/wp-json\/wp\/v2\/pages\/3563","targetHints":{"allow":["GET"]}}],"collection":[{"href":"https:\/\/kkp.uni-ak.ac.at\/en\/wp-json\/wp\/v2\/pages"}],"about":[{"href":"https:\/\/kkp.uni-ak.ac.at\/en\/wp-json\/wp\/v2\/types\/page"}],"author":[{"embeddable":true,"href":"https:\/\/kkp.uni-ak.ac.at\/en\/wp-json\/wp\/v2\/users\/35"}],"replies":[{"embeddable":true,"href":"https:\/\/kkp.uni-ak.ac.at\/en\/wp-json\/wp\/v2\/comments?post=3563"}],"version-history":[{"count":14,"href":"https:\/\/kkp.uni-ak.ac.at\/en\/wp-json\/wp\/v2\/pages\/3563\/revisions"}],"predecessor-version":[{"id":4335,"href":"https:\/\/kkp.uni-ak.ac.at\/en\/wp-json\/wp\/v2\/pages\/3563\/revisions\/4335"}],"wp:attachment":[{"href":"https:\/\/kkp.uni-ak.ac.at\/en\/wp-json\/wp\/v2\/media?parent=3563"}],"curies":[{"name":"wp","href":"https:\/\/api.w.org\/{rel}","templated":true}]}}