{"id":3498,"date":"2026-03-31T12:33:33","date_gmt":"2026-03-31T12:33:33","guid":{"rendered":"https:\/\/kkp.uni-ak.ac.at\/?page_id=3498"},"modified":"2026-04-14T11:42:37","modified_gmt":"2026-04-14T11:42:37","slug":"fotografische-archive-kollektivitaet-und-solidaritaetfotografische-archive-mit-yasmine-eid-sabbagh","status":"publish","type":"page","link":"https:\/\/kkp.uni-ak.ac.at\/en\/fotografische-archive-kollektivitaet-und-solidaritaetfotografische-archive-mit-yasmine-eid-sabbagh\/","title":{"rendered":"FOTOGRAFISCHE ARCHIVE, KOLLEKTIVIT\u00c4T UND SOLIDARIT\u00c4TFOTOGRAFISCHE ARCHIVE"},"content":{"rendered":"<h2 class=\"wp-block-heading\">mit yasmine\u00a0eid- sabbagh<\/h2>\n\n\n\n<p><strong>17. und 18. April, jeweils 10:00 &#8211; 17:00<\/strong><br><br><strong>Universit\u00e4t f\u00fcr angewandte Kunst Wien&nbsp;<\/strong><br><strong>Vordere Zollamtsstra\u00dfe 7<\/strong><br><strong>1030 Wien<\/strong><br><strong>Raum 306, 3. Stock<\/strong><\/p>\n\n\n\n<p><strong>Registrierung<\/strong>&nbsp;f\u00fcr den Workshop:&nbsp;<a href=\"mailto:dirtypink@uni-ak.ac.at\" target=\"_blank\" rel=\"noreferrer noopener\">dirtypink@uni-ak.ac.at<\/a>&nbsp;<br>Der Workshop findet auf deutsch statt \/ The workshop will be held in German&nbsp;<\/p>\n\n\n\n<p><\/p>\n\n\n\n<p><strong>Dieser Workshop&nbsp;<\/strong>bringt das Medium der Fotografie mit Fragen von Archiven, Kollektivit\u00e4t und Solidarit\u00e4t zusammen. Dabei wollen wir m\u00f6gliche Herangehensweisen zu eigenen fotografischen (Familien)Archiven kennenlernen.&nbsp;Die Teilnehmenden lernen und experimentieren damit, die individuelle Biografien&nbsp;mit kollektiven und gr\u00f6\u00dferen Geschichten und Kontexten zu verkn\u00fcpfen. Sie werden&nbsp;die eigenen (Familien)-Archive durchst\u00f6bern und m\u00f6glich Narrative erarbeiten, die<\/p>\n\n\n\n<p><strong><em>This workshop<\/em><\/strong><em>&nbsp;combines photography as a medium with questions of archives, collectivity, and solidarity. Through this process, we want to explore possible approaches to working with our own photographic (family) archives. Participants will learn and experiment with ways to link individual biographies to collective, larger histories and contexts. They will browse through their own (family) archives and develop potential narratives that articulate these connections.<\/em><\/p>\n\n\n\n<p><\/p>\n\n\n\n<p><strong>yasmine eid-sabbagh<\/strong>&nbsp;besch\u00e4ftigt sich in experimentellen, kollektiven Arbeitsprozessen mit den Potenzialen menschlicher Handlungsf\u00e4higkeit. Dies umfasst unter anderem&nbsp;(kontra-)archivarische Praktiken wie&nbsp;das (Wieder-) Zusammenstellen einer digitalen Sammlung&nbsp;in Zusammenarbeit mit den Bewohner*innen des pal\u00e4stinensischen Fl\u00fcchtlingslagers Burj al-Shamali nahe der Stadt Tyros im Libanon.&nbsp;Oder radikale p\u00e4dagogische Projekte wie&nbsp;<em>Ses Milanes \u2013 cr\u00e9ixer a la natura,<\/em>&nbsp;einen selbstorganisierten Waldkindergarten im spanischen Bunyola, der die Natur als Infrastruktur nutzt. In eid-sabbaghs Praxis dient Fotografie der gemeinschaftlichen Erforschung von Kollektivit\u00e4t, Macht und Ausdauer, so zum Beispiel bei ihrem Engagement f\u00fcr die Arab Image Foundation, einer von Praktiker*innen geleiteten archivarischen Institution, oder als Schwerpunkt ihrer 2018 abgeschlossenen Promotion in Kunst- und Kulturwissenschaften an der Akademie der bildenden K\u00fcnste Wien.<\/p>\n\n\n\n<p><strong><em>yasmine eid-sabbagh<\/em><\/strong><em>&nbsp;engages in experimental and collective processes that explore the potentials of human agency. This work includes, among other things, (counter-)archival practices such as the (re-)assembling of a digital collection in collaboration with the residents of the Palestinian refugee camp Burj al-Shamali near the city of Tyre in Lebanon. It also encompasses radical pedagogical projects such as Ses Milanes \u2013 cr\u00e9ixer a la natura, a self-organized forest kindergarten in Bunyola, Spain, which uses nature as its infrastructure. In eid-sabbagh\u2019s practice, photography serves as a means for the collective exploration of community, power, and resilience \u2014 for instance, through her involvement with the Arab Image Foundation, an archival institution run by practitioners, or as the focus of her PhD in art and cultural studies, completed in 2018 at the Academy of Fine Arts Vienna.<\/em><\/p>","protected":false},"excerpt":{"rendered":"<p>mit yasmine\u00a0eid- sabbagh 17. und 18. April, jeweils 10:00 &#8211; 17:00 Universit\u00e4t f\u00fcr angewandte Kunst Wien&nbsp;Vordere Zollamtsstra\u00dfe 71030 WienRaum 306, 3. Stock Registrierung&nbsp;f\u00fcr den Workshop:&nbsp;dirtypink@uni-ak.ac.at&nbsp;Der Workshop findet auf deutsch statt \/ The workshop will be held in German&nbsp; Dieser Workshop&nbsp;bringt das Medium der Fotografie mit Fragen von Archiven, Kollektivit\u00e4t und Solidarit\u00e4t zusammen. Dabei wollen wir &hellip; <\/p>\n<p class=\"link-more\"><a href=\"https:\/\/kkp.uni-ak.ac.at\/en\/fotografische-archive-kollektivitaet-und-solidaritaetfotografische-archive-mit-yasmine-eid-sabbagh\/\" class=\"more-link\">Continue reading<span class=\"screen-reader-text\"> &#8222;FOTOGRAFISCHE ARCHIVE, KOLLEKTIVIT\u00c4T UND SOLIDARIT\u00c4TFOTOGRAFISCHE ARCHIVE&#8220;<\/span><\/a><\/p>","protected":false},"author":35,"featured_media":0,"parent":0,"menu_order":0,"comment_status":"closed","ping_status":"closed","template":"","meta":{"inline_featured_image":false,"footnotes":""},"class_list":["post-3498","page","type-page","status-publish","hentry"],"_links":{"self":[{"href":"https:\/\/kkp.uni-ak.ac.at\/en\/wp-json\/wp\/v2\/pages\/3498","targetHints":{"allow":["GET"]}}],"collection":[{"href":"https:\/\/kkp.uni-ak.ac.at\/en\/wp-json\/wp\/v2\/pages"}],"about":[{"href":"https:\/\/kkp.uni-ak.ac.at\/en\/wp-json\/wp\/v2\/types\/page"}],"author":[{"embeddable":true,"href":"https:\/\/kkp.uni-ak.ac.at\/en\/wp-json\/wp\/v2\/users\/35"}],"replies":[{"embeddable":true,"href":"https:\/\/kkp.uni-ak.ac.at\/en\/wp-json\/wp\/v2\/comments?post=3498"}],"version-history":[{"count":2,"href":"https:\/\/kkp.uni-ak.ac.at\/en\/wp-json\/wp\/v2\/pages\/3498\/revisions"}],"predecessor-version":[{"id":3681,"href":"https:\/\/kkp.uni-ak.ac.at\/en\/wp-json\/wp\/v2\/pages\/3498\/revisions\/3681"}],"wp:attachment":[{"href":"https:\/\/kkp.uni-ak.ac.at\/en\/wp-json\/wp\/v2\/media?parent=3498"}],"curies":[{"name":"wp","href":"https:\/\/api.w.org\/{rel}","templated":true}]}}