{"id":3454,"date":"2026-03-31T11:32:08","date_gmt":"2026-03-31T11:32:08","guid":{"rendered":"https:\/\/kkp.uni-ak.ac.at\/?page_id=3454"},"modified":"2026-04-01T08:32:59","modified_gmt":"2026-04-01T08:32:59","slug":"fotografie-und-videoverleih-studio","status":"publish","type":"page","link":"https:\/\/kkp.uni-ak.ac.at\/en\/fotografie-und-videoverleih-studio\/","title":{"rendered":"FOTOGRAFIE- UND VIDEOVERLEIH + STUDIO"},"content":{"rendered":"<p><strong>WIE?<\/strong><\/p>\n\n\n\n<p>F\u00fcr den Verleih erfolgt die Kontaktaufnahme zun\u00e4chst per E-Mail an die Fotografie Email-Adresse:\u00a0<a href=\"mailto:fotografie-kkp@uni-ak.ac.at\" target=\"_blank\" rel=\"noreferrer noopener\">fotografie-kkp@uni-ak.ac.at<\/a><\/p>\n\n\n\n<p><strong>WANN?<\/strong><\/p>\n\n\n\n<p>Nach der Kontaktaufnahme per Email kann entweder ein Termin w\u00e4hrend der regul\u00e4ren Verleihzeiten vereinbart werden oder, wenn es den Studierenden da nicht m\u00f6glich ist, auch au\u00dferhalb dieser Zeiten.<\/p>\n\n\n\n<p><strong>Unsere Verleih- und R\u00fcckgabezeiten im Sommersemester 2026<\/strong><br>Waltraud: Donnerstag 17\u201319 Uhr<br>Lea: Freitag 13\u201315 Uhr<\/p>\n\n\n\n<p><strong>WER?<\/strong><\/p>\n\n\n\n<p>Alle Studierenden der Abteilungen KKP und DEX k\u00f6nnen das Equipment ausleihen, ohne Voraussetzungen. Wir erkl\u00e4ren das Equipment bei Bedarf auch gerne.<\/p>\n\n\n\n<p><strong>VERSICHERUNG<\/strong><\/p>\n\n\n\n<p>Beim Entlehnen von Equipment unterzeichnen die Studierenden ein Formular, worin sie die Verantwortung f\u00fcr die Ger\u00e4te \u00fcbernehmen und den Zeitraum bis zur R\u00fcckgabe fixieren. Dieses Dokument findet ihr <strong><u>hier<\/u><\/strong><\/p>\n\n\n\n<p class=\"has-text-align-center\"><a href=\"https:\/\/kkp.uni-ak.ac.at\/wp-content\/uploads\/2024\/05\/Equipmentliste_FotoVideo.pdf\" data-type=\"link\" data-id=\"https:\/\/kkp.uni-ak.ac.at\/wp-content\/uploads\/2024\/05\/Equipmentliste_FotoVideo.pdf\">Equipmentliste Fotografie\/Video<\/a><\/p>\n\n\n\n<h2 class=\"wp-block-heading\">STUDIOBUCHUNG <\/h2>\n\n\n\n<p><br><strong>WIE UND WANN?<\/strong><\/p>\n\n\n\n<p>Das Studio kann \u00fcber die Kalender gebucht werden, die an der T\u00fcr vom Fotostudio h\u00e4ngen. Dort kann man sich direkt eintragen. W\u00e4hrend der LV-Zeiten ist eine Nutzung allerdings nicht m\u00f6glich, diese Zeiten sind im Kalender aber gekennzeichnet.<\/p>\n\n\n\n<p><strong>WER?<\/strong><\/p>\n\n\n\n<p>Voraussetzung f\u00fcr die Nutzung des Studios ist, dass man auf der Schl\u00fcsselliste steht. Auf diese Liste kommt man in der Regel, wenn man die Einf\u00fchrungskurse in Fotografie\/Video gemacht hat. F\u00fcr bestimmte Projekte k\u00f6nnen wir Studierende aber auch zus\u00e4tzlich auf die Liste setzen, sodass sie selbstst\u00e4ndig Zugang zum Studio bekommen.<\/p>\n\n\n\n<p><strong>Melde dich gerne jederzeit, falls du noch weitere Infos brauchst!<\/strong><br><\/p>","protected":false},"excerpt":{"rendered":"<p>WIE? F\u00fcr den Verleih erfolgt die Kontaktaufnahme zun\u00e4chst per E-Mail an die Fotografie Email-Adresse:\u00a0fotografie-kkp@uni-ak.ac.at WANN? Nach der Kontaktaufnahme per Email kann entweder ein Termin w\u00e4hrend der regul\u00e4ren Verleihzeiten vereinbart werden oder, wenn es den Studierenden da nicht m\u00f6glich ist, auch au\u00dferhalb dieser Zeiten. Unsere Verleih- und R\u00fcckgabezeiten im Sommersemester 2026Waltraud: Donnerstag 17\u201319 UhrLea: Freitag 13\u201315 &hellip; <\/p>\n<p class=\"link-more\"><a href=\"https:\/\/kkp.uni-ak.ac.at\/en\/fotografie-und-videoverleih-studio\/\" class=\"more-link\">Continue reading<span class=\"screen-reader-text\"> &#8222;FOTOGRAFIE- UND VIDEOVERLEIH + STUDIO&#8220;<\/span><\/a><\/p>","protected":false},"author":35,"featured_media":0,"parent":0,"menu_order":0,"comment_status":"closed","ping_status":"closed","template":"","meta":{"inline_featured_image":false,"footnotes":""},"class_list":["post-3454","page","type-page","status-publish","hentry"],"_links":{"self":[{"href":"https:\/\/kkp.uni-ak.ac.at\/en\/wp-json\/wp\/v2\/pages\/3454","targetHints":{"allow":["GET"]}}],"collection":[{"href":"https:\/\/kkp.uni-ak.ac.at\/en\/wp-json\/wp\/v2\/pages"}],"about":[{"href":"https:\/\/kkp.uni-ak.ac.at\/en\/wp-json\/wp\/v2\/types\/page"}],"author":[{"embeddable":true,"href":"https:\/\/kkp.uni-ak.ac.at\/en\/wp-json\/wp\/v2\/users\/35"}],"replies":[{"embeddable":true,"href":"https:\/\/kkp.uni-ak.ac.at\/en\/wp-json\/wp\/v2\/comments?post=3454"}],"version-history":[{"count":2,"href":"https:\/\/kkp.uni-ak.ac.at\/en\/wp-json\/wp\/v2\/pages\/3454\/revisions"}],"predecessor-version":[{"id":3605,"href":"https:\/\/kkp.uni-ak.ac.at\/en\/wp-json\/wp\/v2\/pages\/3454\/revisions\/3605"}],"wp:attachment":[{"href":"https:\/\/kkp.uni-ak.ac.at\/en\/wp-json\/wp\/v2\/media?parent=3454"}],"curies":[{"name":"wp","href":"https:\/\/api.w.org\/{rel}","templated":true}]}}