{"id":2855,"date":"2025-08-13T11:46:23","date_gmt":"2025-08-13T11:46:23","guid":{"rendered":"https:\/\/kkp.uni-ak.ac.at\/?page_id=2855"},"modified":"2025-08-13T11:46:24","modified_gmt":"2025-08-13T11:46:24","slug":"dirty-pink-waters-of-collectivity-heidrun-holzfeind-ein-oktopus-hat-den-mond-zerstoert","status":"publish","type":"page","link":"https:\/\/kkp.uni-ak.ac.at\/en\/dirty-pink-waters-of-collectivity-heidrun-holzfeind-ein-oktopus-hat-den-mond-zerstoert\/","title":{"rendered":"DIRTY PINK WATERS OF COLLECTIVITY: Heidrun Holzfeind \u2013 &#8222;Ein Oktopus hat den Mond zerst\u00f6rt&#8220;"},"content":{"rendered":"<p><strong>Filmscreening and Talk in collaboration with FOCUS ON<\/strong><\/p>\n\n\n\n<figure class=\"wp-block-image size-full\"><img loading=\"lazy\" decoding=\"async\" width=\"1870\" height=\"1234\" src=\"https:\/\/kkp.uni-ak.ac.at\/wp-content\/uploads\/2025\/06\/Heidrun-Holzfeind_Ein-Oktopus-hat-den-Mond-zerstoert.png\" alt=\"\" class=\"wp-image-2854\"\/><figcaption class=\"wp-element-caption\">Heidrun Holzfeind, Ein Oktopus hat den Mond zersto\u0308rt (2024)<\/figcaption><\/figure>\n\n\n\n<p><br>Filmvorf\u00fchrung und Gespr\u00e4ch zum Thema Regie, Kamera und der Arbeit mit jugendlichen Protagonist*innen<\/p>\n\n\n\n<p><strong>Freitag, 22. November 2024, 11-14:30 Uhr<br>Universit\u00e4t f\u00fcr angewandte Kunst<br>Vordere Zollamtstra\u00dfe 7, 1030 Wien<br>Seminarraum 24 (EG)<\/strong><\/p>\n\n\n\n<p><em>\u201eEin Oktopus hat den Mond zerst\u00f6rt\u201c<br>von Heidrun Holzfeind (Regie, Kamera, Schnitt)<br>Dokumentarfilm, 90 Min., D\/A 2024, Verleih: sixpackfilm<\/em><\/p>\n\n\n\n<p><br>Der Titel von Heidrun Holzfeinds Film f\u00e4llt in einem Gespr\u00e4ch zweier M\u00e4dchen,<br>die \u00fcber ihren Ekel vor Maden reden, die sie beim N\u00fcsse einsammeln finden.<br>Sie nehmen an einem integrativen Lehrgang zu Agrarwirtschaft der Berliner<br>August Sander-Schule teil. Schon 2004 hat die Regisseurin hier eine Fotoserie<br>hergestellt; die aktuelle Arbeit, eine Weiterf\u00fchrung ihrer Auseinandersetzung<br>mit den Themen Beruf, Integration und Bildungseinrichtungen, begleitet eine<br>vielf\u00e4ltige Gruppe von Jugendlichen ein Jahr in der Berufsschule \u2013 beobachtet<br>ihre St\u00e4rken, Beeintr\u00e4chtigungen, W\u00fcnsche, Unsicherheiten, v.a. ihren Umgang<br>miteinander und die Interaktion mit den Lehrenden in ruhigen, klaren Bildern.<br>(Marie-No\u00eblle Yazdanpanah)<\/p>\n\n\n\n<p>Heidrun Holzfeind besch\u00e4ftigt sich seit vielen Jahren u. a. damit, wie modernistische Architektur im Alltag funktioniert. Ihre Arbeit befragt immanente architektonische und soziale Utopien und lotet die Beziehungen zwischen Geschichte und Identit\u00e4t, zwischen individuellen Geschichten und den politischen Narrativen der Gegenwart aus.<br><br><a href=\"http:\/\/www.heidrunholzfeind.com\/\">http:\/\/www.heidrunholzfeind.com\/<\/a><br><a href=\"https:\/\/www.sixpackfilm.com\/de\/catalogue\/2961\/\">https:\/\/www.sixpackfilm.com\/de\/catalogue\/2961\/<\/a><\/p>\n\n\n\n<p><\/p>","protected":false},"excerpt":{"rendered":"<p>Filmscreening and Talk in collaboration with FOCUS ON Filmvorf\u00fchrung und Gespr\u00e4ch zum Thema Regie, Kamera und der Arbeit mit jugendlichen Protagonist*innen Freitag, 22. November 2024, 11-14:30 UhrUniversit\u00e4t f\u00fcr angewandte KunstVordere Zollamtstra\u00dfe 7, 1030 WienSeminarraum 24 (EG) \u201eEin Oktopus hat den Mond zerst\u00f6rt\u201cvon Heidrun Holzfeind (Regie, Kamera, Schnitt)Dokumentarfilm, 90 Min., D\/A 2024, Verleih: sixpackfilm Der Titel &hellip; <\/p>\n<p class=\"link-more\"><a href=\"https:\/\/kkp.uni-ak.ac.at\/en\/dirty-pink-waters-of-collectivity-heidrun-holzfeind-ein-oktopus-hat-den-mond-zerstoert\/\" class=\"more-link\">Continue reading<span class=\"screen-reader-text\"> &#8222;DIRTY PINK WATERS OF COLLECTIVITY: Heidrun Holzfeind \u2013 &#8222;Ein Oktopus hat den Mond zerst\u00f6rt&#8220;&#8220;<\/span><\/a><\/p>","protected":false},"author":7,"featured_media":0,"parent":0,"menu_order":0,"comment_status":"closed","ping_status":"closed","template":"","meta":{"inline_featured_image":false,"footnotes":""},"class_list":["post-2855","page","type-page","status-publish","hentry"],"_links":{"self":[{"href":"https:\/\/kkp.uni-ak.ac.at\/en\/wp-json\/wp\/v2\/pages\/2855","targetHints":{"allow":["GET"]}}],"collection":[{"href":"https:\/\/kkp.uni-ak.ac.at\/en\/wp-json\/wp\/v2\/pages"}],"about":[{"href":"https:\/\/kkp.uni-ak.ac.at\/en\/wp-json\/wp\/v2\/types\/page"}],"author":[{"embeddable":true,"href":"https:\/\/kkp.uni-ak.ac.at\/en\/wp-json\/wp\/v2\/users\/7"}],"replies":[{"embeddable":true,"href":"https:\/\/kkp.uni-ak.ac.at\/en\/wp-json\/wp\/v2\/comments?post=2855"}],"version-history":[{"count":1,"href":"https:\/\/kkp.uni-ak.ac.at\/en\/wp-json\/wp\/v2\/pages\/2855\/revisions"}],"predecessor-version":[{"id":2856,"href":"https:\/\/kkp.uni-ak.ac.at\/en\/wp-json\/wp\/v2\/pages\/2855\/revisions\/2856"}],"wp:attachment":[{"href":"https:\/\/kkp.uni-ak.ac.at\/en\/wp-json\/wp\/v2\/media?parent=2855"}],"curies":[{"name":"wp","href":"https:\/\/api.w.org\/{rel}","templated":true}]}}