{"id":2821,"date":"2025-08-13T11:48:32","date_gmt":"2025-08-13T11:48:32","guid":{"rendered":"https:\/\/kkp.uni-ak.ac.at\/?page_id=2821"},"modified":"2026-04-15T12:19:41","modified_gmt":"2026-04-15T12:19:41","slug":"dirty-pink-waters-of-collectivity-jojo-gronostay-dead-white-mens-clothes-and-other-stories","status":"publish","type":"page","link":"https:\/\/kkp.uni-ak.ac.at\/en\/dirty-pink-waters-of-collectivity-jojo-gronostay-dead-white-mens-clothes-and-other-stories\/","title":{"rendered":"DIRTY PINK WATERS OF COLLECTIVITY: Jojo Gronostay, \u201eDEAD WHITE MEN\u2019S CLOTHES AND OTHER STORIES\u201c"},"content":{"rendered":"<p><strong>Talk in collaboration with STIR*<\/strong><\/p>\n\n\n\n<p>Das B\u00fcro f\u00fcr Diversit\u00e4t der Angewandten und DIRTY PINK WATERS OF COLLECTIVITY<br>KUNST UND KOMMUNIKATIVE PRAXIS (KKP) Angewandte kollaborieren im Rahmen der STIR-Abendvortragsreihe.<\/p>\n\n\n\n<p><strong>MON, 28. OKT 2024<br>OKP 2, H\u00f6rsaal 1<\/strong> <br><strong>6-8 pm<\/strong><\/p>\n\n\n\n<div class=\"wp-block-columns is-layout-flex wp-container-core-columns-is-layout-9d6595d7 wp-block-columns-is-layout-flex\">\n<div class=\"wp-block-column is-layout-flow wp-block-column-is-layout-flow\">\n<figure class=\"wp-block-image size-large\"><img loading=\"lazy\" decoding=\"async\" width=\"981\" height=\"981\" src=\"https:\/\/kkp.uni-ak.ac.at\/wp-content\/uploads\/2024\/10\/Screenshot_20241022_113853_Canva_Jojo-Gronostay-1.jpg\" alt=\"\" class=\"wp-image-2474\" srcset=\"https:\/\/kkp.uni-ak.ac.at\/wp-content\/uploads\/2024\/10\/Screenshot_20241022_113853_Canva_Jojo-Gronostay-1.jpg 981w, https:\/\/kkp.uni-ak.ac.at\/wp-content\/uploads\/2024\/10\/Screenshot_20241022_113853_Canva_Jojo-Gronostay-1-300x300.jpg 300w, https:\/\/kkp.uni-ak.ac.at\/wp-content\/uploads\/2024\/10\/Screenshot_20241022_113853_Canva_Jojo-Gronostay-1-150x150.jpg 150w, https:\/\/kkp.uni-ak.ac.at\/wp-content\/uploads\/2024\/10\/Screenshot_20241022_113853_Canva_Jojo-Gronostay-1-768x768.jpg 768w, https:\/\/kkp.uni-ak.ac.at\/wp-content\/uploads\/2024\/10\/Screenshot_20241022_113853_Canva_Jojo-Gronostay-1-100x100.jpg 100w\" sizes=\"auto, (max-width: 706px) 89vw, (max-width: 767px) 82vw, 740px\" \/><\/figure>\n<\/div>\n\n\n\n<div class=\"wp-block-column is-layout-flow wp-block-column-is-layout-flow\"><\/div>\n<\/div>\n\n\n\n<p>Jojo Gronostay ist ein deutsch-ghanaischer K\u00fcnstler. Seine Arbeit besch\u00e4ftigt sich mit Fragen der Identit\u00e4t und Repr\u00e4sentation, Plattformen, Recycling und Zwischenr\u00e4umen. Die Betrachtenden werden durch eine Erkundung politischer und wirtschaftlicher Strukturen und dem Erbe der Kolonialisierung in Afrika gef\u00fchrt.<\/p>\n\n\n\n<p>Wie in seinem j\u00fcngsten Beitrag zur Ausstellung AVANT-GUARD AND LIBERATION im mumok mit Projekten wie DWMC (Dead white Mens Clothes) zu sehen ist, unterbricht Gronostay Kreisl\u00e4ufe, um Konzepte wie Wirtschaft oder Wert sowie den Tausch von Menschen und Waren zwischen den beiden Kontinenten zu untersuchen.<br><br>Im Anschluss an Gronostays Vortrag findet eine Diskussion statt, die von Iketina Danso, Diversit\u00e4tsleitung des B\u00fcro f\u00fcr Vielfalt, Chancengerechtigkeit und Integration, moderiert wird.<\/p>\n\n\n\n<p>Die STIR-Vortr\u00e4ge werden vom B\u00fcro f\u00fcr Diversit\u00e4t, Chancengleichheit und Inklusion der Angewandten in Zusammenarbeit mit DIRTY PINK WATERS OF COLLECTIVITY KUNST UND KOMMUNIKATIVE PRAXIS (KKP) organisiert. STIR erforscht intersektionale und interdisziplin\u00e4re Praktiken zu Diversit\u00e4t, Chancengerechtigkeit und Inklusion in den angewandten K\u00fcnsten, um strukturelle Ver\u00e4nderungen zu f\u00f6rdern.<\/p>\n\n\n\n<figure class=\"wp-block-gallery has-nested-images columns-default is-cropped wp-block-gallery-1 is-layout-flex wp-block-gallery-is-layout-flex\">\n<figure class=\"wp-block-image size-large is-resized\"><img loading=\"lazy\" decoding=\"async\" width=\"1000\" height=\"667\" data-id=\"2822\" src=\"https:\/\/kkp.uni-ak.ac.at\/wp-content\/uploads\/2025\/06\/DSC09539.jpg\" alt=\"\" class=\"wp-image-2822\" style=\"width:399px;height:auto\" srcset=\"https:\/\/kkp.uni-ak.ac.at\/wp-content\/uploads\/2025\/06\/DSC09539.jpg 1000w, https:\/\/kkp.uni-ak.ac.at\/wp-content\/uploads\/2025\/06\/DSC09539-300x200.jpg 300w, https:\/\/kkp.uni-ak.ac.at\/wp-content\/uploads\/2025\/06\/DSC09539-768x512.jpg 768w\" sizes=\"auto, (max-width: 706px) 89vw, (max-width: 767px) 82vw, 740px\" \/><\/figure>\n\n\n\n<figure class=\"wp-block-image size-large is-resized\"><img loading=\"lazy\" decoding=\"async\" width=\"1000\" height=\"563\" data-id=\"2826\" src=\"https:\/\/kkp.uni-ak.ac.at\/wp-content\/uploads\/2025\/06\/DSC09571.jpg\" alt=\"\" class=\"wp-image-2826\" style=\"width:412px;height:auto\" srcset=\"https:\/\/kkp.uni-ak.ac.at\/wp-content\/uploads\/2025\/06\/DSC09571.jpg 1000w, https:\/\/kkp.uni-ak.ac.at\/wp-content\/uploads\/2025\/06\/DSC09571-300x169.jpg 300w, https:\/\/kkp.uni-ak.ac.at\/wp-content\/uploads\/2025\/06\/DSC09571-768x432.jpg 768w\" sizes=\"auto, (max-width: 706px) 89vw, (max-width: 767px) 82vw, 740px\" \/><\/figure>\n\n\n\n<figure class=\"wp-block-image size-large is-resized\"><img loading=\"lazy\" decoding=\"async\" width=\"1000\" height=\"667\" data-id=\"2830\" src=\"https:\/\/kkp.uni-ak.ac.at\/wp-content\/uploads\/2025\/06\/DSC09631.jpg\" alt=\"\" class=\"wp-image-2830\" style=\"width:400px;height:auto\" srcset=\"https:\/\/kkp.uni-ak.ac.at\/wp-content\/uploads\/2025\/06\/DSC09631.jpg 1000w, https:\/\/kkp.uni-ak.ac.at\/wp-content\/uploads\/2025\/06\/DSC09631-300x200.jpg 300w, https:\/\/kkp.uni-ak.ac.at\/wp-content\/uploads\/2025\/06\/DSC09631-768x512.jpg 768w\" sizes=\"auto, (max-width: 706px) 89vw, (max-width: 767px) 82vw, 740px\" \/><\/figure>\n<\/figure>\n\n\n\n<figure class=\"wp-block-gallery has-nested-images columns-default is-cropped wp-block-gallery-2 is-layout-flex wp-block-gallery-is-layout-flex\">\n<figure class=\"wp-block-image size-large\"><img loading=\"lazy\" decoding=\"async\" width=\"1000\" height=\"667\" data-id=\"2834\" src=\"https:\/\/kkp.uni-ak.ac.at\/wp-content\/uploads\/2025\/06\/DSC09697.jpg\" alt=\"\" class=\"wp-image-2834\" srcset=\"https:\/\/kkp.uni-ak.ac.at\/wp-content\/uploads\/2025\/06\/DSC09697.jpg 1000w, https:\/\/kkp.uni-ak.ac.at\/wp-content\/uploads\/2025\/06\/DSC09697-300x200.jpg 300w, https:\/\/kkp.uni-ak.ac.at\/wp-content\/uploads\/2025\/06\/DSC09697-768x512.jpg 768w\" sizes=\"auto, (max-width: 706px) 89vw, (max-width: 767px) 82vw, 740px\" \/><\/figure>\n\n\n\n<figure class=\"wp-block-image size-large\"><img loading=\"lazy\" decoding=\"async\" width=\"1000\" height=\"667\" data-id=\"2833\" src=\"https:\/\/kkp.uni-ak.ac.at\/wp-content\/uploads\/2025\/06\/DSC09684.jpg\" alt=\"\" class=\"wp-image-2833\" srcset=\"https:\/\/kkp.uni-ak.ac.at\/wp-content\/uploads\/2025\/06\/DSC09684.jpg 1000w, https:\/\/kkp.uni-ak.ac.at\/wp-content\/uploads\/2025\/06\/DSC09684-300x200.jpg 300w, https:\/\/kkp.uni-ak.ac.at\/wp-content\/uploads\/2025\/06\/DSC09684-768x512.jpg 768w\" sizes=\"auto, (max-width: 706px) 89vw, (max-width: 767px) 82vw, 740px\" \/><\/figure>\n\n\n\n<figure class=\"wp-block-image size-large\"><img loading=\"lazy\" decoding=\"async\" width=\"1000\" height=\"667\" data-id=\"2832\" src=\"https:\/\/kkp.uni-ak.ac.at\/wp-content\/uploads\/2025\/06\/DSC09669.jpg\" alt=\"\" class=\"wp-image-2832\" srcset=\"https:\/\/kkp.uni-ak.ac.at\/wp-content\/uploads\/2025\/06\/DSC09669.jpg 1000w, https:\/\/kkp.uni-ak.ac.at\/wp-content\/uploads\/2025\/06\/DSC09669-300x200.jpg 300w, https:\/\/kkp.uni-ak.ac.at\/wp-content\/uploads\/2025\/06\/DSC09669-768x512.jpg 768w\" sizes=\"auto, (max-width: 706px) 89vw, (max-width: 767px) 82vw, 740px\" \/><\/figure>\n\n\n\n<figure class=\"wp-block-image size-large\"><img loading=\"lazy\" decoding=\"async\" width=\"1000\" height=\"563\" data-id=\"2831\" src=\"https:\/\/kkp.uni-ak.ac.at\/wp-content\/uploads\/2025\/06\/DSC09644.jpg\" alt=\"\" class=\"wp-image-2831\" srcset=\"https:\/\/kkp.uni-ak.ac.at\/wp-content\/uploads\/2025\/06\/DSC09644.jpg 1000w, https:\/\/kkp.uni-ak.ac.at\/wp-content\/uploads\/2025\/06\/DSC09644-300x169.jpg 300w, https:\/\/kkp.uni-ak.ac.at\/wp-content\/uploads\/2025\/06\/DSC09644-768x432.jpg 768w\" sizes=\"auto, (max-width: 706px) 89vw, (max-width: 767px) 82vw, 740px\" \/><\/figure>\n\n\n\n<figure class=\"wp-block-image size-large\"><img loading=\"lazy\" decoding=\"async\" width=\"1000\" height=\"667\" data-id=\"2829\" src=\"https:\/\/kkp.uni-ak.ac.at\/wp-content\/uploads\/2025\/06\/DSC09616.jpg\" alt=\"\" class=\"wp-image-2829\" srcset=\"https:\/\/kkp.uni-ak.ac.at\/wp-content\/uploads\/2025\/06\/DSC09616.jpg 1000w, https:\/\/kkp.uni-ak.ac.at\/wp-content\/uploads\/2025\/06\/DSC09616-300x200.jpg 300w, https:\/\/kkp.uni-ak.ac.at\/wp-content\/uploads\/2025\/06\/DSC09616-768x512.jpg 768w\" sizes=\"auto, (max-width: 706px) 89vw, (max-width: 767px) 82vw, 740px\" \/><\/figure>\n\n\n\n<figure class=\"wp-block-image size-large\"><img loading=\"lazy\" decoding=\"async\" width=\"1000\" height=\"667\" data-id=\"2828\" src=\"https:\/\/kkp.uni-ak.ac.at\/wp-content\/uploads\/2025\/06\/DSC09588.jpg\" alt=\"\" class=\"wp-image-2828\" srcset=\"https:\/\/kkp.uni-ak.ac.at\/wp-content\/uploads\/2025\/06\/DSC09588.jpg 1000w, https:\/\/kkp.uni-ak.ac.at\/wp-content\/uploads\/2025\/06\/DSC09588-300x200.jpg 300w, https:\/\/kkp.uni-ak.ac.at\/wp-content\/uploads\/2025\/06\/DSC09588-768x512.jpg 768w\" sizes=\"auto, (max-width: 706px) 89vw, (max-width: 767px) 82vw, 740px\" \/><\/figure>\n\n\n\n<figure class=\"wp-block-image size-large\"><img loading=\"lazy\" decoding=\"async\" width=\"1000\" height=\"563\" data-id=\"2824\" src=\"https:\/\/kkp.uni-ak.ac.at\/wp-content\/uploads\/2025\/06\/DSC09563.jpg\" alt=\"\" class=\"wp-image-2824\" srcset=\"https:\/\/kkp.uni-ak.ac.at\/wp-content\/uploads\/2025\/06\/DSC09563.jpg 1000w, https:\/\/kkp.uni-ak.ac.at\/wp-content\/uploads\/2025\/06\/DSC09563-300x169.jpg 300w, https:\/\/kkp.uni-ak.ac.at\/wp-content\/uploads\/2025\/06\/DSC09563-768x432.jpg 768w\" sizes=\"auto, (max-width: 706px) 89vw, (max-width: 767px) 82vw, 740px\" \/><\/figure>\n\n\n\n<figure class=\"wp-block-image size-large\"><img loading=\"lazy\" decoding=\"async\" width=\"1000\" height=\"563\" data-id=\"2823\" src=\"https:\/\/kkp.uni-ak.ac.at\/wp-content\/uploads\/2025\/06\/DSC09551.jpg\" alt=\"\" class=\"wp-image-2823\" srcset=\"https:\/\/kkp.uni-ak.ac.at\/wp-content\/uploads\/2025\/06\/DSC09551.jpg 1000w, https:\/\/kkp.uni-ak.ac.at\/wp-content\/uploads\/2025\/06\/DSC09551-300x169.jpg 300w, https:\/\/kkp.uni-ak.ac.at\/wp-content\/uploads\/2025\/06\/DSC09551-768x432.jpg 768w\" sizes=\"auto, (max-width: 706px) 89vw, (max-width: 767px) 82vw, 740px\" \/><\/figure>\n<\/figure>\n\n\n\n<p>Jojo Gronostay \u2013 \u201eDEAD WHITE MEN\u2019S CLOTHES AND OTHER STORIES\u201c. Foto \u00a9 M. A. Chucker<\/p>","protected":false},"excerpt":{"rendered":"<p>Talk in collaboration with STIR* Das B\u00fcro f\u00fcr Diversit\u00e4t der Angewandten und DIRTY PINK WATERS OF COLLECTIVITYKUNST UND KOMMUNIKATIVE PRAXIS (KKP) Angewandte kollaborieren im Rahmen der STIR-Abendvortragsreihe. MON, 28. OKT 2024OKP 2, H\u00f6rsaal 1 6-8 pm Jojo Gronostay ist ein deutsch-ghanaischer K\u00fcnstler. Seine Arbeit besch\u00e4ftigt sich mit Fragen der Identit\u00e4t und Repr\u00e4sentation, Plattformen, Recycling und &hellip; <\/p>\n<p class=\"link-more\"><a href=\"https:\/\/kkp.uni-ak.ac.at\/en\/dirty-pink-waters-of-collectivity-jojo-gronostay-dead-white-mens-clothes-and-other-stories\/\" class=\"more-link\">Continue reading<span class=\"screen-reader-text\"> &#8222;DIRTY PINK WATERS OF COLLECTIVITY: Jojo Gronostay, \u201eDEAD WHITE MEN\u2019S CLOTHES AND OTHER STORIES\u201c&#8220;<\/span><\/a><\/p>","protected":false},"author":7,"featured_media":0,"parent":0,"menu_order":0,"comment_status":"closed","ping_status":"closed","template":"","meta":{"inline_featured_image":false,"footnotes":""},"class_list":["post-2821","page","type-page","status-publish","hentry"],"_links":{"self":[{"href":"https:\/\/kkp.uni-ak.ac.at\/en\/wp-json\/wp\/v2\/pages\/2821","targetHints":{"allow":["GET"]}}],"collection":[{"href":"https:\/\/kkp.uni-ak.ac.at\/en\/wp-json\/wp\/v2\/pages"}],"about":[{"href":"https:\/\/kkp.uni-ak.ac.at\/en\/wp-json\/wp\/v2\/types\/page"}],"author":[{"embeddable":true,"href":"https:\/\/kkp.uni-ak.ac.at\/en\/wp-json\/wp\/v2\/users\/7"}],"replies":[{"embeddable":true,"href":"https:\/\/kkp.uni-ak.ac.at\/en\/wp-json\/wp\/v2\/comments?post=2821"}],"version-history":[{"count":7,"href":"https:\/\/kkp.uni-ak.ac.at\/en\/wp-json\/wp\/v2\/pages\/2821\/revisions"}],"predecessor-version":[{"id":4246,"href":"https:\/\/kkp.uni-ak.ac.at\/en\/wp-json\/wp\/v2\/pages\/2821\/revisions\/4246"}],"wp:attachment":[{"href":"https:\/\/kkp.uni-ak.ac.at\/en\/wp-json\/wp\/v2\/media?parent=2821"}],"curies":[{"name":"wp","href":"https:\/\/api.w.org\/{rel}","templated":true}]}}