{"id":2802,"date":"2025-08-13T11:41:11","date_gmt":"2025-08-13T11:41:11","guid":{"rendered":"https:\/\/kkp.uni-ak.ac.at\/?page_id=2802"},"modified":"2025-08-13T11:41:12","modified_gmt":"2025-08-13T11:41:12","slug":"dirty-pink-waters-of-collectivity-filmvorfuehrung-und-gespraech-mit-jannik-franzen","status":"publish","type":"page","link":"https:\/\/kkp.uni-ak.ac.at\/en\/dirty-pink-waters-of-collectivity-filmvorfuehrung-und-gespraech-mit-jannik-franzen\/","title":{"rendered":"DIRTY PINK WATERS OF COLLECTIVITY: Filmvorf\u00fchrung und Gespr\u00e4ch mit Jannik Franzen"},"content":{"rendered":"<figure class=\"wp-block-image size-full\"><img loading=\"lazy\" decoding=\"async\" width=\"1000\" height=\"561\" src=\"https:\/\/kkp.uni-ak.ac.at\/wp-content\/uploads\/2025\/05\/Jannik-Franzen_Wien-Liberec.png\" alt=\"\" class=\"wp-image-2789\" srcset=\"https:\/\/kkp.uni-ak.ac.at\/wp-content\/uploads\/2025\/05\/Jannik-Franzen_Wien-Liberec.png 1000w, https:\/\/kkp.uni-ak.ac.at\/wp-content\/uploads\/2025\/05\/Jannik-Franzen_Wien-Liberec-300x168.png 300w, https:\/\/kkp.uni-ak.ac.at\/wp-content\/uploads\/2025\/05\/Jannik-Franzen_Wien-Liberec-768x431.png 768w\" sizes=\"auto, (max-width: 706px) 89vw, (max-width: 767px) 82vw, 740px\" \/><figcaption class=\"wp-element-caption\">Jannik Franzen, Wien-Liberec (2019)<\/figcaption><\/figure>\n\n\n\n<p>\u201eK\u00f6rper formen\u201c, 10 Min., 2018 \u2013 Im Keller der Akademie der bildenden K\u00fcnste Wien<br>stehen dicht gedr\u00e4ngt Gipsabg\u00fcsse von Skulpturen der Antike und Renaissance.<br>Ein leises Unbehagen mit der Sammlung f\u00fchrt zu einem Filmdokument von 1915:<br>Klassizistische \u00c4sthetik und koloniale Forschung arbeiten Hand in Hand.<br><br>\u201eWien \u2013 Liberec\u201c, 20 Min., 2019 \u2013 Spurensuche zur Zusammenarbeit von \u201eRasseforschung\u201c<br>und Kunstakademie zur Zeit des Ersten Weltkriegs. Zitate der T\u00e4ter\/innen<br>tragen die fast vergessene Geschichte an die Schaupl\u00e4tze zur\u00fcck: die Akademie<br>der bildenden K\u00fcnste Wien, den Prater und die tschechische Stadt Liberec.<br><br>\u201eBewegungsdauerpr\u00e4parate\u201c, 17 Min., 2024 \u2013 Die \u201eEncyclopaedia Cinematographica\u201c<br>ist ein Filmarchiv der (Tier-)Bewegung, das heute wie ein Museum der bedrohten<br>Arten wirkt. Die Arbeit untersucht eine Bildproduktion, die wissenschaftliche<br>Objektivit\u00e4t herstellen wollte, aber ideologisch behaftet war.<\/p>\n\n\n\n<p>Jannik Franzens recherchebasierten Arbeiten hinterfragen die Rolle von Wissenschaft und Institutionen bei der Herstellung sozialer Normen und Ausschl\u00fcsse. Sie befassen sich mit anthropologischer Bildproduktion, medizinischer Geschlechternormierung, filmischen Verhandlungen von Natur oder auch mit den strukturellen Zumutungen von Zwei-Geschlechter-Ordnung und Heteronormativit\u00e4t.<\/p>\n\n\n\n<figure class=\"wp-block-image size-full\"><img loading=\"lazy\" decoding=\"async\" width=\"1000\" height=\"696\" src=\"https:\/\/kkp.uni-ak.ac.at\/wp-content\/uploads\/2025\/05\/Jannik-Franzen_Wien-Liberec-2019_00.18.33.png\" alt=\"\" class=\"wp-image-2788\" srcset=\"https:\/\/kkp.uni-ak.ac.at\/wp-content\/uploads\/2025\/05\/Jannik-Franzen_Wien-Liberec-2019_00.18.33.png 1000w, https:\/\/kkp.uni-ak.ac.at\/wp-content\/uploads\/2025\/05\/Jannik-Franzen_Wien-Liberec-2019_00.18.33-300x209.png 300w, https:\/\/kkp.uni-ak.ac.at\/wp-content\/uploads\/2025\/05\/Jannik-Franzen_Wien-Liberec-2019_00.18.33-768x535.png 768w\" sizes=\"auto, (max-width: 706px) 89vw, (max-width: 767px) 82vw, 740px\" \/><figcaption class=\"wp-element-caption\">Jannik Franzen, Wien-Liberec (2019)<\/figcaption><\/figure>\n\n\n\n<figure class=\"wp-block-image size-full\"><img loading=\"lazy\" decoding=\"async\" width=\"1000\" height=\"561\" src=\"https:\/\/kkp.uni-ak.ac.at\/wp-content\/uploads\/2025\/05\/Jannik-Franzen_Bewegungsdauerpraeparate-2024_00.13.59.png\" alt=\"\" class=\"wp-image-2791\" srcset=\"https:\/\/kkp.uni-ak.ac.at\/wp-content\/uploads\/2025\/05\/Jannik-Franzen_Bewegungsdauerpraeparate-2024_00.13.59.png 1000w, https:\/\/kkp.uni-ak.ac.at\/wp-content\/uploads\/2025\/05\/Jannik-Franzen_Bewegungsdauerpraeparate-2024_00.13.59-300x168.png 300w, https:\/\/kkp.uni-ak.ac.at\/wp-content\/uploads\/2025\/05\/Jannik-Franzen_Bewegungsdauerpraeparate-2024_00.13.59-768x431.png 768w\" sizes=\"auto, (max-width: 706px) 89vw, (max-width: 767px) 82vw, 740px\" \/><figcaption class=\"wp-element-caption\">Jannik Franzen, Bewegungsdauerpraeparate (2024)<\/figcaption><\/figure>\n\n\n\n<figure class=\"wp-block-image size-full\"><img loading=\"lazy\" decoding=\"async\" width=\"1000\" height=\"564\" src=\"https:\/\/kkp.uni-ak.ac.at\/wp-content\/uploads\/2025\/05\/Jannik-Franzen_Bewegungsdauerpraeparate-2024_00.14.35.png\" alt=\"\" class=\"wp-image-2790\" srcset=\"https:\/\/kkp.uni-ak.ac.at\/wp-content\/uploads\/2025\/05\/Jannik-Franzen_Bewegungsdauerpraeparate-2024_00.14.35.png 1000w, https:\/\/kkp.uni-ak.ac.at\/wp-content\/uploads\/2025\/05\/Jannik-Franzen_Bewegungsdauerpraeparate-2024_00.14.35-300x169.png 300w, https:\/\/kkp.uni-ak.ac.at\/wp-content\/uploads\/2025\/05\/Jannik-Franzen_Bewegungsdauerpraeparate-2024_00.14.35-768x433.png 768w\" sizes=\"auto, (max-width: 706px) 89vw, (max-width: 767px) 82vw, 740px\" \/><figcaption class=\"wp-element-caption\">Jannik Franzen, Bewegungsdauerpraeparate (2024)<\/figcaption><\/figure>\n\n\n\n<p><\/p>","protected":false},"excerpt":{"rendered":"<p>\u201eK\u00f6rper formen\u201c, 10 Min., 2018 \u2013 Im Keller der Akademie der bildenden K\u00fcnste Wienstehen dicht gedr\u00e4ngt Gipsabg\u00fcsse von Skulpturen der Antike und Renaissance.Ein leises Unbehagen mit der Sammlung f\u00fchrt zu einem Filmdokument von 1915:Klassizistische \u00c4sthetik und koloniale Forschung arbeiten Hand in Hand. \u201eWien \u2013 Liberec\u201c, 20 Min., 2019 \u2013 Spurensuche zur Zusammenarbeit von \u201eRasseforschung\u201cund Kunstakademie &hellip; <\/p>\n<p class=\"link-more\"><a href=\"https:\/\/kkp.uni-ak.ac.at\/en\/dirty-pink-waters-of-collectivity-filmvorfuehrung-und-gespraech-mit-jannik-franzen\/\" class=\"more-link\">Continue reading<span class=\"screen-reader-text\"> &#8222;DIRTY PINK WATERS OF COLLECTIVITY: Filmvorf\u00fchrung und Gespr\u00e4ch mit Jannik Franzen&#8220;<\/span><\/a><\/p>","protected":false},"author":7,"featured_media":0,"parent":0,"menu_order":0,"comment_status":"closed","ping_status":"closed","template":"","meta":{"inline_featured_image":false,"footnotes":""},"class_list":["post-2802","page","type-page","status-publish","hentry"],"_links":{"self":[{"href":"https:\/\/kkp.uni-ak.ac.at\/en\/wp-json\/wp\/v2\/pages\/2802","targetHints":{"allow":["GET"]}}],"collection":[{"href":"https:\/\/kkp.uni-ak.ac.at\/en\/wp-json\/wp\/v2\/pages"}],"about":[{"href":"https:\/\/kkp.uni-ak.ac.at\/en\/wp-json\/wp\/v2\/types\/page"}],"author":[{"embeddable":true,"href":"https:\/\/kkp.uni-ak.ac.at\/en\/wp-json\/wp\/v2\/users\/7"}],"replies":[{"embeddable":true,"href":"https:\/\/kkp.uni-ak.ac.at\/en\/wp-json\/wp\/v2\/comments?post=2802"}],"version-history":[{"count":1,"href":"https:\/\/kkp.uni-ak.ac.at\/en\/wp-json\/wp\/v2\/pages\/2802\/revisions"}],"predecessor-version":[{"id":2872,"href":"https:\/\/kkp.uni-ak.ac.at\/en\/wp-json\/wp\/v2\/pages\/2802\/revisions\/2872"}],"wp:attachment":[{"href":"https:\/\/kkp.uni-ak.ac.at\/en\/wp-json\/wp\/v2\/media?parent=2802"}],"curies":[{"name":"wp","href":"https:\/\/api.w.org\/{rel}","templated":true}]}}