{"id":2392,"date":"2024-10-22T20:50:34","date_gmt":"2024-10-22T20:50:34","guid":{"rendered":"https:\/\/kkp.uni-ak.ac.at\/?page_id=2392"},"modified":"2026-04-29T10:48:27","modified_gmt":"2026-04-29T10:48:27","slug":"dirty-pink-waters-of-collectivity","status":"publish","type":"page","link":"https:\/\/kkp.uni-ak.ac.at\/en\/dirty-pink-waters-of-collectivity\/","title":{"rendered":"DIRTY PINK WATERS OF COLLECTIVITY"},"content":{"rendered":"<h2 class=\"wp-block-heading\"><strong>KKP TALKS and WORKSHOPS series on intersectional art pedagogies<\/strong> <\/h2>\n\n\n\n<h2 class=\"wp-block-heading has-text-align-left\">The series addresses questions of collectivity in the arts and education, which empower intersectional and post-migrant positions. Art education becomes world-making, when it makes space for relationality, unlearning, and the condition of unknowing. Art education enables space for conflicting, meshing and fluid identities, and for the contamination of the dominant language(s).<\/h2>\n\n\n\n<h2 class=\"wp-block-heading has-text-align-left\"><strong>SUMMER SEMESTER 2026<\/strong><br><\/h2>\n\n\n\n<div class=\"wp-block-columns is-layout-flex wp-container-core-columns-is-layout-9d6595d7 wp-block-columns-is-layout-flex\">\n<div class=\"wp-block-column is-layout-flow wp-block-column-is-layout-flow\">\n<figure class=\"wp-block-image size-full\"><img loading=\"lazy\" decoding=\"async\" width=\"706\" height=\"1000\" src=\"https:\/\/kkp.uni-ak.ac.at\/wp-content\/uploads\/2026\/03\/DIRTY-PINK-WATERS-So2026-poster-1.png\" alt=\"\" class=\"wp-image-3161\" srcset=\"https:\/\/kkp.uni-ak.ac.at\/wp-content\/uploads\/2026\/03\/DIRTY-PINK-WATERS-So2026-poster-1.png 706w, https:\/\/kkp.uni-ak.ac.at\/wp-content\/uploads\/2026\/03\/DIRTY-PINK-WATERS-So2026-poster-1-212x300.png 212w, https:\/\/kkp.uni-ak.ac.at\/wp-content\/uploads\/2026\/03\/DIRTY-PINK-WATERS-So2026-poster-1-8x12.png 8w\" sizes=\"auto, (max-width: 706px) 100vw, 706px\" \/><figcaption class=\"wp-element-caption\">Poster by Andromache Kokkinou<\/figcaption><\/figure>\n\n\n\n<h2 class=\"wp-block-heading\">#1 <a href=\"https:\/\/kkp.uni-ak.ac.at\/en\/screening-r21-aka-restoring-solidarity\/\" target=\"_blank\" rel=\"noreferrer noopener\">Filmscreening<br><strong>R21 aka RESTORING SOLIDARITY<\/strong><\/a><a href=\"https:\/\/kkp.uni-ak.ac.at\/en\/\"><\/a><\/h2>\n\n\n\n<blockquote class=\"wp-block-quote is-layout-flow wp-block-quote-is-layout-flow\">\n<blockquote class=\"wp-block-quote is-layout-flow wp-block-quote-is-layout-flow\">\n<h3 class=\"wp-block-heading\"><em>by Mohanad Yaqubi<\/em><br><em>in collaboration with Movie Nights and yasmine eid-sabbagh&nbsp;<\/em><\/h3>\n\n\n\n<h3 class=\"wp-block-heading\"><strong>April 24 , 19:00<\/strong><br><strong>Applied Photography Studio<br>OKP \u2013 Schwanzer Trakt<br>4. Stock<\/strong><br><br>Film: Original with English subtitles<br>Discussion: English and German<br><br>Documentary<br>Director: Mohanad Yaqubi<br>Palestine\/Belgium\/Qatar 2022,<br>71 min., Arab.\/Jap. with En. ST<\/h3>\n\n\n\n<h2 class=\"wp-block-heading\">#2 <a href=\"https:\/\/kkp.uni-ak.ac.at\/en\/fotografische-archive-kollektivitaet-und-solidaritaetfotografische-archive-mit-yasmine-eid-sabbagh\/\" target=\"_blank\" rel=\"noreferrer noopener\">Workshop<br><strong>Fotografische Archive, Kollektivit\u00e4t und Solidarit\u00e4t<\/strong><\/a><\/h2>\n\n\n\n<h3 class=\"wp-block-heading\"><em>by yasmine eid-sabbagh<\/em><\/h3>\n<\/blockquote>\n<\/blockquote>\n\n\n\n<blockquote class=\"wp-block-quote is-layout-flow wp-block-quote-is-layout-flow\">\n<h3 class=\"wp-block-heading\"><strong>April 17. &amp; 18. April, 10:00 &#8211; 17:00<br>Universit\u00e4t f\u00fcr angewandte Kunst Wien\u00a0<br>Vordere Zollamtsstra\u00dfe 7<br>1030 Wien<br>Raum 306, 3. Stock<\/strong><\/h3>\n<\/blockquote>\n\n\n\n<h2 class=\"wp-block-heading\">#3 <a href=\"https:\/\/kkp.uni-ak.ac.at\/en\/filmscreening\/\" target=\"_blank\" rel=\"noreferrer noopener\">Filmscreening &amp; Discussion<br><strong>GERMAINE ACOGNY &#8211; DIE ESSENZ DES TANZES<\/strong><\/a><\/h2>\n\n\n\n<blockquote class=\"wp-block-quote is-layout-flow wp-block-quote-is-layout-flow\">\n<h3 class=\"wp-block-heading\"><em>by Greta Marie Becker (Regisseurin)<\/em><\/h3>\n\n\n\n<h3 class=\"wp-block-heading\"><strong>April 20 , 11:00<br>Universit\u00e4t f\u00fcr angewandte Kunst Wien\u00a0<br>Vordere Zollamtsstra\u00dfe 7<br>1030 Wien<br>Auditorium<\/strong><\/h3>\n\n\n\n<h2 class=\"wp-block-heading\">#4 <a href=\"https:\/\/kkp.uni-ak.ac.at\/en\/workshop-zweifelhafte-vergnuegungen-vielfalt-und-kritik-in-der-leopoldstadt\/\" data-type=\"link\" data-id=\"https:\/\/kkp.uni-ak.ac.at\/workshop-zweifelhafte-vergnuegungen-vielfalt-und-kritik-in-der-leopoldstadt\/\" target=\"_blank\" rel=\"noreferrer noopener\">Workshop<br><strong>DUBIOUS PLEASURES \u2013 DIVERSITY AND CRITICISM IN LEOPOLDSTADT<\/strong><\/a><\/h2>\n\n\n\n<blockquote class=\"wp-block-quote is-layout-flow wp-block-quote-is-layout-flow\">\n<h3 class=\"wp-block-heading\"><em>Hint Verein Wien, Iketina Danso<\/em><\/h3>\n<\/blockquote>\n\n\n\n<h3 class=\"wp-block-heading\"><strong>Mit\/Wed May 6 <\/strong><br><strong>14:00-18:00 <\/strong><br><br><strong>Treffpunkt \/ Meeting point: <\/strong><br><strong>Universit\u00e4t f\u00fcr angewandte Kunst Wien<br>Rustenschacherallee 2 \u2013 4<br>A-1020 Wien<\/strong><\/h3>\n\n\n\n<h2 class=\"wp-block-heading\">#5 <a href=\"https:\/\/kkp.uni-ak.ac.at\/en\/lecture-creative-resistance-the-role-of-cultural-work-under-occupation\/\" data-type=\"link\" data-id=\"https:\/\/kkp.uni-ak.ac.at\/lecture-creative-resistance-the-role-of-cultural-work-under-occupation\/\" target=\"_blank\" rel=\"noreferrer noopener\">Lecture <br><strong>CREATIVE RESISTANCE &#8211; THE ROLE OF CULTURAL WORK UNDER OCCUPATION&nbsp;<\/strong><\/a><\/h2>\n<\/blockquote>\n\n\n\n<blockquote class=\"wp-block-quote is-layout-flow wp-block-quote-is-layout-flow\">\n<h3 class=\"wp-block-heading\"><em>by Nabila Irshaid<\/em><\/h3>\n\n\n\n<h3 class=\"wp-block-heading\"><strong>May<\/strong> <strong>20, 18:00<br>University of Applied Arts<br>Vordere Zollamtsstra\u00dfe 7<br>A-1030 Wien<br>FLUX 2, 2nd floor<\/strong><\/h3>\n<\/blockquote>\n<\/div>\n\n\n\n<div class=\"wp-block-column is-layout-flow wp-block-column-is-layout-flow\">\n<h3 class=\"wp-block-heading\"><br><\/h3>\n<\/div>\n<\/div>\n\n\n\n<h2 class=\"wp-block-heading has-text-align-left\"><strong>WINTER SEMESTER 2025\/26<\/strong><\/h2>\n\n\n\n<p><\/p>\n\n\n\n<div class=\"wp-block-columns is-layout-flex wp-container-core-columns-is-layout-9d6595d7 wp-block-columns-is-layout-flex\">\n<div class=\"wp-block-column is-layout-flow wp-block-column-is-layout-flow\">\n<figure class=\"wp-block-image size-full\"><img loading=\"lazy\" decoding=\"async\" width=\"706\" height=\"1000\" src=\"https:\/\/kkp.uni-ak.ac.at\/wp-content\/uploads\/2025\/09\/DirtyPink_3_5_web.png\" alt=\"\" class=\"wp-image-2937\" srcset=\"https:\/\/kkp.uni-ak.ac.at\/wp-content\/uploads\/2025\/09\/DirtyPink_3_5_web.png 706w, https:\/\/kkp.uni-ak.ac.at\/wp-content\/uploads\/2025\/09\/DirtyPink_3_5_web-212x300.png 212w, https:\/\/kkp.uni-ak.ac.at\/wp-content\/uploads\/2025\/09\/DirtyPink_3_5_web-8x12.png 8w\" sizes=\"auto, (max-width: 706px) 100vw, 706px\" \/><figcaption class=\"wp-element-caption\">Poster by Linda Zimmermann<\/figcaption><\/figure>\n<\/div>\n\n\n\n<div class=\"wp-block-column is-layout-flow wp-block-column-is-layout-flow\"><\/div>\n<\/div>\n\n\n\n<h2 class=\"wp-block-heading\"><a href=\"https:\/\/kkp.uni-ak.ac.at\/en\/performance-discussion-townhall-meeting-empathetic-exchange\/\" data-type=\"link\" data-id=\"https:\/\/kkp.uni-ak.ac.at\/performance-discussion-townhall-meeting-empathetic-exchange\/\" target=\"_blank\" rel=\"noreferrer noopener\">#1 Performances &amp; Discussions<\/a><br><a href=\"https:\/\/kkp.uni-ak.ac.at\/en\/performance-discussion-townhall-meeting-empathetic-exchange\/\" data-type=\"link\" data-id=\"https:\/\/kkp.uni-ak.ac.at\/performance-discussion-townhall-meeting-empathetic-exchange\/\" target=\"_blank\" rel=\"noreferrer noopener\"><strong>Spacex Town Hall Event<\/strong><\/a><\/h2>\n\n\n\n<blockquote class=\"wp-block-quote is-layout-flow wp-block-quote-is-layout-flow\">\n<blockquote class=\"wp-block-quote is-layout-flow wp-block-quote-is-layout-flow\">\n<p><em>with Barbara Holub and international partners<\/em><\/p>\n\n\n\n<h3 class=\"wp-block-heading\"><strong>24. October 2025, 11 \u2013 20h<\/strong><\/h3>\n\n\n\n<h2 class=\"wp-block-heading\"><br>#2 Screening<br><strong>Dahomey<\/strong><\/h2>\n\n\n\n<blockquote class=\"wp-block-quote is-layout-flow wp-block-quote-is-layout-flow\">\n<p>by Mati Diop<br>hosted by Nicole Miltner und Jo Schmeiser<\/p>\n\n\n\n<h3 class=\"wp-block-heading\"><strong>Nov. 7, 11:00 &#8211; 14:00<br>Admiralkino Wien<\/strong><\/h3>\n<\/blockquote>\n\n\n\n<h2 class=\"wp-block-heading\"><a href=\"https:\/\/kkp.uni-ak.ac.at\/en\/dirty-pink-waters-of-collectivity-malaika-kegode-poetry-workshop-in-collaboration-with-poetic-intuition-festival-2025\/\" target=\"_blank\" rel=\"noreferrer noopener\">#3 Poetry Workshop &amp; Festical <\/a><br><a href=\"https:\/\/kkp.uni-ak.ac.at\/en\/dirty-pink-waters-of-collectivity-malaika-kegode-poetry-workshop-in-collaboration-with-poetic-intuition-festival-2025\/\" target=\"_blank\" rel=\"noreferrer noopener\"><strong>Poetic Intuition Festival 2025<\/strong><\/a><\/h2>\n<\/blockquote>\n\n\n\n<blockquote class=\"wp-block-quote is-layout-flow wp-block-quote-is-layout-flow\">\n<p><em>with Malaika Kegode<\/em><\/p>\n\n\n\n<h3 class=\"wp-block-heading\"><strong>20. November 2025, 16 \u2013 19h<\/strong><\/h3>\n<\/blockquote>\n<\/blockquote>\n\n\n\n<h2 class=\"wp-block-heading\"><a href=\"https:\/\/kkp.uni-ak.ac.at\/en\/finding-the-voice-in-language-a-bilingual-spoken-word-performance\/\" data-type=\"page\" data-id=\"2819\">#4 Spoken Work Perforamance<\/a><br><a href=\"https:\/\/kkp.uni-ak.ac.at\/en\/finding-the-voice-in-language-a-bilingual-spoken-word-performance\/\" data-type=\"page\" data-id=\"2819\"><strong>Finding the Voice in Language<\/strong><\/a><\/h2>\n\n\n\n<blockquote class=\"wp-block-quote is-layout-flow wp-block-quote-is-layout-flow\">\n<p><em>with Jeffrey Angles und Hiromi It\u014d&nbsp;<\/em><\/p>\n\n\n\n<h3 class=\"wp-block-heading\"><strong>24. November 2025, 18h \u2013 20h<\/strong><\/h3>\n<\/blockquote>\n\n\n\n<h2 class=\"wp-block-heading\"><a href=\"https:\/\/kkp.uni-ak.ac.at\/en\/invinzible-bodies-life-drawing-workshop\/\" data-type=\"link\" data-id=\"https:\/\/kkp.uni-ak.ac.at\/invinzible-bodies-life-drawing-workshop\/\" target=\"_blank\" rel=\"noreferrer noopener\">#5 Life Drawing Workshop<\/a><br><a href=\"https:\/\/kkp.uni-ak.ac.at\/en\/invinzible-bodies-life-drawing-workshop\/\" data-type=\"link\" data-id=\"https:\/\/kkp.uni-ak.ac.at\/invinzible-bodies-life-drawing-workshop\/\" target=\"_blank\" rel=\"noreferrer noopener\"><strong>Invizible Bodies Life Drawing <\/strong><\/a><\/h2>\n\n\n\n<blockquote class=\"wp-block-quote is-layout-flow wp-block-quote-is-layout-flow\">\n<p><em>with Nepor Sandei (Mamusu Kallon)<\/em><br>KKP in collaboration with STIR\u00a0<em>\u00a0<\/em><\/p>\n\n\n\n<h3 class=\"wp-block-heading\"><strong>09. January 2026, 16.30 \u2013 19.30h<\/strong><br><\/h3>\n<\/blockquote>\n\n\n\n<h2 class=\"wp-block-heading has-text-align-left\"><strong>SUMMER SEMESTER 2025<\/strong><\/h2>\n\n\n\n<p><\/p>\n\n\n\n<div class=\"wp-block-columns is-layout-flex wp-container-core-columns-is-layout-9d6595d7 wp-block-columns-is-layout-flex\">\n<div class=\"wp-block-column is-layout-flow wp-block-column-is-layout-flow\">\n<figure class=\"wp-block-image size-large\"><img loading=\"lazy\" decoding=\"async\" width=\"848\" height=\"1200\" src=\"https:\/\/kkp.uni-ak.ac.at\/wp-content\/uploads\/2025\/02\/DirtyPink_RGB-web-848x1200.jpg\" alt=\"\" class=\"wp-image-2627\" srcset=\"https:\/\/kkp.uni-ak.ac.at\/wp-content\/uploads\/2025\/02\/DirtyPink_RGB-web-848x1200.jpg 848w, https:\/\/kkp.uni-ak.ac.at\/wp-content\/uploads\/2025\/02\/DirtyPink_RGB-web-212x300.jpg 212w, https:\/\/kkp.uni-ak.ac.at\/wp-content\/uploads\/2025\/02\/DirtyPink_RGB-web-768x1087.jpg 768w, https:\/\/kkp.uni-ak.ac.at\/wp-content\/uploads\/2025\/02\/DirtyPink_RGB-web-1085x1536.jpg 1085w, https:\/\/kkp.uni-ak.ac.at\/wp-content\/uploads\/2025\/02\/DirtyPink_RGB-web-1447x2048.jpg 1447w, https:\/\/kkp.uni-ak.ac.at\/wp-content\/uploads\/2025\/02\/DirtyPink_RGB-web-scaled.jpg 1808w\" sizes=\"auto, (max-width: 706px) 89vw, (max-width: 767px) 82vw, 740px\" \/><\/figure>\n<\/div>\n\n\n\n<div class=\"wp-block-column is-layout-flow wp-block-column-is-layout-flow\"><\/div>\n<\/div>\n\n\n\n<h2 class=\"wp-block-heading\"><a href=\"https:\/\/kkp.uni-ak.ac.at\/en\/dirty-pink-waters-of-collectivity-annette-krauss-unlearning-routines-of-the-impossible-booklaunch-and-gathering-with-casco-art-institute-working-for-the-commons-utrech\/\">Unlearning Routines of the Impossible<\/a><\/h2>\n\n\n\n<p><em>by Annette Krauss<\/em><br><em>with Casco Art Institute: Working for the Commons (Aline Hernandez and Marianna Takou)<\/em><\/p>\n\n\n\n<p><strong>BOOKLAUNCH AND GATHERING<\/strong><br>6. M\u00e4rz 2025, 18:00 &#8211; 20:00<\/p>\n\n\n\n<h2 class=\"wp-block-heading\"><a href=\"https:\/\/kkp.uni-ak.ac.at\/en\/film-documentary-as-a-form-of-storytelling-dokumentarfilm-als-storytellingformat\/\" data-type=\"link\" data-id=\"https:\/\/kkp.uni-ak.ac.at\/film-documentary-as-a-form-of-storytelling-dokumentarfilm-als-storytellingformat\/\" target=\"_blank\" rel=\"noreferrer noopener\">Film documentary as a form of storytelling<\/a><\/h2>\n\n\n\n<p><em>lecture by Mwita MATARO<\/em><br>organised in cooperation with The STIR lecture series by the Diversity Office <strong><strong><br><br><\/strong>LECTURE &amp; DISCUSSION<\/strong><br>Monday 10 March 18:00 <br>Lecture&nbsp;EN&nbsp;| Q&amp;A DE-EN | OKP HS1 + Zoom<\/p>\n\n\n\n<h2 class=\"wp-block-heading\"><a href=\"https:\/\/kkp.uni-ak.ac.at\/en\/dirty-pink-waters-of-collectivity-filmvorfuehrung-und-gespraech-mit-jannik-franzen\/\">Filmvorf\u00fchrung und Gespr\u00e4ch mit Jannik Franzen<\/a><\/h2>\n\n\n\n<p><em>in collaboration with Jo Schmeiser<\/em><\/p>\n\n\n\n<p><strong>FILMSCREENING<\/strong><br>28. March 2025<\/p>\n\n\n\n<p>\u201eK\u00f6rper formen\u201c, 10 Min., 2018<br>\u201eWien \u2013 Liberec\u201c, 20 Min., 2019<br>\u201eBewegungsdauerpr\u00e4parate\u201c, 17 Min., 2024<\/p>\n\n\n\n<h2 class=\"wp-block-heading\"><a href=\"https:\/\/kkp.uni-ak.ac.at\/en\/key-operators-weben-und-coding-als-mittel-feministischer-geschichtsschreibung-key-operators-weaving-and-coding-as-languages-of-feminist-historiography\/\" data-type=\"link\" data-id=\"https:\/\/kkp.uni-ak.ac.at\/key-operators-weben-und-coding-als-mittel-feministischer-geschichtsschreibung-key-operators-weaving-and-coding-as-languages-of-feminist-historiography\/\" target=\"_blank\" rel=\"noreferrer noopener\">Key Operators. Weben und Coding als Mittel feministischer Geschichtsschreibung<\/a><\/h2>\n\n\n\n<p><em>by Gloria Hasnay &amp; Katrin Mayer<br>in collaboration with Johannes Porsch and Expanded Museum Studies, o.Prof.in Julienne Lorz<\/em><\/p>\n\n\n\n<p><strong>WORKSHOP<\/strong><br>07.04.2025, SR 09<br>08.04.2025, SR 10\u2028 <br>14:15 \u2013 18:45 Uhr<br>Universit\u00e4t f\u00fcr angewandte Kunst<br>OKPV*,  1. OG<\/p>\n\n\n\n<h2 class=\"wp-block-heading\"><a href=\"https:\/\/kkp.uni-ak.ac.at\/en\/abdrift-ins-autoritaere-oder-kunsthochschulen-als-orte-der-kritik-facing-the-authoritarian-drift-art-schools-as-sites-of-critique\/\" data-type=\"link\" data-id=\"https:\/\/kkp.uni-ak.ac.at\/abdrift-ins-autoritaere-oder-kunsthochschulen-als-orte-der-kritik-facing-the-authoritarian-drift-art-schools-as-sites-of-critique\/\" target=\"_blank\" rel=\"noreferrer noopener\">A Common State. Potential Conversation (2012)<\/a><\/h2>\n\n\n\n<p>by Eyal Sivan<br>guests: Rose-Anne Gush and Helmut Krieger<br>in collaboration with Movie Night #23 and part oft he event series \u201eFacing the Authorian Drift: Art Schools as Sites of Critique\u201c<\/p>\n\n\n\n<p><strong>FILMSCREENING AND DISCUSSION<\/strong><br>29.04.2025, 19:00<br>Abteilung Angewandte Fotografie<br>OKP \u2013 Schwanzer Trakt<br>4. Stock \u2013 Stiege 2<\/p>\n\n\n\n<h2 class=\"wp-block-heading\"><a href=\"https:\/\/kkp.uni-ak.ac.at\/en\/dirty-pink-waters-of-collectivity-poetically-messy-storytelling-and-mistranslations-2\/\">Poetically Messy \u2013 Storytelling and Mistranslations<\/a><\/h2>\n\n\n\n<p><em>with Anna T.&nbsp; and Sofia Bempeza (she-dandy)<\/em><\/p>\n\n\n\n<p><strong>READINGS<\/strong> <br>THU, May 15th, 6 pm<br>Universit\u00e4t f\u00fcr angewandte Kunst<br>Vordere Zollamtstra\u00dfe 7, 1030 Wien<br>FLUX 2, 2nd floor<\/p>\n\n\n\n<p><\/p>\n\n\n\n<h2 class=\"wp-block-heading has-text-align-left\"><strong>WINTER SEMESTER 2024\/25<\/strong><\/h2>\n\n\n\n<p><\/p>\n\n\n\n<div class=\"wp-block-columns is-layout-flex wp-container-core-columns-is-layout-9d6595d7 wp-block-columns-is-layout-flex\">\n<div class=\"wp-block-column is-layout-flow wp-block-column-is-layout-flow\">\n<figure class=\"wp-block-image size-large\"><img loading=\"lazy\" decoding=\"async\" width=\"848\" height=\"1200\" src=\"https:\/\/kkp.uni-ak.ac.at\/wp-content\/uploads\/2024\/11\/DirtyPinkWatersRGB_WEB-848x1200.png\" alt=\"\" class=\"wp-image-2495\" srcset=\"https:\/\/kkp.uni-ak.ac.at\/wp-content\/uploads\/2024\/11\/DirtyPinkWatersRGB_WEB-848x1200.png 848w, https:\/\/kkp.uni-ak.ac.at\/wp-content\/uploads\/2024\/11\/DirtyPinkWatersRGB_WEB-212x300.png 212w, https:\/\/kkp.uni-ak.ac.at\/wp-content\/uploads\/2024\/11\/DirtyPinkWatersRGB_WEB-768x1087.png 768w, https:\/\/kkp.uni-ak.ac.at\/wp-content\/uploads\/2024\/11\/DirtyPinkWatersRGB_WEB-1085x1536.png 1085w, https:\/\/kkp.uni-ak.ac.at\/wp-content\/uploads\/2024\/11\/DirtyPinkWatersRGB_WEB-1446x2048.png 1446w\" sizes=\"auto, (max-width: 706px) 89vw, (max-width: 767px) 82vw, 740px\" \/><\/figure>\n<\/div>\n\n\n\n<div class=\"wp-block-column is-layout-flow wp-block-column-is-layout-flow\"><\/div>\n<\/div>\n\n\n\n<h2 class=\"wp-block-heading\"><a href=\"https:\/\/kkp.uni-ak.ac.at\/en\/dirty-pink-waters-of-collectivity-jojo-gronostay-dead-white-mens-clothes-and-other-stories\/\">Dead White Men&#8217;s Clothes and Other Stories<\/a><\/h2>\n\n\n\n<p><em>by Jojo Gronostay<br>in collaboration with STIR*<\/em><\/p>\n\n\n\n<p><strong>LECTURE<\/strong><br>28.10. 2024, 18:00 &#8211; 20:00<strong><br><\/strong>OKP 2, H\u00f6rsaal 1<br>6-8 pm<\/p>\n\n\n\n<h2 class=\"wp-block-heading\"><a href=\"https:\/\/kkp.uni-ak.ac.at\/en\/dirty-pink-waters-of-collectivity-eva-weinmayr-an-intersectional-feminist-approach-to-publishing-its-not-only-about-what-i-share-but-how-i-share-it\/\">\u201cAn intersectional feminist approach to publishing \u2013\u2013 It&#8217;s not only about what I share, but how I share it\u201d<\/a><\/h2>\n\n\n\n<p><em>by Eva Weinmayr<br>in collaboration with STIR* and and Zentrum Fokus Forschung<\/em><\/p>\n\n\n\n<p><strong>LECTURE<\/strong><br>Nov 13th, 19:00- 21:00 <br>Universit\u00e4t f\u00fcr angewandte Kunst<br>Vordere Zollamtstra\u00dfe 7<br>SR21<\/p>\n\n\n\n<h2 class=\"wp-block-heading\"><a href=\"https:\/\/kkp.uni-ak.ac.at\/en\/dirty-pink-waters-of-collectivity-the-repeat-beat-workshop-as-part-of-the-poetry-intuition-festival-by-hint\/\">The Repeat Beat<\/a><\/h2>\n\n\n\n<p><em>with Craig Charles<br>as part of the Poetry Intuition Festival by HINT Verein Wien<\/em><\/p>\n\n\n\n<p><strong>WORKSHOP \/ POETRY FESTIVAL<\/strong><br>Nov 21st, 10:00 &#8211; 12:30<br>Universit\u00e4t f\u00fcr angewandte Kunst<br>Vordere Zollamtstra\u00dfe 7, 1030 Wien<br>FLUX 2, 2nd floor<br><\/p>\n\n\n\n<h2 class=\"wp-block-heading\"><a href=\"https:\/\/kkp.uni-ak.ac.at\/en\/dirty-pink-waters-of-collectivity-heidrun-holzfeind-ein-oktopus-hat-den-mond-zerstoert\/\">Ein Oktopus hat den Mond zerst\u00f6rt<\/a><\/h2>\n\n\n\n<p><em>with Heidrun Holzfeind (director)<br><\/em><em>in collaboration with FOCUS ON<\/em><\/p>\n\n\n\n<p><strong>FILMSCREENING AND DISCUSSION<\/strong><br>Nov 22nd, 11:00 &#8211; 14:30<br>Universit\u00e4t f\u00fcr angewandte Kunst<br>Vordere Zollamtstra\u00dfe 7, 1030 Wien<br>Seminarraum 24 (EG)<\/p>\n\n\n\n<h2 class=\"wp-block-heading\"><a href=\"https:\/\/kkp.uni-ak.ac.at\/en\/dirty-pink-waters-of-collectivity-poetically-messy-storytelling-and-mistranslations\/\">Ecologies of Making Worlds<\/a><\/h2>\n\n\n\n<p><em>by Arazi Collective<br>in collaboration with Transcultural Studies<\/em><\/p>\n\n\n\n<p><strong>LECTURES, &amp; WORKSHOP<\/strong><br>November 28 and 29, 2024<\/p>\n\n\n\n<p><strong>EXHIBITION<\/strong><br>Opening: 28. November at 19:00 in R306, VZA 7<br>Exhibition hours 14:00-18:00<br><br>University of Fine Arts<br>Schillerplatz 3, 1010 Wien<br>R\u00e4ume M20 und M13a<br><strong>and<\/strong><br>University of Applied Arts Vienna<br>Vordere Zollamtstrasse 7<br>1030 Vienna, Room 306<\/p>\n\n\n\n<p><a href=\"https:\/\/kkp.uni-ak.ac.at\/wp-content\/uploads\/2024\/11\/Ecologies-of-Making-Worlds_FINAL-program.pdf\" target=\"_blank\" rel=\"noreferrer noopener\"><strong>Download program (PDF)<\/strong><\/a><\/p>\n\n\n\n<h2 class=\"wp-block-heading\"><a href=\"https:\/\/kkp.uni-ak.ac.at\/en\/event-museum-der-migration-_-ewige-anfaenge-_-stories-repeating\/\" data-type=\"link\" data-id=\"https:\/\/kkp.uni-ak.ac.at\/event-museum-der-migration-_-ewige-anfaenge-_-stories-repeating\/\" target=\"_blank\" rel=\"noreferrer noopener\">Nourishing our Multiple Selves<\/a><\/h2>\n\n\n\n<p><em>part of the seminar &#8222;Museum der Migration _ Ewige Anf\u00e4nge _ Stories Repeating&#8220;<\/em><br><em>held by the MUSMIG collective and Sofia Bempeza<\/em><\/p>\n\n\n\n<p><strong>COLLECTIVE EXPERIMENT<\/strong><br>Volkskundemuseum<br>Otto-Wagner-Areal<br>Baumgartner H\u00f6he 1<br>1140 Wien<\/p>\n\n\n\n<p><strong>COLLECTIVE PLANTING<\/strong><br>5pm<\/p>\n\n\n\n<p><strong>WRITING WORKSHOP<\/strong><br>5.30-7pm<\/p>\n\n\n\n<p><strong>COLLECTIVE COOKING<\/strong><br>5:30 &#8211; 7pm<\/p>\n\n\n\n<p><strong>DINNER<\/strong><br>From 7pm<\/p>\n\n\n\n<hr class=\"wp-block-separator has-alpha-channel-opacity\"\/>","protected":false},"excerpt":{"rendered":"<p>KKP TALK und WORKSHOP Reihe \u00fcber intersektionale Kunstp\u00e4dagogik Die Reihe befasst sich mit Fragen der Kollektivit\u00e4t in Kunst und Bildung, die intersektionale und post-migrantische Positionen verst\u00e4rken. Kunstp\u00e4dagogik wird weltbildend, wenn sie Beziehungsf\u00e4higkeit (Relationalit\u00e4t), Ent-\u00fcben und Nicht-Wissen in die Praxis umsetzt. Sie schafft Raum f\u00fcr widerspr\u00fcchliche, ineinandergreifende und flie\u00dfende Identit\u00e4ten und f\u00fcr die Verschmutzung der dominanten &hellip; <\/p>\n<p class=\"link-more\"><a href=\"https:\/\/kkp.uni-ak.ac.at\/en\/dirty-pink-waters-of-collectivity\/\" class=\"more-link\">Continue reading<span class=\"screen-reader-text\"> &#8222;DIRTY PINK WATERS OF COLLECTIVITY&#8220;<\/span><\/a><\/p>","protected":false},"author":1,"featured_media":0,"parent":0,"menu_order":0,"comment_status":"closed","ping_status":"closed","template":"","meta":{"inline_featured_image":false,"footnotes":""},"class_list":["post-2392","page","type-page","status-publish","hentry"],"_links":{"self":[{"href":"https:\/\/kkp.uni-ak.ac.at\/en\/wp-json\/wp\/v2\/pages\/2392","targetHints":{"allow":["GET"]}}],"collection":[{"href":"https:\/\/kkp.uni-ak.ac.at\/en\/wp-json\/wp\/v2\/pages"}],"about":[{"href":"https:\/\/kkp.uni-ak.ac.at\/en\/wp-json\/wp\/v2\/types\/page"}],"author":[{"embeddable":true,"href":"https:\/\/kkp.uni-ak.ac.at\/en\/wp-json\/wp\/v2\/users\/1"}],"replies":[{"embeddable":true,"href":"https:\/\/kkp.uni-ak.ac.at\/en\/wp-json\/wp\/v2\/comments?post=2392"}],"version-history":[{"count":269,"href":"https:\/\/kkp.uni-ak.ac.at\/en\/wp-json\/wp\/v2\/pages\/2392\/revisions"}],"predecessor-version":[{"id":4618,"href":"https:\/\/kkp.uni-ak.ac.at\/en\/wp-json\/wp\/v2\/pages\/2392\/revisions\/4618"}],"wp:attachment":[{"href":"https:\/\/kkp.uni-ak.ac.at\/en\/wp-json\/wp\/v2\/media?parent=2392"}],"curies":[{"name":"wp","href":"https:\/\/api.w.org\/{rel}","templated":true}]}}