{"id":2204,"date":"2026-03-18T16:18:20","date_gmt":"2026-03-18T16:18:20","guid":{"rendered":"https:\/\/kkp.uni-ak.ac.at\/?page_id=2204"},"modified":"2026-03-18T16:18:20","modified_gmt":"2026-03-18T16:18:20","slug":"termine","status":"publish","type":"page","link":"https:\/\/kkp.uni-ak.ac.at\/en\/termine\/","title":{"rendered":"TERMINE"},"content":{"rendered":"<p><strong>Welcome to new students \/ breakfast<\/strong><\/p>\n\n\n\n<p>DI 03 M\u00c4R 26 10:00-12:00 \u2013 VZA7 | 2OG | FLUX 2<\/p>\n\n\n\n<p><strong>KKP FORUM<\/strong><\/p>\n\n\n\n<p>23.3.2026 \u2013 13:15 bis 16:45 | Flux1 (VZA, 3.OG) \u2192&nbsp;Gruppe Strecker &amp; Scheffknecht<br>13.4.2026 \u2013 13:00 bis 17:00 | Flux1 (VZA, 3.OG) \u2192&nbsp;Gruppe Denzer &amp; Schmeiser<br>27.4.2026 \u2013 13:00 bis 17:00 | Flux1 (VZA, 3.OG) \u2192&nbsp;Gruppe Mz* Baltazar &amp; Zeber<br>11.5.2026 \u2013 13:00 bis 17:00 | Flux1 (VZA, 3.OG) \u2192&nbsp;Gruppe Hamzao\u011flu &amp; Strutz &amp; Sturmlechner<br>1.6.2026 \u2013 13:00 bis 17:00 | Flux1 (VZA, 3.OG) \u2192&nbsp;Gruppe Miltner &amp; MUSMIG<br>15.6.2026 \u2013 13:00 bis 17:00 | Flux1 (VZA, 3.OG) \u2192&nbsp;Gruppe Krauss\/Bempeza &amp; Skhirtladze<br>22.6.2026 \u2013 13:00 bis 17:00 | Seminarraum 20 (VZA, 5.OG) \u2192&nbsp;Gruppe Schilling &amp; Gansterer<\/p>\n\n\n\n<p><strong>TEATIME zu BA &amp; MA komm. Pr\u00fcfung<\/strong><\/p>\n\n\n\n<p>DI 03 M\u00c4R 26 14:00-15:00 \u2013 VZA7 | 2OG | FLUX 2<\/p>\n\n\n\n<p><strong>PORTFOLIO (ohne Anmeldung)<\/strong><\/p>\n\n\n\n<p>DI 03 M\u00c4R 26 16:00 \u2013 VZA7 | 3OG | GALERIE<\/p>\n\n\n\n<p>DI 10 M\u00c4R 26 16:00 \u2013 VZA7 | 3OG | GALERIE<\/p>\n\n\n\n<p><strong>BA &amp; MA KOMMISSIONELLE PR\u00dcFUNGEN<\/strong><\/p>\n\n\n\n<p>MI 04 &amp; DO 05 M\u00c4R 26 \u2013 VZA7 | 2OG | FLUX 2<\/p>\n\n\n\n<p>MI 15 &amp; DO 16 APR 26 \u2013 VZA7 | 2OG | FLUX 2<\/p>\n\n\n\n<p>MI 24 &amp; DO 25 JUN 26 \u2013 VZA7 | 4OG | SR21<br><br><strong>PORTFOLIO zur komm. BA PR\u00dcFUNG<\/strong><br>MO 02 M\u00c4R 26 1600 VZA7 | 3OG | GALERIE<\/p>\n\n\n\n<p>MO 13 APR 26 1600 VZA7 | 3OG | GALERIE<\/p>\n\n\n\n<p>MO 22 JUN 26 1600 VZA7 | 3OG | GALERIE<br><br><strong>K\u00dcNSTLERISCHE GRUNDLAGEN PR\u00c4SENTATIONEN<\/strong><\/p>\n\n\n\n<p>FR 06 M\u00c4R 26 (KGL Termin 2)<\/p>\n\n\n\n<p><strong>OPEN HOUSE<\/strong><br><br>DI 10 NOV 26<br><br><strong>Festival &amp; AAA SOMMER 26<\/strong><br><br>MI 01 \u2013 SA 04 JUL 26<\/p>","protected":false},"excerpt":{"rendered":"<p>Begr\u00fc\u00dfung der neuen Studierenden im Lehramtsstudium \/ Semesterfr\u00fchst\u00fcck DI 03 M\u00c4R 26 10:00-12:00 \u2013 VZA7 | 2OG | FLUX 2 KKP FORUM 23.3.2026 \u2013 13:15 bis 16:45 | Flux1 (VZA, 3.OG) \u2192&nbsp;Gruppe Strecker &amp; Scheffknecht13.4.2026 \u2013 13:00 bis 17:00 | Flux1 (VZA, 3.OG) \u2192&nbsp;Gruppe Denzer &amp; Schmeiser27.4.2026 \u2013 13:00 bis 17:00 | Flux1 (VZA, 3.OG) &hellip; <\/p>\n<p class=\"link-more\"><a href=\"https:\/\/kkp.uni-ak.ac.at\/en\/termine\/\" class=\"more-link\">Continue reading<span class=\"screen-reader-text\"> &#8222;TERMINE&#8220;<\/span><\/a><\/p>","protected":false},"author":1,"featured_media":0,"parent":0,"menu_order":0,"comment_status":"closed","ping_status":"closed","template":"","meta":{"inline_featured_image":false,"footnotes":""},"class_list":["post-2204","page","type-page","status-publish","hentry"],"_links":{"self":[{"href":"https:\/\/kkp.uni-ak.ac.at\/en\/wp-json\/wp\/v2\/pages\/2204","targetHints":{"allow":["GET"]}}],"collection":[{"href":"https:\/\/kkp.uni-ak.ac.at\/en\/wp-json\/wp\/v2\/pages"}],"about":[{"href":"https:\/\/kkp.uni-ak.ac.at\/en\/wp-json\/wp\/v2\/types\/page"}],"author":[{"embeddable":true,"href":"https:\/\/kkp.uni-ak.ac.at\/en\/wp-json\/wp\/v2\/users\/1"}],"replies":[{"embeddable":true,"href":"https:\/\/kkp.uni-ak.ac.at\/en\/wp-json\/wp\/v2\/comments?post=2204"}],"version-history":[{"count":2,"href":"https:\/\/kkp.uni-ak.ac.at\/en\/wp-json\/wp\/v2\/pages\/2204\/revisions"}],"predecessor-version":[{"id":3309,"href":"https:\/\/kkp.uni-ak.ac.at\/en\/wp-json\/wp\/v2\/pages\/2204\/revisions\/3309"}],"wp:attachment":[{"href":"https:\/\/kkp.uni-ak.ac.at\/en\/wp-json\/wp\/v2\/media?parent=2204"}],"curies":[{"name":"wp","href":"https:\/\/api.w.org\/{rel}","templated":true}]}}