{"id":194,"date":"2021-10-25T09:00:34","date_gmt":"2021-10-25T09:00:34","guid":{"rendered":"https:\/\/kkp.uni-ak.ac.at\/?page_id=194"},"modified":"2021-10-31T00:00:35","modified_gmt":"2021-10-31T00:00:35","slug":"impressum","status":"publish","type":"page","link":"https:\/\/kkp.uni-ak.ac.at\/en\/impressum\/","title":{"rendered":"Impressum"},"content":{"rendered":"<p><meta http-equiv=\"content-type\" content=\"text\/html; charset=utf-8\">Das Copyright liegt bei der Universit\u00e4t f\u00fcr angewandte Kunst Wien bzw. den jeweiligen Autor_innen und K\u00fcnstler_innen. Die Erstellung, die Verwendung und die nicht kommerzielle Weitergabe von Kopien in elektronischer oder ausgedruckter Form sind erlaubt, wenn der Inhalt unver\u00e4ndert bleibt und die Quelle angegeben wird (Kunst und kommunikative Praxis, Universit\u00e4t f\u00fcr angewandte Kunst Wien).<\/p>","protected":false},"excerpt":{"rendered":"<p>Das Copyright liegt bei der Universit\u00e4t f\u00fcr angewandte Kunst Wien bzw. den jeweiligen Autor_innen und K\u00fcnstler_innen. Die Erstellung, die Verwendung und die nicht kommerzielle Weitergabe von Kopien in elektronischer oder ausgedruckter Form sind erlaubt, wenn der Inhalt unver\u00e4ndert bleibt und die Quelle angegeben wird (Kunst und kommunikative Praxis, Universit\u00e4t f\u00fcr angewandte Kunst Wien).<\/p>","protected":false},"author":1,"featured_media":0,"parent":0,"menu_order":0,"comment_status":"closed","ping_status":"closed","template":"","meta":{"inline_featured_image":false,"footnotes":""},"class_list":["post-194","page","type-page","status-publish","hentry"],"_links":{"self":[{"href":"https:\/\/kkp.uni-ak.ac.at\/en\/wp-json\/wp\/v2\/pages\/194","targetHints":{"allow":["GET"]}}],"collection":[{"href":"https:\/\/kkp.uni-ak.ac.at\/en\/wp-json\/wp\/v2\/pages"}],"about":[{"href":"https:\/\/kkp.uni-ak.ac.at\/en\/wp-json\/wp\/v2\/types\/page"}],"author":[{"embeddable":true,"href":"https:\/\/kkp.uni-ak.ac.at\/en\/wp-json\/wp\/v2\/users\/1"}],"replies":[{"embeddable":true,"href":"https:\/\/kkp.uni-ak.ac.at\/en\/wp-json\/wp\/v2\/comments?post=194"}],"version-history":[{"count":2,"href":"https:\/\/kkp.uni-ak.ac.at\/en\/wp-json\/wp\/v2\/pages\/194\/revisions"}],"predecessor-version":[{"id":653,"href":"https:\/\/kkp.uni-ak.ac.at\/en\/wp-json\/wp\/v2\/pages\/194\/revisions\/653"}],"wp:attachment":[{"href":"https:\/\/kkp.uni-ak.ac.at\/en\/wp-json\/wp\/v2\/media?parent=194"}],"curies":[{"name":"wp","href":"https:\/\/api.w.org\/{rel}","templated":true}]}}