{"id":1251,"date":"2021-11-01T18:46:15","date_gmt":"2021-11-01T18:46:15","guid":{"rendered":"https:\/\/kkp.uni-ak.ac.at\/?page_id=1251"},"modified":"2026-03-31T11:03:58","modified_gmt":"2026-03-31T11:03:58","slug":"zulassung-zum-studium","status":"publish","type":"page","link":"https:\/\/kkp.uni-ak.ac.at\/en\/zulassung-zum-studium\/","title":{"rendered":"Admission"},"content":{"rendered":"<p><strong>ABLAUF DER ZULASSUNGSPR\u00dcFUNG 2026<\/strong><br>K\u00fcnstlerisches Lehramt (BA &amp; MA) f\u00fcr das Studienjahr 2026\/27<\/p>\n\n\n\n<p><strong>1. PR\u00dcFUNGSTEIL<\/strong>&nbsp;<\/p>\n\n\n\n<p><strong>(1)&nbsp;<\/strong>Anmeldung \/ Registrierung ab 08 JAN 26 (13:00 Wiener Zeit) bis 22 JAN 26 (13:00 Wiener Zeit) \u00fcber Link der Universit\u00e4t (https:\/\/application.uni-ak.ac.at). Nach Abschluss Ihrer Registrierung erhalten Sie ein Best\u00e4tigungsmail von der Universit\u00e4t mit Ihrer Registrierungsnummer (ID) und den Zugangsdaten f\u00fcr den Upload Ihrer Unterlagen:<\/p>\n\n\n\n<ul class=\"wp-block-list\">\n<li>ein Portfolio inklusive Lebenslauf (PDF; Benennung: Registrierungsnummer_NACHNAME_Vorname.pdf)<\/li>\n\n\n\n<li>Link zum Motivationsvideo* (diesen Link schreiben Sie bitte auf die erste Seite Ihres Portfolio-PDFs und bitte auch in das Feld \u201eBeschreibung\u201c)<\/li>\n<\/ul>\n\n\n\n<p><strong>Das Portfolio (PDF)<\/strong>&nbsp;soll Ihre gestalterischen F\u00e4higkeiten und Ihren Zugang zu verschiedenen Themen und Fragestellungen zeigen. Uns interessieren dabei Ihre forschende Neugier bzgl. Ihr Anwender*innenverhalten, Ihr Ideenreichtum bei der L\u00f6sungssuche, Ihr technisches Verst\u00e4ndnis, sowie Ihre \u00e4sthetische Sensibilit\u00e4t bei der Umsetzung in eine Form. Wir sehen gerne Arbeitstageb\u00fccher, Arbeitshefte, Modelle, sonstige Formen von Prozessveranschaulichungen, die einen Gestaltungsprozess dokumentieren (von der Untersuchung der Aufgabenstellung \u00fcber Ideenskizzen bis zu L\u00f6sungskonzepten), diese m\u00fcssen nicht \u201esch\u00f6n\u201c ausgef\u00fchrt sein, vielmehr sind wir an der Qualit\u00e4t des Inhaltes interessiert.<\/p>\n\n\n\n<p>Ihr Portfolio enth\u00e4lt ausgew\u00e4hlte Ausz\u00fcge Ihrer Arbeiten, die gegebenenfalls auch durch Text erg\u00e4nzt werden k\u00f6nnen. Gr\u00f6\u00dfe und Umfang des Portfolios ist Ihnen \u00fcberlassen. Sie k\u00f6nnen sich f\u00fcr DEX und KKP mit einem (gemeinsamen) Portfolio sowie einem Motivationsvideo bewerben.<\/p>\n\n\n\n<p><strong>(2)&nbsp;<\/strong>Kontaktaufnahme durch das Sekretariat&nbsp;(<a href=\"mailto:alexandra.frank@uni-ak.ac.at\">alexandra.frank@uni-ak.ac.at<\/a>) mit allen Bewerber*innen bis 30 JAN 26 per Mail mit folgendem Inhalt:<\/p>\n\n\n\n<ul class=\"wp-block-list\">\n<li>Ab- oder Zusage zu Teil 2 der Pr\u00fcfung<\/li>\n\n\n\n<li>bei Zusage, \u00dcbermittlung des Interviewtermins zwischen 25-26 FEB 26 und allg. Informationen zum Pr\u00fcfungsablauf.<\/li>\n<\/ul>\n\n\n\n<p><strong>2. PR\u00dcFUNGSTEIL<\/strong>&nbsp;<strong>2<\/strong><\/p>\n\n\n\n<p><strong>(3)<\/strong>&nbsp;23 FEB 26 \u2022 10:00 Uhr Begr\u00fc\u00dfung, Informationen zum Pr\u00fcfungsablauf und Vorstellung der k\u00fcnstlerischen Pr\u00fcfungsaufgabe \u2022 11:00-12:30 Uhr Kunstwissenschaftliche Pr\u00fcfung \u2022 13:30-15:00 Uhr Fachdidaktische Pr\u00fcfung \u2022 ab 15:00 Uhr Arbeit an der k\u00fcnstlerischen Pr\u00fcfungsaufgabe (Abgabe bis 25 FEB 26, 12:00 Uhr)<\/p>\n\n\n\n<p><strong>(4)<\/strong>&nbsp;25-26 FEB 26 Interview an der Angewandten (zum vereinbarten Zeitpunkt). Bitte bringen Sie zu Ihrem Interviewtermin Ihr Portfolio und ev. kleinere Arbeiten mit.<\/p>\n\n\n\n<p><strong>(5)<\/strong>&nbsp;Bekanntgabe der Pr\u00fcfungsergebnisse bis sp\u00e4testens 04 M\u00c4R 26 durch das Sekretariat (<a href=\"mailto:alexandra.frank@uni-ak.ac.at\">alexandra.frank@uni-ak.ac.at<\/a>)<\/p>\n\n\n\n<p><strong>!!! ACHTUNG F\u00fcr die Lehramtsstudien wird B2 Niveau Deutsch vorausgesetzt. Der Nachweis ist zur Immatrikulation der Studienabteilung vorzulegen (allerdings wird f\u00fcr das Lehramt an der Universit\u00e4t Wien C1 verlangt)!<\/strong><\/p>\n\n\n\n<p><strong>F\u00fcr alle relevanten Termine und allgemeinen Informationen siehe auch:&nbsp;<\/strong><a href=\"https:\/\/dieangewandte.at\/eintritt\">https:\/\/dieangewandte.at\/eintritt<\/a><\/p>\n\n\n\n<p><\/p>\n\n\n\n<p><strong>Termine Portfolio Beratungsgespr\u00e4ch:&nbsp;04 NOV 25 <\/strong>(OPEN HOUSE, 10.00 Uhr&nbsp;&amp;&nbsp;16.00 Uhr&nbsp;&nbsp;Mappengespr\u00e4che&nbsp;mit Lehrenden&nbsp;des Lehramts\/dex&nbsp;und&nbsp;kkp&nbsp;(Vordere Zollamtsstrasse 7, 3. OG, Raum&nbsp;306), <strong>09 DEZ 25 <\/strong>&amp; <strong>07 JAN 26 <\/strong>(Uhrzeit und Ort\/Raum werden noch bekanntgegeben. Findet als Gruppentermin statt \u2013 offenes Format, an dem alle Interessierten zwecks Information und Beratung gemeinsam teilnehmen k\u00f6nnen. Anmeldung bis 01 DEZ 25 unter: kkp@uni-ak.ac.at).<\/p>\n\n\n\n<p>* Motivationsvideo: Das Motivationsvideo sollte ca. 3 Minuten lang sein. Sie stellen sich darin vor. Dabei geht es nicht darum, dass Sie die Inhalte Ihres Portfolios nacherz\u00e4hlen. Die Form des Videos ist ganz Ihnen \u00fcberlassen! Es soll dazu beitragen, Ihre Person in diesem kurzen Format bestm\u00f6glich kennenzulernen.<\/p>\n\n\n\n<p>(\u00c4nderungen vorbehalten, zuletzt aktualisiert am: 27 OKT 25 )<\/p>","protected":false},"excerpt":{"rendered":"<p>ABLAUF DER ZULASSUNGSPR\u00dcFUNG 2026K\u00fcnstlerisches Lehramt (BA &amp; MA) f\u00fcr das Studienjahr 2026\/27 1. PR\u00dcFUNGSTEIL&nbsp; (1)&nbsp;Anmeldung \/ Registrierung ab 08 JAN 26 (13:00 Wiener Zeit) bis 22 JAN 26 (13:00 Wiener Zeit) \u00fcber Link der Universit\u00e4t (https:\/\/application.uni-ak.ac.at). Nach Abschluss Ihrer Registrierung erhalten Sie ein Best\u00e4tigungsmail von der Universit\u00e4t mit Ihrer Registrierungsnummer (ID) und den Zugangsdaten f\u00fcr &hellip; <\/p>\n<p class=\"link-more\"><a href=\"https:\/\/kkp.uni-ak.ac.at\/en\/zulassung-zum-studium\/\" class=\"more-link\">Continue reading<span class=\"screen-reader-text\"> &#8222;Zulassung&#8220;<\/span><\/a><\/p>","protected":false},"author":1,"featured_media":0,"parent":0,"menu_order":0,"comment_status":"closed","ping_status":"closed","template":"","meta":{"inline_featured_image":false,"footnotes":""},"class_list":["post-1251","page","type-page","status-publish","hentry"],"_links":{"self":[{"href":"https:\/\/kkp.uni-ak.ac.at\/en\/wp-json\/wp\/v2\/pages\/1251","targetHints":{"allow":["GET"]}}],"collection":[{"href":"https:\/\/kkp.uni-ak.ac.at\/en\/wp-json\/wp\/v2\/pages"}],"about":[{"href":"https:\/\/kkp.uni-ak.ac.at\/en\/wp-json\/wp\/v2\/types\/page"}],"author":[{"embeddable":true,"href":"https:\/\/kkp.uni-ak.ac.at\/en\/wp-json\/wp\/v2\/users\/1"}],"replies":[{"embeddable":true,"href":"https:\/\/kkp.uni-ak.ac.at\/en\/wp-json\/wp\/v2\/comments?post=1251"}],"version-history":[{"count":22,"href":"https:\/\/kkp.uni-ak.ac.at\/en\/wp-json\/wp\/v2\/pages\/1251\/revisions"}],"predecessor-version":[{"id":3434,"href":"https:\/\/kkp.uni-ak.ac.at\/en\/wp-json\/wp\/v2\/pages\/1251\/revisions\/3434"}],"wp:attachment":[{"href":"https:\/\/kkp.uni-ak.ac.at\/en\/wp-json\/wp\/v2\/media?parent=1251"}],"curies":[{"name":"wp","href":"https:\/\/api.w.org\/{rel}","templated":true}]}}